{"id":9236,"date":"2025-04-20T00:49:25","date_gmt":"2025-04-19T21:49:25","guid":{"rendered":"https:\/\/dualstudyabroad.co.uk\/?page_id=9236"},"modified":"2025-05-01T19:30:09","modified_gmt":"2025-05-01T16:30:09","slug":"sertifika","status":"publish","type":"page","link":"https:\/\/dualstudyabroad.co.uk\/en\/sertifika\/","title":{"rendered":"Sertifika"},"content":{"rendered":"<div data-elementor-type=\"wp-page\" data-elementor-id=\"9236\" class=\"elementor elementor-9236\" data-elementor-post-type=\"page\">\n\t\t\t\t<div class=\"elementor-element elementor-element-96007e4 e-flex e-con-boxed e-con e-parent\" data-id=\"96007e4\" data-element_type=\"container\" data-e-type=\"container\">\n\t\t\t\t\t<div class=\"e-con-inner\">\n\t\t\r\n\r\n\t\t<div class=\"elementor-element elementor-element-3b5ff43 elementor-widget elementor-widget-edurasectiontitle\" data-id=\"3b5ff43\" data-element_type=\"widget\" data-e-type=\"widget\" data-widget_type=\"edurasectiontitle.default\">\n\t\t\t\t<div class=\"elementor-widget-container\">\n\t\t\t\t\t<div class=\"title-area mb-25\" ><span class=\"sub-title subtitle-selector\">Dual Study Abroad<\/span><h2 class=\"sec-title title-selector\">Dual Study Abroad\u2019un Sertifika Programlar\u0131yla Dil \u00d6\u011freniminde Yeni Bir Boyut<\/h2><p class=\"desc-selector\">Dual Study Abroad\u2019un sundu\u011fu sertifika programlar\u0131, dil \u00f6\u011frenme s\u00fcrecini yaln\u0131zca s\u0131n\u0131f i\u00e7i teorik bilgiyle s\u0131n\u0131rlamaktan \u00e7ok daha fazlas\u0131n\u0131 vadeder. Bu programlar, \u00f6\u011frencilerin edindikleri bilgileri g\u00fcnl\u00fck ya\u015famda uygulama f\u0131rsat\u0131 bulmalar\u0131n\u0131 sa\u011flayarak \u00f6\u011frenme s\u00fcrecini hem daha etkili hem de kal\u0131c\u0131 hale getirir. Ger\u00e7ek ya\u015fam deneyimleriyle desteklenen bu e\u011fitim modeli, \u00f6zellikle dil \u00f6\u011freniminde pratik yapman\u0131n ne kadar \u00f6nemli oldu\u011funu bilenler i\u00e7in b\u00fcy\u00fck bir avantaj sunar.\n<br>\nProgram kapsam\u0131nda, yurt d\u0131\u015f\u0131ndaki sayg\u0131n ve akredite dil okullar\u0131yla yap\u0131lan i\u015f birlikleri sayesinde \u00f6\u011frenciler, d\u00fcnyan\u0131n farkl\u0131 b\u00f6lgelerinde kaliteli e\u011fitim alma imkan\u0131na sahip olurlar. Her biri kendi alan\u0131nda uzman e\u011fitmenlerle yap\u0131lan dersler, \u00f6\u011frencilerin dil yeterliliklerini hem s\u00f6zl\u00fc hem de yaz\u0131l\u0131 olarak geli\u015ftirirken, ayn\u0131 zamanda uluslararas\u0131 ge\u00e7erlili\u011fe sahip sertifikalarla ta\u00e7land\u0131r\u0131l\u0131r. Bu sertifikalar, akademik ve profesyonel hayatta \u00f6nemli bir referans olarak de\u011ferlendirilebilir.\n<br>\nDil e\u011fitiminin yan\u0131nda, \u00f6\u011frenciler farkl\u0131 \u00fclkelerde ya\u015famaya ba\u015flayarak o \u00fclkenin k\u00fclt\u00fcr\u00fcn\u00fc do\u011frudan deneyimleme f\u0131rsat\u0131 yakalar. Bu sayede sadece bir dili \u00f6\u011frenmekle kalmaz, ayn\u0131 zamanda k\u00fclt\u00fcrel farkl\u0131l\u0131klara kar\u015f\u0131 daha a\u00e7\u0131k fikirli ve anlay\u0131\u015fl\u0131 bireyler haline gelirler. Farkl\u0131 k\u00fclt\u00fcrel ortamlarda ya\u015famak ve ileti\u015fim kurmak, bireyin sosyal becerilerini geli\u015ftirirken, k\u00fcresel bak\u0131\u015f a\u00e7\u0131s\u0131n\u0131 da g\u00fc\u00e7lendirir.\n<br>\nDual Study Abroad\u2019un programlar\u0131, dil seviyesine g\u00f6re \u00f6zel olarak tasarlanm\u0131\u015ft\u0131r. Yeni ba\u015flayanlardan ileri d\u00fczey \u00f6\u011frencilere kadar her seviyeye uygun kurs se\u00e7enekleri sunulmakta, b\u00f6ylece her kat\u0131l\u0131mc\u0131 kendi ihtiyac\u0131na ve hedeflerine en uygun e\u011fitim plan\u0131n\u0131 olu\u015fturabilmektedir. Program s\u00fcresince \u00f6\u011frencilere sa\u011flanan dan\u0131\u015fmanl\u0131k hizmetleri, hem e\u011fitim s\u00fcrecinin sorunsuz ilerlemesini sa\u011flar hem de ya\u015fanabilecek olas\u0131 adaptasyon sorunlar\u0131na kar\u015f\u0131 destek sunar.\n<br>\nSonu\u00e7 olarak, Dual Study Abroad\u2019un sertifika programlar\u0131, dil \u00f6\u011frenimini sadece bir e\u011fitim s\u00fcreci olarak de\u011fil, ayn\u0131 zamanda ki\u015fisel geli\u015fimi ve k\u00fclt\u00fcrel zenginle\u015fmeyi destekleyen b\u00fct\u00fcnsel bir deneyim olarak sunar. Bu programlar sayesinde \u00f6\u011frenciler, sadece yeni bir dil \u00f6\u011frenmekle kalmaz, ayn\u0131 zamanda uluslararas\u0131 arenada kendilerine daha g\u00fc\u00e7l\u00fc bir yer edinirler.<\/p><\/div>\t\t\t\t<\/div>\n\t\t\t\t<\/div>\n\t\t\t\t\t<\/div>\n\t\t\t\t<\/div>\n\t\t<div class=\"elementor-element elementor-element-0eed899 e-flex e-con-boxed e-con e-parent\" data-id=\"0eed899\" data-element_type=\"container\" data-e-type=\"container\">\n\t\t\t\t\t<div class=\"e-con-inner\">\n\t\t\t\t<div class=\"elementor-element elementor-element-96fe2ac elementor-widget elementor-widget-html\" data-id=\"96fe2ac\" data-element_type=\"widget\" data-e-type=\"widget\" data-widget_type=\"html.default\">\n\t\t\t\t<div class=\"elementor-widget-container\">\n\t\t\t\t\t<style>\n    \/* Unique prefix dsa_ (Dual Study Abroad) to prevent CSS conflicts *\/\n    .dsa_countries-container {\n        font-family: 'Arial', sans-serif;\n        max-width: 1200px;\n        margin: 0 auto;\n        padding: 20px;\n        border-radius: 20px;\n    }\n\n    .dsa_header {\n        text-align: center;\n        margin-bottom: 25px;\n        \/* Reduced from 40px to 25px *\/\n        position: relative;\n        padding: 20px 0 10px;\n        \/* Reduced bottom padding from 20px to 10px *\/\n    }\n\n    .dsa_logo-container {\n        display: flex;\n        align-items: center;\n        justify-content: center;\n        margin-bottom: 25px;\n        position: relative;\n    }\n\n    .dsa_line {\n        height: 2px;\n        background: linear-gradient(to right, rgba(146, 37, 30, 0.1), rgba(146, 37, 30, 0.8));\n        flex-grow: 1;\n        max-width: 150px;\n    }\n\n    .dsa_line-right {\n        background: linear-gradient(to left, rgba(146, 37, 30, 0.1), rgba(146, 37, 30, 0.8));\n    }\n\n    .dsa_logo {\n        width: 50px;\n        height: 50px;\n        margin: 0 20px;\n        object-fit: contain;\n        filter: drop-shadow(0 2px 4px rgba(0, 0, 0, 0.1));\n    }\n\n    .dsa_title {\n        color: #183041;\n        font-size: 32px;\n        font-weight: 700;\n        margin-bottom: 15px;\n        position: relative;\n        display: inline-block;\n    }\n\n    .dsa_title::after {\n        content: '';\n        position: absolute;\n        bottom: -8px;\n        left: 50%;\n        transform: translateX(-50%);\n        width: 80px;\n        height: 3px;\n        background-color: #92251E;\n        border-radius: 3px;\n    }\n\n    .dsa_subtitle {\n        color: #555;\n        font-size: 18px;\n        margin-bottom: 20px;\n        \/* Reduced from 30px to 20px *\/\n        max-width: 700px;\n        margin-left: auto;\n        margin-right: auto;\n    }\n\n    .dsa_countries-grid {\n        display: grid;\n        grid-template-columns: repeat(5, 1fr);\n        grid-template-rows: repeat(2, 1fr);\n        gap: 25px;\n        padding: 5px 10px;\n        \/* Reduced top padding from 10px to 5px *\/\n    }\n\n    .dsa_country-card {\n        position: relative;\n        height: 220px;\n        border-radius: 15px;\n        overflow: hidden;\n        box-shadow: 0 8px 20px rgba(0, 0, 0, 0.15);\n        transition: transform 0.3s ease, box-shadow 0.3s ease;\n        cursor: pointer;\n        text-decoration: none;\n        display: block;\n    }\n\n    .dsa_country-card:hover {\n        transform: translateY(-7px);\n        box-shadow: 0 12px 25px rgba(0, 0, 0, 0.2);\n    }\n\n    .dsa_country-card:before {\n        content: '';\n        position: absolute;\n        top: 0;\n        left: 0;\n        width: 100%;\n        height: 100%;\n        background-color: #92251E;\n        opacity: 0;\n        transition: opacity 0.3s ease;\n        z-index: 1;\n    }\n\n    .dsa_country-card:hover:before {\n        opacity: 0.1;\n    }\n\n    .dsa_country-bg {\n        position: absolute;\n        top: 0;\n        left: 0;\n        width: 100%;\n        height: 100%;\n        background-size: cover;\n        background-position: center;\n        transition: transform 0.5s ease;\n    }\n\n    .dsa_country-card:hover .dsa_country-bg {\n        transform: scale(1.05);\n    }\n\n    .dsa_country-overlay {\n        position: absolute;\n        bottom: 0;\n        left: 0;\n        width: 100%;\n        background: linear-gradient(to top, rgba(24, 48, 65, 0.95), rgba(24, 48, 65, 0.7) 50%, transparent);\n        padding: 30px 20px 20px;\n        box-sizing: border-box;\n        z-index: 2;\n    }\n\n    .dsa_country-name {\n        color: white;\n        font-size: 20px;\n        font-weight: 600;\n        margin: 0;\n        text-shadow: 1px 1px 3px rgba(0, 0, 0, 0.5);\n        position: relative;\n        padding-bottom: 10px;\n    }\n\n    .dsa_country-name::after {\n        content: '';\n        position: absolute;\n        bottom: 0;\n        left: 0;\n        width: 40px;\n        height: 2px;\n        background-color: #fff;\n        border-radius: 1px;\n    }\n\n    .dsa_explore {\n        color: rgba(255, 255, 255, 0.8);\n        font-size: 14px;\n        margin-top: 8px;\n        display: inline-block;\n        opacity: 0;\n        transform: translateY(10px);\n        transition: opacity 0.3s ease, transform 0.3s ease;\n    }\n\n    .dsa_country-card:hover .dsa_explore {\n        opacity: 1;\n        transform: translateY(0);\n    }\n\n    \/* Responsive adjustments *\/\n    @media (max-width: 1100px) {\n        .dsa_countries-grid {\n            grid-template-columns: repeat(4, 1fr);\n            grid-template-rows: repeat(3, 1fr);\n        }\n\n        .dsa_country-card:nth-child(9),\n        .dsa_country-card:nth-child(10) {\n            grid-column: span 2;\n        }\n    }\n\n    @media (max-width: 900px) {\n        .dsa_countries-grid {\n            grid-template-columns: repeat(3, 1fr);\n            grid-template-rows: repeat(4, 1fr);\n        }\n\n        .dsa_country-card:nth-child(9),\n        .dsa_country-card:nth-child(10) {\n            grid-column: auto;\n        }\n    }\n\n    @media (max-width: 700px) {\n        .dsa_countries-grid {\n            grid-template-columns: repeat(2, 1fr);\n            grid-template-rows: repeat(5, 1fr);\n        }\n\n        .dsa_title {\n            font-size: 28px;\n        }\n\n        .dsa_subtitle {\n            font-size: 16px;\n        }\n\n        .dsa_line {\n            max-width: 100px;\n        }\n    }\n\n    @media (max-width: 480px) {\n        .dsa_countries-grid {\n            grid-template-columns: 1fr;\n            grid-template-rows: repeat(10, 1fr);\n            gap: 20px;\n        }\n\n        .dsa_country-card {\n            height: 180px;\n        }\n\n        .dsa_line {\n            max-width: 60px;\n        }\n    }\n<\/style>\n<div class=\"dsa_countries-container\">\n    <div class=\"dsa_header\">\n        <div class=\"dsa_logo-container\">\n            <div class=\"dsa_line\"><\/div>\n            <img decoding=\"async\" src=\"https:\/\/dualstudyabroad.co.uk\/wp-content\/uploads\/2025\/03\/favicon.svg\" alt=\"Dual Study Abroad Logo\"\n                class=\"dsa_logo\">\n            <div class=\"dsa_line dsa_line-right\"><\/div>\n        <\/div>\n        <h1 class=\"dsa_title\">Hizmet Sa\u011flad\u0131\u011f\u0131m\u0131z \u00dclkeler<\/h1>\n        <p class=\"dsa_subtitle\">Yurtd\u0131\u015f\u0131nda e\u011fitim f\u0131rsatlar\u0131 i\u00e7in sizlere rehberlik ediyoruz. Kaliteli e\u011fitim ve\n            profesyonel destek i\u00e7in yan\u0131n\u0131zday\u0131z.<\/p>\n    <\/div>\n\n    <div class=\"dsa_countries-grid\">\n                <!-- \u0130ngiltere Sertifika Programlar\u0131 -->\n        <a href=\"\/en\/ingiltere-sertifika-programlari\/\" class=\"dsa_country-card\">\n            <div class=\"dsa_country-bg\"\n                style=\"background-image: url('https:\/\/dualstudyabroad.co.uk\/wp-content\/uploads\/2025\/04\/INGILTERE.png')\">\n            <\/div>\n            <div class=\"dsa_country-overlay\">\n                <h3 class=\"dsa_country-name\">\u0130ngiltere Sertifika Programlar\u0131<\/h3>\n                <span class=\"dsa_explore\">Detayl\u0131 bilgi i\u00e7in t\u0131klay\u0131n<\/span>\n            <\/div>\n        <\/a>\n        \n        \n        <!-- Avustralya Sertifika Programlar\u0131 -->\n        <a href=\"\/en\/avustralya-sertifika-programlari\/\" class=\"dsa_country-card\">\n            <div class=\"dsa_country-bg\"\n                style=\"background-image: url('https:\/\/dualstudyabroad.co.uk\/wp-content\/uploads\/2025\/04\/AVUSTRALYA.png')\">\n            <\/div>\n            <div class=\"dsa_country-overlay\">\n                <h3 class=\"dsa_country-name\">Avustralya Sertifika Programlar\u0131<\/h3>\n                <span class=\"dsa_explore\">Detayl\u0131 bilgi i\u00e7in t\u0131klay\u0131n<\/span>\n            <\/div>\n        <\/a>\n\n        <!-- Amerika Sertifika Programlar\u0131 -->\n        <a href=\"\/en\/amerika-sertifika-programlari\/\" class=\"dsa_country-card\">\n            <div class=\"dsa_country-bg\"\n                style=\"background-image: url('https:\/\/dualstudyabroad.co.uk\/wp-content\/uploads\/2025\/04\/AMERIKA.png')\">\n            <\/div>\n            <div class=\"dsa_country-overlay\">\n                <h3 class=\"dsa_country-name\">Amerika Sertifika Programlar\u0131<\/h3>\n                <span class=\"dsa_explore\">Detayl\u0131 bilgi i\u00e7in t\u0131klay\u0131n<\/span>\n            <\/div>\n        <\/a>\n\n        <!-- \u0130rlanda Sertifika Programlar\u0131 -->\n        <a href=\"\/en\/irlanda-sertifika-programlari\/\" class=\"dsa_country-card\">\n            <div class=\"dsa_country-bg\"\n                style=\"background-image: url('https:\/\/dualstudyabroad.co.uk\/wp-content\/uploads\/2025\/04\/IRLANDA.png')\">\n            <\/div>\n            <div class=\"dsa_country-overlay\">\n                <h3 class=\"dsa_country-name\">\u0130rlanda Sertifika Programlar\u0131<\/h3>\n                <span class=\"dsa_explore\">Detayl\u0131 bilgi i\u00e7in t\u0131klay\u0131n<\/span>\n            <\/div>\n        <\/a>\n\n        <!-- \u0130talya Sertifika Programlar\u0131 -->\n        <a href=\"\/en\/italya-sertifika-programlari\/\" class=\"dsa_country-card\">\n            <div class=\"dsa_country-bg\"\n                style=\"background-image: url('https:\/\/dualstudyabroad.co.uk\/wp-content\/uploads\/2025\/04\/ITALYA.png')\">\n            <\/div>\n            <div class=\"dsa_country-overlay\">\n                <h3 class=\"dsa_country-name\">\u0130talya Sertifika Programlar\u0131<\/h3>\n                <span class=\"dsa_explore\">Detayl\u0131 bilgi i\u00e7in t\u0131klay\u0131n<\/span>\n            <\/div>\n        <\/a>\n\n        <!-- Kanada Sertifika Programlar\u0131 -->\n        <a href=\"\/en\/kanada-sertifika-programlari\/\" class=\"dsa_country-card\">\n            <div class=\"dsa_country-bg\"\n                style=\"background-image: url('https:\/\/dualstudyabroad.co.uk\/wp-content\/uploads\/2025\/04\/KANADA.png')\">\n            <\/div>\n            <div class=\"dsa_country-overlay\">\n                <h3 class=\"dsa_country-name\">Kanada Sertifika Programlar\u0131<\/h3>\n                <span class=\"dsa_explore\">Detayl\u0131 bilgi i\u00e7in t\u0131klay\u0131n<\/span>\n            <\/div>\n        <\/a>\n    <\/div>\n<\/div>\t\t\t\t<\/div>\n\t\t\t\t<\/div>\n\t\t\t\t\t<\/div>\n\t\t\t\t<\/div>\n\t\t\t\t<\/div>","protected":false},"excerpt":{"rendered":"<p>Dual Study Abroad Dual Study Abroad\u2019un Sertifika Programlar\u0131yla Dil \u00d6\u011freniminde Yeni Bir Boyut Dual Study Abroad\u2019un sundu\u011fu sertifika programlar\u0131, dil \u00f6\u011frenme s\u00fcrecini yaln\u0131zca s\u0131n\u0131f i\u00e7i teorik bilgiyle s\u0131n\u0131rlamaktan \u00e7ok daha fazlas\u0131n\u0131 vadeder. Bu programlar, \u00f6\u011frencilerin edindikleri bilgileri g\u00fcnl\u00fck ya\u015famda uygulama f\u0131rsat\u0131 bulmalar\u0131n\u0131 sa\u011flayarak \u00f6\u011frenme s\u00fcrecini hem daha etkili hem de kal\u0131c\u0131 hale getirir. Ger\u00e7ek ya\u015fam&#8230;<\/p>","protected":false},"author":1,"featured_media":0,"parent":0,"menu_order":0,"comment_status":"closed","ping_status":"closed","template":"template-builder.php","meta":{"footnotes":""},"class_list":["post-9236","page","type-page","status-publish","hentry"],"_links":{"self":[{"href":"https:\/\/dualstudyabroad.co.uk\/en\/wp-json\/wp\/v2\/pages\/9236","targetHints":{"allow":["GET"]}}],"collection":[{"href":"https:\/\/dualstudyabroad.co.uk\/en\/wp-json\/wp\/v2\/pages"}],"about":[{"href":"https:\/\/dualstudyabroad.co.uk\/en\/wp-json\/wp\/v2\/types\/page"}],"author":[{"embeddable":true,"href":"https:\/\/dualstudyabroad.co.uk\/en\/wp-json\/wp\/v2\/users\/1"}],"replies":[{"embeddable":true,"href":"https:\/\/dualstudyabroad.co.uk\/en\/wp-json\/wp\/v2\/comments?post=9236"}],"version-history":[{"count":19,"href":"https:\/\/dualstudyabroad.co.uk\/en\/wp-json\/wp\/v2\/pages\/9236\/revisions"}],"predecessor-version":[{"id":11060,"href":"https:\/\/dualstudyabroad.co.uk\/en\/wp-json\/wp\/v2\/pages\/9236\/revisions\/11060"}],"wp:attachment":[{"href":"https:\/\/dualstudyabroad.co.uk\/en\/wp-json\/wp\/v2\/media?parent=9236"}],"curies":[{"name":"wp","href":"https:\/\/api.w.org\/{rel}","templated":true}]}}