{"id":9167,"date":"2025-04-20T00:27:13","date_gmt":"2025-04-19T21:27:13","guid":{"rendered":"https:\/\/dualstudyabroad.co.uk\/?page_id=9167"},"modified":"2025-05-01T19:14:07","modified_gmt":"2025-05-01T16:14:07","slug":"work-and-study","status":"publish","type":"page","link":"https:\/\/dualstudyabroad.co.uk\/en\/work-and-study\/","title":{"rendered":"Work And Study"},"content":{"rendered":"<div data-elementor-type=\"wp-page\" data-elementor-id=\"9167\" class=\"elementor elementor-9167\" data-elementor-post-type=\"page\">\n\t\t\t\t<div class=\"elementor-element elementor-element-96007e4 e-flex e-con-boxed e-con e-parent\" data-id=\"96007e4\" data-element_type=\"container\" data-e-type=\"container\">\n\t\t\t\t\t<div class=\"e-con-inner\">\n\t\t\r\n\r\n\t\t<div class=\"elementor-element elementor-element-3b5ff43 elementor-widget elementor-widget-edurasectiontitle\" data-id=\"3b5ff43\" data-element_type=\"widget\" data-e-type=\"widget\" data-widget_type=\"edurasectiontitle.default\">\n\t\t\t\t<div class=\"elementor-widget-container\">\n\t\t\t\t\t<div class=\"title-area mb-25\" ><span class=\"sub-title subtitle-selector\">Dual Study Abroad<\/span><h2 class=\"sec-title title-selector\">Work and Study ile D\u00fcnyaya A\u00e7\u0131l: E\u011fitim ve Kariyerini Birlikte \u015eekillendir!<\/h2><p class=\"desc-selector\">E\u011fitim ve Kariyer Yolculu\u011fun Tek Bir Programda: Work and Study!\n\u0130ngiltere, Kanada, Avustralya, Dubai, \u0130rlanda ve Malta\u2019da hem e\u011fitim al\u0131p hem yasal olarak \u00e7al\u0131\u015farak d\u00fcnyaya a\u00e7\u0131l. Hayallerine bir ad\u0131m daha yakla\u015fmak i\u00e7in hemen ke\u015ffet!<\/p><\/div>\t\t\t\t<\/div>\n\t\t\t\t<\/div>\n\t\t\t\t<div class=\"elementor-element elementor-element-70f9f83 elementor-widget elementor-widget-edurasectiontitle\" data-id=\"70f9f83\" data-element_type=\"widget\" data-e-type=\"widget\" data-widget_type=\"edurasectiontitle.default\">\n\t\t\t\t<div class=\"elementor-widget-container\">\n\t\t\t\t\t<div class=\"title-area mb-25\" ><h2 class=\"sec-title title-selector\">Yurt D\u0131\u015f\u0131nda E\u011fitim ve \u0130\u015f Deneyimini Birle\u015ftir: Work and Study Programlar\u0131yla Gelece\u011fini \u015eekillendir!\n<\/h2><p class=\"desc-selector\">Global d\u00fcnyada \u00f6ne \u00e7\u0131kmak i\u00e7in art\u0131k sadece diploma sahibi olmak yeterli de\u011fil; ayn\u0131 zamanda uluslararas\u0131 i\u015f deneyimi, g\u00fc\u00e7l\u00fc bir network ve geli\u015fmi\u015f dil becerileri de gerekiyor.\nDual Study Abroad olarak sundu\u011fumuz Work and Study programlar\u0131, bu yeni nesil kariyer anlay\u0131\u015f\u0131na tam anlam\u0131yla uyum sa\u011fl\u0131yor. E\u011fitim hayat\u0131n\u0131z boyunca yasal \u00e7al\u0131\u015fma imk\u00e2n\u0131 sunarak, akademik bilgiyle profesyonel deneyimi birle\u015ftirmenize olanak tan\u0131yoruz.\n<br>\n\u0130ngiltere'nin prestijli e\u011fitim kurumlar\u0131nda e\u011fitim al\u0131rken \u00e7al\u0131\u015fma tecr\u00fcbesi kazanabilir, Kanada'n\u0131n g\u00fc\u00e7l\u00fc i\u015f piyasas\u0131nda kariyer ad\u0131mlar\u0131n\u0131z\u0131 atabilir, Avustralya\u2019da s\u0131cak bir atmosferde \u00f6\u011frenirken farkl\u0131 sekt\u00f6rlerde deneyim edinebilirsiniz. Dubai\u2019nin dinamik i\u015f d\u00fcnyas\u0131nda kendinize bir yer a\u00e7abilir, \u0130rlanda\u2019da teknoloji ve finans sekt\u00f6rlerinde fark yaratabilir veya Malta\u2019n\u0131n Akdeniz k\u00fclt\u00fcr\u00fc i\u00e7inde \u00e7al\u0131\u015farak \u0130ngilizcenizi peki\u015ftirebilirsiniz.\n<br>\nWork and Study programlar\u0131m\u0131z size sadece ekonomik bir avantaj sunmakla kalmaz, ayn\u0131 zamanda mezuniyet sonras\u0131 i\u015f hayat\u0131na daha donan\u0131ml\u0131 ve \u00f6zg\u00fcvenli bir ba\u015flang\u0131\u00e7 yapman\u0131z\u0131 sa\u011flar.\nBa\u015fvuru s\u00fcre\u00e7lerinizden vize i\u015flemlerine, e\u011fitim dan\u0131\u015fmanl\u0131\u011f\u0131ndan kariyer deste\u011fine kadar her a\u015famada yan\u0131n\u0131zday\u0131z.\n<br>\nHayalini kurdu\u011funuz uluslararas\u0131 kariyer i\u00e7in ilk ad\u0131m\u0131 \u015fimdi at\u0131n. E\u011fitim ve profesyonel tecr\u00fcbeyi birle\u015ftiren Work and Study programlar\u0131m\u0131zla, gelece\u011finize sa\u011flam bir yat\u0131r\u0131m yap\u0131n!<\/p><\/div>\t\t\t\t<\/div>\n\t\t\t\t<\/div>\n\t\t\t\t\t<\/div>\n\t\t\t\t<\/div>\n\t\t<div class=\"elementor-element elementor-element-0eed899 e-flex e-con-boxed e-con e-parent\" data-id=\"0eed899\" data-element_type=\"container\" data-e-type=\"container\">\n\t\t\t\t\t<div class=\"e-con-inner\">\n\t\t\t\t<div class=\"elementor-element elementor-element-96fe2ac elementor-widget elementor-widget-html\" data-id=\"96fe2ac\" data-element_type=\"widget\" data-e-type=\"widget\" data-widget_type=\"html.default\">\n\t\t\t\t<div class=\"elementor-widget-container\">\n\t\t\t\t\t<style>\n\t\/* Unique prefix dsa_ (Dual Study Abroad) to prevent CSS conflicts *\/\n\t.dsa_countries-container {\n\t\tfont-family: 'Arial', sans-serif;\n\t\tmax-width: 1200px;\n\t\tmargin: 0 auto;\n\t\tpadding: 20px;\n\t\tborder-radius: 20px;\n\t}\n\n\t.dsa_header {\n\t\ttext-align: center;\n\t\tmargin-bottom: 25px;\n\t\t\/* Reduced from 40px to 25px *\/\n\t\tposition: relative;\n\t\tpadding: 20px 0 10px;\n\t\t\/* Reduced bottom padding from 20px to 10px *\/\n\t}\n\n\t.dsa_logo-container {\n\t\tdisplay: flex;\n\t\talign-items: center;\n\t\tjustify-content: center;\n\t\tmargin-bottom: 25px;\n\t\tposition: relative;\n\t}\n\n\t.dsa_line {\n\t\theight: 2px;\n\t\tbackground: linear-gradient(to right, rgba(146, 37, 30, 0.1), rgba(146, 37, 30, 0.8));\n\t\tflex-grow: 1;\n\t\tmax-width: 150px;\n\t}\n\n\t.dsa_line-right {\n\t\tbackground: linear-gradient(to left, rgba(146, 37, 30, 0.1), rgba(146, 37, 30, 0.8));\n\t}\n\n\t.dsa_logo {\n\t\twidth: 50px;\n\t\theight: 50px;\n\t\tmargin: 0 20px;\n\t\tobject-fit: contain;\n\t\tfilter: drop-shadow(0 2px 4px rgba(0, 0, 0, 0.1));\n\t}\n\n\t.dsa_title {\n\t\tcolor: #183041;\n\t\tfont-size: 32px;\n\t\tfont-weight: 700;\n\t\tmargin-bottom: 15px;\n\t\tposition: relative;\n\t\tdisplay: inline-block;\n\t}\n\n\t.dsa_title::after {\n\t\tcontent: '';\n\t\tposition: absolute;\n\t\tbottom: -8px;\n\t\tleft: 50%;\n\t\ttransform: translateX(-50%);\n\t\twidth: 80px;\n\t\theight: 3px;\n\t\tbackground-color: #92251E;\n\t\tborder-radius: 3px;\n\t}\n\n\t.dsa_subtitle {\n\t\tcolor: #555;\n\t\tfont-size: 18px;\n\t\tmargin-bottom: 20px;\n\t\t\/* Reduced from 30px to 20px *\/\n\t\tmax-width: 700px;\n\t\tmargin-left: auto;\n\t\tmargin-right: auto;\n\t}\n\n\t.dsa_countries-grid {\n\t\tdisplay: grid;\n\t\tgrid-template-columns: repeat(5, 1fr);\n\t\tgrid-template-rows: repeat(2, 1fr);\n\t\tgap: 25px;\n\t\tpadding: 5px 10px;\n\t\t\/* Reduced top padding from 10px to 5px *\/\n\t}\n\n\t.dsa_country-card {\n\t\tposition: relative;\n\t\theight: 220px;\n\t\tborder-radius: 15px;\n\t\toverflow: hidden;\n\t\tbox-shadow: 0 8px 20px rgba(0, 0, 0, 0.15);\n\t\ttransition: transform 0.3s ease, box-shadow 0.3s ease;\n\t\tcursor: pointer;\n\t\ttext-decoration: none;\n\t\tdisplay: block;\n\t}\n\n\t.dsa_country-card:hover {\n\t\ttransform: translateY(-7px);\n\t\tbox-shadow: 0 12px 25px rgba(0, 0, 0, 0.2);\n\t}\n\n\t.dsa_country-card:before {\n\t\tcontent: '';\n\t\tposition: absolute;\n\t\ttop: 0;\n\t\tleft: 0;\n\t\twidth: 100%;\n\t\theight: 100%;\n\t\tbackground-color: #92251E;\n\t\topacity: 0;\n\t\ttransition: opacity 0.3s ease;\n\t\tz-index: 1;\n\t}\n\n\t.dsa_country-card:hover:before {\n\t\topacity: 0.1;\n\t}\n\n\t.dsa_country-bg {\n\t\tposition: absolute;\n\t\ttop: 0;\n\t\tleft: 0;\n\t\twidth: 100%;\n\t\theight: 100%;\n\t\tbackground-size: cover;\n\t\tbackground-position: center;\n\t\ttransition: transform 0.5s ease;\n\t}\n\n\t.dsa_country-card:hover .dsa_country-bg {\n\t\ttransform: scale(1.05);\n\t}\n\n\t.dsa_country-overlay {\n\t\tposition: absolute;\n\t\tbottom: 0;\n\t\tleft: 0;\n\t\twidth: 100%;\n\t\tbackground: linear-gradient(to top, rgba(24, 48, 65, 0.95), rgba(24, 48, 65, 0.7) 50%, transparent);\n\t\tpadding: 30px 20px 20px;\n\t\tbox-sizing: border-box;\n\t\tz-index: 2;\n\t}\n\n\t.dsa_country-name {\n\t\tcolor: white;\n\t\tfont-size: 20px;\n\t\tfont-weight: 600;\n\t\tmargin: 0;\n\t\ttext-shadow: 1px 1px 3px rgba(0, 0, 0, 0.5);\n\t\tposition: relative;\n\t\tpadding-bottom: 10px;\n\t}\n\n\t.dsa_country-name::after {\n\t\tcontent: '';\n\t\tposition: absolute;\n\t\tbottom: 0;\n\t\tleft: 0;\n\t\twidth: 40px;\n\t\theight: 2px;\n\t\tbackground-color: #fff;\n\t\tborder-radius: 1px;\n\t}\n\n\t.dsa_explore {\n\t\tcolor: rgba(255, 255, 255, 0.8);\n\t\tfont-size: 14px;\n\t\tmargin-top: 8px;\n\t\tdisplay: inline-block;\n\t\topacity: 0;\n\t\ttransform: translateY(10px);\n\t\ttransition: opacity 0.3s ease, transform 0.3s ease;\n\t}\n\n\t.dsa_country-card:hover .dsa_explore {\n\t\topacity: 1;\n\t\ttransform: translateY(0);\n\t}\n\n\t\/* Responsive adjustments *\/\n\t@media (max-width: 1100px) {\n\t\t.dsa_countries-grid {\n\t\t\tgrid-template-columns: repeat(4, 1fr);\n\t\t\tgrid-template-rows: repeat(3, 1fr);\n\t\t}\n\n\t\t.dsa_country-card:nth-child(9),\n\t\t.dsa_country-card:nth-child(10) {\n\t\t\tgrid-column: span 2;\n\t\t}\n\t}\n\n\t@media (max-width: 900px) {\n\t\t.dsa_countries-grid {\n\t\t\tgrid-template-columns: repeat(3, 1fr);\n\t\t\tgrid-template-rows: repeat(4, 1fr);\n\t\t}\n\n\t\t.dsa_country-card:nth-child(9),\n\t\t.dsa_country-card:nth-child(10) {\n\t\t\tgrid-column: auto;\n\t\t}\n\t}\n\n\t@media (max-width: 700px) {\n\t\t.dsa_countries-grid {\n\t\t\tgrid-template-columns: repeat(2, 1fr);\n\t\t\tgrid-template-rows: repeat(5, 1fr);\n\t\t}\n\n\t\t.dsa_title {\n\t\t\tfont-size: 28px;\n\t\t}\n\n\t\t.dsa_subtitle {\n\t\t\tfont-size: 16px;\n\t\t}\n\n\t\t.dsa_line {\n\t\t\tmax-width: 100px;\n\t\t}\n\t}\n\n\t@media (max-width: 480px) {\n\t\t.dsa_countries-grid {\n\t\t\tgrid-template-columns: 1fr;\n\t\t\tgrid-template-rows: repeat(10, 1fr);\n\t\t\tgap: 20px;\n\t\t}\n\n\t\t.dsa_country-card {\n\t\t\theight: 180px;\n\t\t}\n\n\t\t.dsa_line {\n\t\t\tmax-width: 60px;\n\t\t}\n\t}\n<\/style>\n<div class=\"dsa_countries-container\">\n\t<div class=\"dsa_header\">\n\t\t<div class=\"dsa_logo-container\">\n\t\t\t<div class=\"dsa_line\"><\/div>\n\t\t\t<img decoding=\"async\" src=\"https:\/\/dualstudyabroad.co.uk\/wp-content\/uploads\/2025\/03\/favicon.svg\" alt=\"Dual Study Abroad Logo\"\n\t\t\t\tclass=\"dsa_logo\">\n\t\t\t<div class=\"dsa_line dsa_line-right\"><\/div>\n\t\t<\/div>\n\t\t<h1 class=\"dsa_title\">Hizmet Sa\u011flad\u0131\u011f\u0131m\u0131z \u00dclkeler<\/h1>\n\t\t<p class=\"dsa_subtitle\">Yurtd\u0131\u015f\u0131nda e\u011fitim f\u0131rsatlar\u0131 i\u00e7in sizlere rehberlik ediyoruz. Kaliteli e\u011fitim ve\n\t\t\tprofesyonel destek i\u00e7in yan\u0131n\u0131zday\u0131z.<\/p>\n\t<\/div>\n\n\t<div class=\"dsa_countries-grid\">\n\t\t<!-- Work and Study Kanada -->\n\t\t<a href=\"\/en\/work-and-study-kanada\/\" class=\"dsa_country-card\">\n\t\t\t<div class=\"dsa_country-bg\"\n\t\t\t\tstyle=\"background-image: url('https:\/\/dualstudyabroad.co.uk\/wp-content\/uploads\/2025\/04\/Canada-work-and-study.webp')\">\n\t\t\t<\/div>\n\t\t\t<div class=\"dsa_country-overlay\">\n\t\t\t\t<h3 class=\"dsa_country-name\">Work and Study Kanada<\/h3>\n\t\t\t\t<span class=\"dsa_explore\">Detayl\u0131 bilgi i\u00e7in t\u0131klay\u0131n<\/span>\n\t\t\t<\/div>\n\t\t<\/a>\n\n\t\t<!-- Work and Study Malta -->\n\t\t<a href=\"\/en\/work-and-study-malta\/\" class=\"dsa_country-card\">\n\t\t\t<div class=\"dsa_country-bg\"\n\t\t\t\tstyle=\"background-image: url('https:\/\/dualstudyabroad.co.uk\/wp-content\/uploads\/2025\/04\/Malta-work-and-study.webp')\">\n\t\t\t<\/div>\n\t\t\t<div class=\"dsa_country-overlay\">\n\t\t\t\t<h3 class=\"dsa_country-name\">Work and Study Malta<\/h3>\n\t\t\t\t<span class=\"dsa_explore\">Detayl\u0131 bilgi i\u00e7in t\u0131klay\u0131n<\/span>\n\t\t\t<\/div>\n\t\t<\/a>\n\n\t\t<!-- Work and Study \u0130rlanda -->\n\t\t<a href=\"\/en\/work-and-study-irlanda\/\" class=\"dsa_country-card\">\n\t\t\t<div class=\"dsa_country-bg\"\n\t\t\t\tstyle=\"background-image: url('https:\/\/dualstudyabroad.co.uk\/wp-content\/uploads\/2025\/04\/Ireland-work-and-study.webp')\">\n\t\t\t<\/div>\n\t\t\t<div class=\"dsa_country-overlay\">\n\t\t\t\t<h3 class=\"dsa_country-name\">Work and Study \u0130rlanda<\/h3>\n\t\t\t\t<span class=\"dsa_explore\">Detayl\u0131 bilgi i\u00e7in t\u0131klay\u0131n<\/span>\n\t\t\t<\/div>\n\t\t<\/a>\n\n\n\t\t<!-- Work and Study Avustralya -->\n\t\t<a href=\"\/en\/work-and-study-avustralya\/\" class=\"dsa_country-card\">\n\t\t\t<div class=\"dsa_country-bg\"\n\t\t\t\tstyle=\"background-image: url('https:\/\/dualstudyabroad.co.uk\/wp-content\/uploads\/2025\/04\/Australia-work-and-study.webp')\">\n\t\t\t<\/div>\n\t\t\t<div class=\"dsa_country-overlay\">\n\t\t\t\t<h3 class=\"dsa_country-name\">Work and Study Avustralya<\/h3>\n\t\t\t\t<span class=\"dsa_explore\">Detayl\u0131 bilgi i\u00e7in t\u0131klay\u0131n<\/span>\n\t\t\t<\/div>\n\t\t<\/a>\n\n\t\t<!-- Work and Study Dubai -->\n\t\t<a href=\"\/en\/work-and-study-dubai\/\" class=\"dsa_country-card\">\n\t\t\t<div class=\"dsa_country-bg\"\n\t\t\t\tstyle=\"background-image: url('https:\/\/dualstudyabroad.co.uk\/wp-content\/uploads\/2025\/04\/Dubai-work-and-study.webp')\">\n\t\t\t<\/div>\n\t\t\t<div class=\"dsa_country-overlay\">\n\t\t\t\t<h3 class=\"dsa_country-name\">Work and Study Dubai<\/h3>\n\t\t\t\t<span class=\"dsa_explore\">Detayl\u0131 bilgi i\u00e7in t\u0131klay\u0131n<\/span>\n\t\t\t<\/div>\n\t\t<\/a>\n\t<\/div>\n<\/div>\t\t\t\t<\/div>\n\t\t\t\t<\/div>\n\t\t\t\t\t<\/div>\n\t\t\t\t<\/div>\n\t\t\t\t<\/div>","protected":false},"excerpt":{"rendered":"<p>Dual Study Abroad Work and Study ile D\u00fcnyaya A\u00e7\u0131l: E\u011fitim ve Kariyerini Birlikte \u015eekillendir! E\u011fitim ve Kariyer Yolculu\u011fun Tek Bir Programda: Work and Study! \u0130ngiltere, Kanada, Avustralya, Dubai, \u0130rlanda ve Malta\u2019da hem e\u011fitim al\u0131p hem yasal olarak \u00e7al\u0131\u015farak d\u00fcnyaya a\u00e7\u0131l. Hayallerine bir ad\u0131m daha yakla\u015fmak i\u00e7in hemen ke\u015ffet! Yurt D\u0131\u015f\u0131nda E\u011fitim ve \u0130\u015f Deneyimini Birle\u015ftir:&#8230;<\/p>","protected":false},"author":1,"featured_media":0,"parent":0,"menu_order":0,"comment_status":"closed","ping_status":"closed","template":"template-builder.php","meta":{"footnotes":""},"class_list":["post-9167","page","type-page","status-publish","hentry"],"_links":{"self":[{"href":"https:\/\/dualstudyabroad.co.uk\/en\/wp-json\/wp\/v2\/pages\/9167","targetHints":{"allow":["GET"]}}],"collection":[{"href":"https:\/\/dualstudyabroad.co.uk\/en\/wp-json\/wp\/v2\/pages"}],"about":[{"href":"https:\/\/dualstudyabroad.co.uk\/en\/wp-json\/wp\/v2\/types\/page"}],"author":[{"embeddable":true,"href":"https:\/\/dualstudyabroad.co.uk\/en\/wp-json\/wp\/v2\/users\/1"}],"replies":[{"embeddable":true,"href":"https:\/\/dualstudyabroad.co.uk\/en\/wp-json\/wp\/v2\/comments?post=9167"}],"version-history":[{"count":37,"href":"https:\/\/dualstudyabroad.co.uk\/en\/wp-json\/wp\/v2\/pages\/9167\/revisions"}],"predecessor-version":[{"id":11054,"href":"https:\/\/dualstudyabroad.co.uk\/en\/wp-json\/wp\/v2\/pages\/9167\/revisions\/11054"}],"wp:attachment":[{"href":"https:\/\/dualstudyabroad.co.uk\/en\/wp-json\/wp\/v2\/media?parent=9167"}],"curies":[{"name":"wp","href":"https:\/\/api.w.org\/{rel}","templated":true}]}}