{"id":7669,"date":"2025-04-06T20:56:41","date_gmt":"2025-04-06T17:56:41","guid":{"rendered":"https:\/\/dualstudyabroad.co.uk\/?page_id=7669"},"modified":"2025-05-01T19:27:01","modified_gmt":"2025-05-01T16:27:01","slug":"yaz-okulu","status":"publish","type":"page","link":"https:\/\/dualstudyabroad.co.uk\/en\/yaz-okulu\/","title":{"rendered":"Yaz Okulu"},"content":{"rendered":"<div data-elementor-type=\"wp-page\" data-elementor-id=\"7669\" class=\"elementor elementor-7669\" data-elementor-post-type=\"page\">\n\t\t\t\t<div class=\"elementor-element elementor-element-1cd195f e-flex e-con-boxed e-con e-parent\" data-id=\"1cd195f\" data-element_type=\"container\" data-e-type=\"container\">\n\t\t\t\t\t<div class=\"e-con-inner\">\n\t\t\r\n\r\n\t\t<div class=\"elementor-element elementor-element-5a56872 elementor-widget elementor-widget-edurasectiontitle\" data-id=\"5a56872\" data-element_type=\"widget\" data-e-type=\"widget\" data-widget_type=\"edurasectiontitle.default\">\n\t\t\t\t<div class=\"elementor-widget-container\">\n\t\t\t\t\t<div class=\"title-area mb-25\" ><span class=\"sub-title subtitle-selector\">Dual Study Abroad<\/span><h2 class=\"sec-title title-selector\">Yaz Okulu ile S\u0131n\u0131rlar\u0131 A\u015f\u0131n: E\u011fitim, Ke\u015fif ve Unutulmaz Bir Yaz Sizi Bekliyor!<\/h2><p class=\"desc-selector\">Yaz Okulu Deneyimiyle D\u00fcnyaya A\u00e7\u0131l\u0131n!\nYaz aylar\u0131n\u0131 sadece tatil yaparak ge\u00e7irmek yerine, dil \u00f6\u011frenerek, yeni k\u00fclt\u00fcrler tan\u0131yarak ve unutulmaz arkada\u015fl\u0131klar kurarak de\u011ferlendirmek ister misiniz? Dual Study Abroad olarak, \u0130ngiltere ba\u015fta olmak \u00fczere Amerika, Kanada, \u0130rlanda ve Malta gibi d\u00fcnyan\u0131n \u00f6nde gelen e\u011fitim destinasyonlar\u0131nda \u00f6\u011frencilere e\u015fsiz yaz okulu programlar\u0131 sunuyoruz.\n<br>\nYaz okulu deneyimi, yaln\u0131zca \u0130ngilizce \u00f6\u011frenmekle s\u0131n\u0131rl\u0131 de\u011fildir; ayn\u0131 zamanda farkl\u0131 k\u00fclt\u00fcrleri ke\u015ffetmek, \u00f6zg\u00fcven kazanmak ve yeni bir d\u00fcnyaya ad\u0131m atmak i\u00e7in harika bir f\u0131rsatt\u0131r. Her \u00f6\u011frencinin hayallerine ve hedeflerine \u00f6zel olarak haz\u0131rlad\u0131\u011f\u0131m\u0131z programlarla, \u00f6\u011frenciler hem akademik anlamda geli\u015fiyor hem de ki\u015fisel yeteneklerini ke\u015ffetme \u015fans\u0131 buluyor.\n<br>\n\u0130ngiltere'nin tarihi atmosferinde dil prati\u011fi yapmak, Amerika\u2019da kamp\u00fcs hayat\u0131n\u0131 deneyimlemek, Kanada'n\u0131n do\u011fas\u0131na hayran kalmak ya da Malta'n\u0131n g\u00fcne\u015fi alt\u0131nda yeni arkada\u015fl\u0131klar kurmak\u2026 Se\u00e7enekleriniz s\u0131n\u0131rs\u0131z!\nE\u011fitim ve e\u011flenceyi bir arada sunan yaz okulu programlar\u0131m\u0131z sayesinde \u00f6\u011frenciler, gelece\u011fe daha g\u00fc\u00e7l\u00fc, daha vizyon sahibi bireyler olarak haz\u0131rlan\u0131yor.\n<br>\nSiz de yaz aylar\u0131n\u0131 s\u0131radanl\u0131ktan \u00e7\u0131kar\u0131p \u00e7ocu\u011funuzun hayat\u0131na de\u011ferli bir deneyim katmak istiyorsan\u0131z, do\u011fru yerdesiniz. Dual Study Abroad ekibi olarak, t\u00fcm s\u00fcre\u00e7 boyunca yan\u0131n\u0131zda olacak ve hayallerinize en uygun yaz okulu program\u0131n\u0131 birlikte se\u00e7ece\u011fiz. Haydi, gelece\u011finize ilk ad\u0131m\u0131 birlikte atal\u0131m!<\/p><\/div>\t\t\t\t<\/div>\n\t\t\t\t<\/div>\n\t\t\t\t\t<\/div>\n\t\t\t\t<\/div>\n\t\t<div class=\"elementor-element elementor-element-3ba2da9 e-flex e-con-boxed e-con e-parent\" data-id=\"3ba2da9\" data-element_type=\"container\" data-e-type=\"container\">\n\t\t\t\t\t<div class=\"e-con-inner\">\n\t\t\t\t<div class=\"elementor-element elementor-element-de673f9 elementor-widget elementor-widget-html\" data-id=\"de673f9\" data-element_type=\"widget\" data-e-type=\"widget\" data-widget_type=\"html.default\">\n\t\t\t\t<div class=\"elementor-widget-container\">\n\t\t\t\t\t<style>\n    \/* Unique prefix dsa_ (Dual Study Abroad) to prevent CSS conflicts *\/\n    .dsa_countries-container {\n        font-family: 'Arial', sans-serif;\n        max-width: 1200px;\n        margin: 0 auto;\n        padding: 20px;i\n        border-radius: 20px;\n    }\n\n    .dsa_header {\n        text-align: center;\n        margin-bottom: 25px;\n        \/* Reduced from 40px to 25px *\/\n        position: relative;\n        padding: 20px 0 10px;\n        \/* Reduced bottom padding from 20px to 10px *\/\n    }\n\n    .dsa_logo-container {\n        display: flex;\n        align-items: center;\n        justify-content: center;\n        margin-bottom: 25px;\n        position: relative;\n    }\n\n    .dsa_line {\n        height: 2px;\n        background: linear-gradient(to right, rgba(146, 37, 30, 0.1), rgba(146, 37, 30, 0.8));\n        flex-grow: 1;\n        max-width: 150px;\n    }\n\n    .dsa_line-right {\n        background: linear-gradient(to left, rgba(146, 37, 30, 0.1), rgba(146, 37, 30, 0.8));\n    }\n\n    .dsa_logo {\n        width: 50px;\n        height: 50px;\n        margin: 0 20px;\n        object-fit: contain;\n        filter: drop-shadow(0 2px 4px rgba(0, 0, 0, 0.1));\n    }\n\n    .dsa_title {\n        color: #183041;\n        font-size: 32px;\n        font-weight: 700;\n        margin-bottom: 15px;\n        position: relative;\n        display: inline-block;\n    }\n\n    .dsa_title::after {\n        content: '';\n        position: absolute;\n        bottom: -8px;\n        left: 50%;\n        transform: translateX(-50%);\n        width: 80px;\n        height: 3px;\n        background-color: #92251E;\n        border-radius: 3px;\n    }\n\n    .dsa_subtitle {\n        color: #555;\n        font-size: 18px;\n        margin-bottom: 20px;\n        \/* Reduced from 30px to 20px *\/\n        max-width: 700px;\n        margin-left: auto;\n        margin-right: auto;\n    }\n\n    .dsa_countries-grid {\n        display: grid;\n        grid-template-columns: repeat(5, 1fr);\n        grid-template-rows: repeat(2, 1fr);\n        gap: 25px;\n        padding: 5px 10px;\n        \/* Reduced top padding from 10px to 5px *\/\n    }\n\n    .dsa_country-card {\n        position: relative;\n        height: 220px;\n        border-radius: 15px;\n        overflow: hidden;\n        box-shadow: 0 8px 20px rgba(0, 0, 0, 0.15);\n        transition: transform 0.3s ease, box-shadow 0.3s ease;\n        cursor: pointer;\n        text-decoration: none;\n        display: block;\n    }\n\n    .dsa_country-card:hover {\n        transform: translateY(-7px);\n        box-shadow: 0 12px 25px rgba(0, 0, 0, 0.2);\n    }\n\n    .dsa_country-card:before {\n        content: '';\n        position: absolute;\n        top: 0;\n        left: 0;\n        width: 100%;\n        height: 100%;\n        background-color: #92251E;\n        opacity: 0;\n        transition: opacity 0.3s ease;\n        z-index: 1;\n    }\n\n    .dsa_country-card:hover:before {\n        opacity: 0.1;\n    }\n\n    .dsa_country-bg {\n        position: absolute;\n        top: 0;\n        left: 0;\n        width: 100%;\n        height: 100%;\n        background-size: cover;\n        background-position: center;\n        transition: transform 0.5s ease;\n    }\n\n    .dsa_country-card:hover .dsa_country-bg {\n        transform: scale(1.05);\n    }\n\n    .dsa_country-overlay {\n        position: absolute;\n        bottom: 0;\n        left: 0;\n        width: 100%;\n        background: linear-gradient(to top, rgba(24, 48, 65, 0.95), rgba(24, 48, 65, 0.7) 50%, transparent);\n        padding: 30px 20px 20px;\n        box-sizing: border-box;\n        z-index: 2;\n    }\n\n    .dsa_country-name {\n        color: white;\n        font-size: 20px;\n        font-weight: 600;\n        margin: 0;\n        text-shadow: 1px 1px 3px rgba(0, 0, 0, 0.5);\n        position: relative;\n        padding-bottom: 10px;\n    }\n\n    .dsa_country-name::after {\n        content: '';\n        position: absolute;\n        bottom: 0;\n        left: 0;\n        width: 40px;\n        height: 2px;\n        background-color: #fff;\n        border-radius: 1px;\n    }\n\n    .dsa_explore {\n        color: rgba(255, 255, 255, 0.8);\n        font-size: 14px;\n        margin-top: 8px;\n        display: inline-block;\n        opacity: 0;\n        transform: translateY(10px);\n        transition: opacity 0.3s ease, transform 0.3s ease;\n    }\n\n    .dsa_country-card:hover .dsa_explore {\n        opacity: 1;\n        transform: translateY(0);\n    }\n\n    \/* Responsive adjustments *\/\n    @media (max-width: 1100px) {\n        .dsa_countries-grid {\n            grid-template-columns: repeat(4, 1fr);\n            grid-template-rows: repeat(3, 1fr);\n        }\n\n        .dsa_country-card:nth-child(9),\n        .dsa_country-card:nth-child(10) {\n            grid-column: span 2;\n        }\n    }\n\n    @media (max-width: 900px) {\n        .dsa_countries-grid {\n            grid-template-columns: repeat(3, 1fr);\n            grid-template-rows: repeat(4, 1fr);\n        }\n\n        .dsa_country-card:nth-child(9),\n        .dsa_country-card:nth-child(10) {\n            grid-column: auto;\n        }\n    }\n\n    @media (max-width: 700px) {\n        .dsa_countries-grid {\n            grid-template-columns: repeat(2, 1fr);\n            grid-template-rows: repeat(5, 1fr);\n        }\n\n        .dsa_title {\n            font-size: 28px;\n        }\n\n        .dsa_subtitle {\n            font-size: 16px;\n        }\n\n        .dsa_line {\n            max-width: 100px;\n        }\n    }\n\n    @media (max-width: 480px) {\n        .dsa_countries-grid {\n            grid-template-columns: 1fr;\n            grid-template-rows: repeat(10, 1fr);\n            gap: 20px;\n        }\n\n        .dsa_country-card {\n            height: 180px;\n        }\n\n        .dsa_line {\n            max-width: 60px;\n        }\n    }\n<\/style>\n<div class=\"dsa_countries-container\">\n    <div class=\"dsa_header\">\n        <div class=\"dsa_logo-container\">\n            <div class=\"dsa_line\"><\/div>\n            <img decoding=\"async\" src=\"https:\/\/dualstudyabroad.co.uk\/wp-content\/uploads\/2025\/03\/favicon.svg\" alt=\"Dual Study Abroad Logo\"\n                class=\"dsa_logo\">\n            <div class=\"dsa_line dsa_line-right\"><\/div>\n        <\/div>\n        <h1 class=\"dsa_title\">Hizmet Sa\u011flad\u0131\u011f\u0131m\u0131z \u00dclkeler<\/h1>\n        <p class=\"dsa_subtitle\">Yurtd\u0131\u015f\u0131nda e\u011fitim f\u0131rsatlar\u0131 i\u00e7in sizlere rehberlik ediyoruz. Kaliteli e\u011fitim ve\n            profesyonel destek i\u00e7in yan\u0131n\u0131zday\u0131z.<\/p>\n    <\/div>\n\n    <div class=\"dsa_countries-grid\">\n               <!-- \u0130ngiltere Yaz Okullar\u0131 -->\n        <a href=\"\/en\/ingiltere-yaz-okullari\/\" class=\"dsa_country-card\">\n            <div class=\"dsa_country-bg\"\n                style=\"background-image: url('https:\/\/dualstudyabroad.co.uk\/wp-content\/uploads\/2025\/04\/INGILTERE.png')\">\n            <\/div>\n            <div class=\"dsa_country-overlay\">\n                <h3 class=\"dsa_country-name\">\u0130ngiltere Yaz Okullar\u0131<\/h3>\n                <span class=\"dsa_explore\">Detayl\u0131 bilgi i\u00e7in t\u0131klay\u0131n<\/span>\n            <\/div>\n        <\/a>\n        \n        \n        <!-- Almanya Yaz Okullar\u0131 -->\n        <a href=\"\/en\/almanya-yaz-okullari\/\" class=\"dsa_country-card\">\n            <div class=\"dsa_country-bg\"\n                style=\"background-image: url('https:\/\/dualstudyabroad.co.uk\/wp-content\/uploads\/2025\/04\/ALMANYA.png')\">\n            <\/div>\n            <div class=\"dsa_country-overlay\">\n                <h3 class=\"dsa_country-name\">Almanya Yaz Okullar\u0131<\/h3>\n                <span class=\"dsa_explore\">Detayl\u0131 bilgi i\u00e7in t\u0131klay\u0131n<\/span>\n            <\/div>\n        <\/a>\n\n        <!-- Amerika Yaz Okullar\u0131 -->\n        <a href=\"\/en\/amerika-yaz-okullari\/\" class=\"dsa_country-card\">\n            <div class=\"dsa_country-bg\"\n                style=\"background-image: url('https:\/\/dualstudyabroad.co.uk\/wp-content\/uploads\/2025\/04\/AMERIKA.png')\">\n            <\/div>\n            <div class=\"dsa_country-overlay\">\n                <h3 class=\"dsa_country-name\">Amerika Yaz Okullar\u0131<\/h3>\n                <span class=\"dsa_explore\">Detayl\u0131 bilgi i\u00e7in t\u0131klay\u0131n<\/span>\n            <\/div>\n        <\/a>\n\n        <!-- \u0130rlanda Yaz Okullar\u0131 -->\n        <a href=\"\/en\/irlanda-yaz-okullari\/\" class=\"dsa_country-card\">\n            <div class=\"dsa_country-bg\"\n                style=\"background-image: url('https:\/\/dualstudyabroad.co.uk\/wp-content\/uploads\/2025\/04\/IRLANDA.png')\">\n            <\/div>\n            <div class=\"dsa_country-overlay\">\n                <h3 class=\"dsa_country-name\">\u0130rlanda Yaz Okullar\u0131<\/h3>\n                <span class=\"dsa_explore\">Detayl\u0131 bilgi i\u00e7in t\u0131klay\u0131n<\/span>\n            <\/div>\n        <\/a>\n\n        <!-- Malta Yaz Okullar\u0131 -->\n        <a href=\"\/en\/malta-yaz-okullari\/\" class=\"dsa_country-card\">\n            <div class=\"dsa_country-bg\"\n                style=\"background-image: url('https:\/\/dualstudyabroad.co.uk\/wp-content\/uploads\/2025\/04\/MALTA.png')\">\n            <\/div>\n            <div class=\"dsa_country-overlay\">\n                <h3 class=\"dsa_country-name\">Malta Yaz Okullar\u0131<\/h3>\n                <span class=\"dsa_explore\">Detayl\u0131 bilgi i\u00e7in t\u0131klay\u0131n<\/span>\n            <\/div>\n        <\/a>\n\n        <!-- Kanada Yaz Okullar\u0131 -->\n        <a href=\"\/en\/kanada-yaz-okullari\/\" class=\"dsa_country-card\">\n            <div class=\"dsa_country-bg\"\n                style=\"background-image: url('https:\/\/dualstudyabroad.co.uk\/wp-content\/uploads\/2025\/04\/KANADA.png')\">\n            <\/div>\n            <div class=\"dsa_country-overlay\">\n                <h3 class=\"dsa_country-name\">Kanada Yaz Okullar\u0131<\/h3>\n                <span class=\"dsa_explore\">Detayl\u0131 bilgi i\u00e7in t\u0131klay\u0131n<\/span>\n            <\/div>\n        <\/a>\n\n        <!-- Fransa Yaz Okullar\u0131 -->\n        <a href=\"\/en\/fransa-yaz-okullari\/\" class=\"dsa_country-card\">\n            <div class=\"dsa_country-bg\"\n                style=\"background-image: url('https:\/\/dualstudyabroad.co.uk\/wp-content\/uploads\/2025\/04\/FRANSA.png')\">\n            <\/div>\n            <div class=\"dsa_country-overlay\">\n                <h3 class=\"dsa_country-name\">Fransa Yaz Okullar\u0131<\/h3>\n                <span class=\"dsa_explore\">Detayl\u0131 bilgi i\u00e7in t\u0131klay\u0131n<\/span>\n            <\/div>\n        <\/a>\n\n        <!-- \u0130spanya Yaz Okullar\u0131 -->\n        <a href=\"\/en\/ispanya-yaz-okullari\/\" class=\"dsa_country-card\">\n            <div class=\"dsa_country-bg\"\n                style=\"background-image: url('https:\/\/dualstudyabroad.co.uk\/wp-content\/uploads\/2025\/04\/ISPANYA.png')\">\n            <\/div>\n            <div class=\"dsa_country-overlay\">\n                <h3 class=\"dsa_country-name\">\u0130spanya Yaz Okullar\u0131<\/h3>\n                <span class=\"dsa_explore\">Detayl\u0131 bilgi i\u00e7in t\u0131klay\u0131n<\/span>\n            <\/div>\n        <\/a>\n        \n              <!-- \u0130sko\u00e7ya Yaz Okullar\u0131 -->\n        <a href=\"\/en\/iskocya-yaz-okullari\/\" class=\"dsa_country-card\">\n            <div class=\"dsa_country-bg\"\n                style=\"background-image: url('https:\/\/dualstudyabroad.co.uk\/wp-content\/uploads\/2025\/04\/ISKOCYA.png')\">\n            <\/div>\n            <div class=\"dsa_country-overlay\">\n                <h3 class=\"dsa_country-name\">\u0130sko\u00e7ya Yaz Okullar\u0131<\/h3>\n                <span class=\"dsa_explore\">Detayl\u0131 bilgi i\u00e7in t\u0131klay\u0131n<\/span>\n            <\/div>\n        <\/a>\n        \n                     <!-- \u0130svi\u00e7re Yaz Okullar\u0131 -->\n        <a href=\"\/en\/isvicre-yaz-okullari\/\" class=\"dsa_country-card\">\n            <div class=\"dsa_country-bg\"\n                style=\"background-image: url('https:\/\/dualstudyabroad.co.uk\/wp-content\/uploads\/2025\/04\/ISVEC.png')\">\n            <\/div>\n            <div class=\"dsa_country-overlay\">\n                <h3 class=\"dsa_country-name\">\u0130svi\u00e7re Yaz Okullar\u0131<\/h3>\n                <span class=\"dsa_explore\">Detayl\u0131 bilgi i\u00e7in t\u0131klay\u0131n<\/span>\n            <\/div>\n        <\/a>\n        \n                             <!-- \u0130talya Yaz Okullar\u0131 -->\n        <a href=\"\/en\/italya-yaz-okullari\/\" class=\"dsa_country-card\">\n            <div class=\"dsa_country-bg\"\n                style=\"background-image: url('https:\/\/dualstudyabroad.co.uk\/wp-content\/uploads\/2025\/04\/ITALYA.png')\">\n            <\/div>\n            <div class=\"dsa_country-overlay\">\n                <h3 class=\"dsa_country-name\">\u0130talya Yaz Okullar\u0131<\/h3>\n                <span class=\"dsa_explore\">Detayl\u0131 bilgi i\u00e7in t\u0131klay\u0131n<\/span>\n            <\/div>\n        <\/a>\n        \n          <!-- Avustralya Yaz Okullar\u0131 -->\n        <a href=\"\/en\/avustralya-yaz-okullari\/\" class=\"dsa_country-card\">\n            <div class=\"dsa_country-bg\"\n                style=\"background-image: url('https:\/\/dualstudyabroad.co.uk\/wp-content\/uploads\/2025\/04\/AVUSTRALYA.png')\">\n            <\/div>\n            <div class=\"dsa_country-overlay\">\n                <h3 class=\"dsa_country-name\">Avustralya Yaz Okullar\u0131<\/h3>\n                <span class=\"dsa_explore\">Detayl\u0131 bilgi i\u00e7in t\u0131klay\u0131n<\/span>\n            <\/div>\n        <\/a>\n        \n             <!-- Dubai Yaz Okullar\u0131 -->\n        <a href=\"\/en\/dubai-yaz-okullari\/\" class=\"dsa_country-card\">\n            <div class=\"dsa_country-bg\"\n                style=\"background-image: url('https:\/\/dualstudyabroad.co.uk\/wp-content\/uploads\/2025\/04\/DUBAI.png')\">\n            <\/div>\n            <div class=\"dsa_country-overlay\">\n                <h3 class=\"dsa_country-name\">Dubai Yaz Okullar\u0131<\/h3>\n                <span class=\"dsa_explore\">Detayl\u0131 bilgi i\u00e7in t\u0131klay\u0131n<\/span>\n            <\/div>\n        <\/a>\n    <\/div>\n<\/div>\t\t\t\t<\/div>\n\t\t\t\t<\/div>\n\t\t\t\t\t<\/div>\n\t\t\t\t<\/div>\n\t\t\t\t<\/div>","protected":false},"excerpt":{"rendered":"<p>Dual Study Abroad Yaz Okulu ile S\u0131n\u0131rlar\u0131 A\u015f\u0131n: E\u011fitim, Ke\u015fif ve Unutulmaz Bir Yaz Sizi Bekliyor! Yaz Okulu Deneyimiyle D\u00fcnyaya A\u00e7\u0131l\u0131n! Yaz aylar\u0131n\u0131 sadece tatil yaparak ge\u00e7irmek yerine, dil \u00f6\u011frenerek, yeni k\u00fclt\u00fcrler tan\u0131yarak ve unutulmaz arkada\u015fl\u0131klar kurarak de\u011ferlendirmek ister misiniz? Dual Study Abroad olarak, \u0130ngiltere ba\u015fta olmak \u00fczere Amerika, Kanada, \u0130rlanda ve Malta gibi d\u00fcnyan\u0131n&#8230;<\/p>","protected":false},"author":1,"featured_media":0,"parent":0,"menu_order":0,"comment_status":"closed","ping_status":"closed","template":"template-builder.php","meta":{"footnotes":""},"class_list":["post-7669","page","type-page","status-publish","hentry"],"_links":{"self":[{"href":"https:\/\/dualstudyabroad.co.uk\/en\/wp-json\/wp\/v2\/pages\/7669","targetHints":{"allow":["GET"]}}],"collection":[{"href":"https:\/\/dualstudyabroad.co.uk\/en\/wp-json\/wp\/v2\/pages"}],"about":[{"href":"https:\/\/dualstudyabroad.co.uk\/en\/wp-json\/wp\/v2\/types\/page"}],"author":[{"embeddable":true,"href":"https:\/\/dualstudyabroad.co.uk\/en\/wp-json\/wp\/v2\/users\/1"}],"replies":[{"embeddable":true,"href":"https:\/\/dualstudyabroad.co.uk\/en\/wp-json\/wp\/v2\/comments?post=7669"}],"version-history":[{"count":43,"href":"https:\/\/dualstudyabroad.co.uk\/en\/wp-json\/wp\/v2\/pages\/7669\/revisions"}],"predecessor-version":[{"id":11057,"href":"https:\/\/dualstudyabroad.co.uk\/en\/wp-json\/wp\/v2\/pages\/7669\/revisions\/11057"}],"wp:attachment":[{"href":"https:\/\/dualstudyabroad.co.uk\/en\/wp-json\/wp\/v2\/media?parent=7669"}],"curies":[{"name":"wp","href":"https:\/\/api.w.org\/{rel}","templated":true}]}}