{"id":6872,"date":"2025-04-04T12:04:32","date_gmt":"2025-04-04T09:04:32","guid":{"rendered":"https:\/\/dualstudyabroad.co.uk\/?page_id=6872"},"modified":"2025-05-01T19:09:43","modified_gmt":"2025-05-01T16:09:43","slug":"dil-okulu","status":"publish","type":"page","link":"https:\/\/dualstudyabroad.co.uk\/en\/dil-okulu\/","title":{"rendered":"Dil Okulu"},"content":{"rendered":"<div data-elementor-type=\"wp-page\" data-elementor-id=\"6872\" class=\"elementor elementor-6872\" data-elementor-post-type=\"page\">\n\t\t\t\t<div class=\"elementor-element elementor-element-96007e4 e-flex e-con-boxed e-con e-parent\" data-id=\"96007e4\" data-element_type=\"container\" data-e-type=\"container\">\n\t\t\t\t\t<div class=\"e-con-inner\">\n\t\t\r\n\r\n\t\t<div class=\"elementor-element elementor-element-3b5ff43 elementor-widget elementor-widget-edurasectiontitle\" data-id=\"3b5ff43\" data-element_type=\"widget\" data-e-type=\"widget\" data-widget_type=\"edurasectiontitle.default\">\n\t\t\t\t<div class=\"elementor-widget-container\">\n\t\t\t\t\t<div class=\"title-area mb-25\" ><span class=\"sub-title subtitle-selector\">Dual Study Abroad<\/span><h2 class=\"sec-title title-selector\">Yurtd\u0131\u015f\u0131nda Dil E\u011fitiminizde G\u00fcvenilir Yol Arkada\u015f\u0131n\u0131z<\/h2><p class=\"desc-selector\">G\u00fcn\u00fcm\u00fcz\u00fcn k\u00fcreselle\u015fen d\u00fcnyas\u0131nda, yabanc\u0131 dil bilgisi art\u0131k bir ayr\u0131cal\u0131ktan \u00f6te, kariyer ve ki\u015fisel geli\u015fim i\u00e7in vazge\u00e7ilmez bir gereklilik haline gelmi\u015ftir. Bu bilin\u00e7le hareket eden Dual Study Abroad olarak, d\u00fcnyan\u0131n \u00f6nde gelen \u00fclkelerinde alabilece\u011finiz dil e\u011fitimi programlar\u0131n\u0131 sizler i\u00e7in titizlikle se\u00e7iyor ve her a\u015famada yan\u0131n\u0131zda oluyoruz.\n\u0130ngiltere, \u0130rlanda, Malta gibi \u0130ngilizce'nin anadili oldu\u011fu \u00fclkelerde sunulan kaliteli dil okulu se\u00e7enekleriyle yaln\u0131zca dil becerilerinizi de\u011fil, ayn\u0131 zamanda k\u00fclt\u00fcrel ufkunuzu da geli\u015ftirmenize destek oluyoruz.\n<br>\nDil okulu se\u00e7iminizden vize s\u00fcrecinize, konaklama alternatiflerinden havaliman\u0131 transferinize kadar her ad\u0131mda profesyonel dan\u0131\u015fmanl\u0131k hizmeti sunarak, yurtd\u0131\u015f\u0131 e\u011fitim deneyiminizi g\u00fcvenli ve sorunsuz bir \u015fekilde ya\u015faman\u0131z\u0131 sa\u011fl\u0131yoruz. Sadece e\u011fitim de\u011fil; yeni bir hayata a\u00e7\u0131lan kap\u0131n\u0131zda da sizinle birlikte y\u00fcr\u00fcyoruz.\nGelece\u011finize yapaca\u011f\u0131n\u0131z bu de\u011ferli yat\u0131r\u0131mda, do\u011fru y\u00f6nlendirme ve uzman destek ar\u0131yorsan\u0131z, Dual Study Abroad ayr\u0131cal\u0131\u011f\u0131n\u0131 ke\u015ffetmeye davetlisiniz.\n<br>\nSiz de dil e\u011fitiminizi uluslararas\u0131 bir deneyime d\u00f6n\u00fc\u015ft\u00fcrmek ve d\u00fcnyaya daha \u00f6zg\u00fcvenli ad\u0131m atmak istiyorsan\u0131z, do\u011fru yerdesiniz. Hayalleriniz i\u00e7in bug\u00fcn harekete ge\u00e7in!<\/p><\/div>\t\t\t\t<\/div>\n\t\t\t\t<\/div>\n\t\t\t\t<div class=\"elementor-element elementor-element-278738e elementor-widget elementor-widget-edurasectiontitle\" data-id=\"278738e\" data-element_type=\"widget\" data-e-type=\"widget\" data-widget_type=\"edurasectiontitle.default\">\n\t\t\t\t<div class=\"elementor-widget-container\">\n\t\t\t\t\t<div class=\"title-area mb-25\" ><h2 class=\"sec-title title-selector\">Neden Dual Study Abroad?\n<\/h2><p class=\"desc-selector\">Uzman Dan\u0131\u015fmanl\u0131k Ekibi: Her biri alan\u0131nda deneyimli dan\u0131\u015fmanlar\u0131m\u0131z, size en uygun program\u0131 se\u00e7meniz ve t\u00fcm s\u00fcre\u00e7leri eksiksiz tamamlaman\u0131z i\u00e7in birebir destek sa\u011flar.\n<br>\nGeni\u015f Okul A\u011f\u0131: D\u00fcnyan\u0131n d\u00f6rt bir yan\u0131ndaki se\u00e7kin dil okullar\u0131yla yapt\u0131\u011f\u0131m\u0131z i\u015f birlikleri sayesinde, farkl\u0131 b\u00fct\u00e7e ve hedeflere uygun \u00e7\u00f6z\u00fcmler sunar\u0131z.\n<br>\nKi\u015fiye \u00d6zel E\u011fitim Planlar\u0131: Dil seviyesi, hedefler ve tercih edilen \u00fclkeye g\u00f6re tamamen ki\u015fiselle\u015ftirilmi\u015f e\u011fitim se\u00e7enekleri olu\u015ftururuz.\n<br>\nVize ve Konaklama Deste\u011fi: E\u011fitim vizesi ba\u015fvurusundan konaklama ayarlamalar\u0131na kadar t\u00fcm s\u00fcre\u00e7lerde yan\u0131n\u0131zday\u0131z.\n<br>\n\u015eeffaf ve G\u00fcvenilir Hizmet Anlay\u0131\u015f\u0131: T\u00fcm ad\u0131mlarda a\u00e7\u0131k, g\u00fcvenilir ve s\u00fcrd\u00fcr\u00fclebilir bir hizmet deneyimi sunmay\u0131 ilke ediniyoruz.\n<br>\nS\u00fcre\u00e7 Sonras\u0131 Destek: E\u011fitim s\u00fcreciniz ba\u015flad\u0131ktan sonra da her t\u00fcrl\u00fc sorunuz ve ihtiyac\u0131n\u0131z i\u00e7in yan\u0131n\u0131zda olmaya devam ediyoruz.\n<br>\nDual Study Abroad ile, sadece bir dil \u00f6\u011frenmiyor; farkl\u0131 k\u00fclt\u00fcrleri tan\u0131yor, uluslararas\u0131 bir vizyon kazan\u0131yor ve hayat\u0131n\u0131za unutulmaz bir deneyim kat\u0131yorsunuz.<\/p><\/div>\t\t\t\t<\/div>\n\t\t\t\t<\/div>\n\t\t\t\t\t<\/div>\n\t\t\t\t<\/div>\n\t\t<div class=\"elementor-element elementor-element-0eed899 e-flex e-con-boxed e-con e-parent\" data-id=\"0eed899\" data-element_type=\"container\" data-e-type=\"container\">\n\t\t\t\t\t<div class=\"e-con-inner\">\n\t\t\t\t<div class=\"elementor-element elementor-element-96fe2ac elementor-widget elementor-widget-html\" data-id=\"96fe2ac\" data-element_type=\"widget\" data-e-type=\"widget\" data-widget_type=\"html.default\">\n\t\t\t\t<div class=\"elementor-widget-container\">\n\t\t\t\t\t<style>\n    \/* Unique prefix dsa_ (Dual Study Abroad) to prevent CSS conflicts *\/\n    .dsa_countries-container {\n        font-family: 'Arial', sans-serif;\n        max-width: 1200px;\n        margin: 0 auto;\n        padding: 20px;\n        border-radius: 20px;\n    }\n\n    .dsa_header {\n        text-align: center;\n        margin-bottom: 25px;\n        \/* Reduced from 40px to 25px *\/\n        position: relative;\n        padding: 20px 0 10px;\n        \/* Reduced bottom padding from 20px to 10px *\/\n    }\n\n    .dsa_logo-container {\n        display: flex;\n        align-items: center;\n        justify-content: center;\n        margin-bottom: 25px;\n        position: relative;\n    }\n\n    .dsa_line {\n        height: 2px;\n        background: linear-gradient(to right, rgba(146, 37, 30, 0.1), rgba(146, 37, 30, 0.8));\n        flex-grow: 1;\n        max-width: 150px;\n    }\n\n    .dsa_line-right {\n        background: linear-gradient(to left, rgba(146, 37, 30, 0.1), rgba(146, 37, 30, 0.8));\n    }\n\n    .dsa_logo {\n        width: 50px;\n        height: 50px;\n        margin: 0 20px;\n        object-fit: contain;\n        filter: drop-shadow(0 2px 4px rgba(0, 0, 0, 0.1));\n    }\n\n    .dsa_title {\n        color: #183041;\n        font-size: 32px;\n        font-weight: 700;\n        margin-bottom: 15px;\n        position: relative;\n        display: inline-block;\n    }\n\n    .dsa_title::after {\n        content: '';\n        position: absolute;\n        bottom: -8px;\n        left: 50%;\n        transform: translateX(-50%);\n        width: 80px;\n        height: 3px;\n        background-color: #92251E;\n        border-radius: 3px;\n    }\n\n    .dsa_subtitle {\n        color: #555;\n        font-size: 18px;\n        margin-bottom: 20px;\n        \/* Reduced from 30px to 20px *\/\n        max-width: 700px;\n        margin-left: auto;\n        margin-right: auto;\n    }\n\n    .dsa_countries-grid {\n        display: grid;\n        grid-template-columns: repeat(5, 1fr);\n        grid-template-rows: repeat(2, 1fr);\n        gap: 25px;\n        padding: 5px 10px;\n        \/* Reduced top padding from 10px to 5px *\/\n    }\n\n    .dsa_country-card {\n        position: relative;\n        height: 220px;\n        border-radius: 15px;\n        overflow: hidden;\n        box-shadow: 0 8px 20px rgba(0, 0, 0, 0.15);\n        transition: transform 0.3s ease, box-shadow 0.3s ease;\n        cursor: pointer;\n        text-decoration: none;\n        display: block;\n    }\n\n    .dsa_country-card:hover {\n        transform: translateY(-7px);\n        box-shadow: 0 12px 25px rgba(0, 0, 0, 0.2);\n    }\n\n    .dsa_country-card:before {\n        content: '';\n        position: absolute;\n        top: 0;\n        left: 0;\n        width: 100%;\n        height: 100%;\n        background-color: #92251E;\n        opacity: 0;\n        transition: opacity 0.3s ease;\n        z-index: 1;\n    }\n\n    .dsa_country-card:hover:before {\n        opacity: 0.1;\n    }\n\n    .dsa_country-bg {\n        position: absolute;\n        top: 0;\n        left: 0;\n        width: 100%;\n        height: 100%;\n        background-size: cover;\n        background-position: center;\n        transition: transform 0.5s ease;\n    }\n\n    .dsa_country-card:hover .dsa_country-bg {\n        transform: scale(1.05);\n    }\n\n    .dsa_country-overlay {\n        position: absolute;\n        bottom: 0;\n        left: 0;\n        width: 100%;\n        background: linear-gradient(to top, rgba(24, 48, 65, 0.95), rgba(24, 48, 65, 0.7) 50%, transparent);\n        padding: 30px 20px 20px;\n        box-sizing: border-box;\n        z-index: 2;\n    }\n\n    .dsa_country-name {\n        color: white;\n        font-size: 20px;\n        font-weight: 600;\n        margin: 0;\n        text-shadow: 1px 1px 3px rgba(0, 0, 0, 0.5);\n        position: relative;\n        padding-bottom: 10px;\n    }\n\n    .dsa_country-name::after {\n        content: '';\n        position: absolute;\n        bottom: 0;\n        left: 0;\n        width: 40px;\n        height: 2px;\n        background-color: #fff;\n        border-radius: 1px;\n    }\n\n    .dsa_explore {\n        color: rgba(255, 255, 255, 0.8);\n        font-size: 14px;\n        margin-top: 8px;\n        display: inline-block;\n        opacity: 0;\n        transform: translateY(10px);\n        transition: opacity 0.3s ease, transform 0.3s ease;\n    }\n\n    .dsa_country-card:hover .dsa_explore {\n        opacity: 1;\n        transform: translateY(0);\n    }\n\n    \/* Responsive adjustments *\/\n    @media (max-width: 1100px) {\n        .dsa_countries-grid {\n            grid-template-columns: repeat(4, 1fr);\n            grid-template-rows: repeat(3, 1fr);\n        }\n\n        .dsa_country-card:nth-child(9),\n        .dsa_country-card:nth-child(10) {\n            grid-column: span 2;\n        }\n    }\n\n    @media (max-width: 900px) {\n        .dsa_countries-grid {\n            grid-template-columns: repeat(3, 1fr);\n            grid-template-rows: repeat(4, 1fr);\n        }\n\n        .dsa_country-card:nth-child(9),\n        .dsa_country-card:nth-child(10) {\n            grid-column: auto;\n        }\n    }\n\n    @media (max-width: 700px) {\n        .dsa_countries-grid {\n            grid-template-columns: repeat(2, 1fr);\n            grid-template-rows: repeat(5, 1fr);\n        }\n\n        .dsa_title {\n            font-size: 28px;\n        }\n\n        .dsa_subtitle {\n            font-size: 16px;\n        }\n\n        .dsa_line {\n            max-width: 100px;\n        }\n    }\n\n    @media (max-width: 480px) {\n        .dsa_countries-grid {\n            grid-template-columns: 1fr;\n            grid-template-rows: repeat(10, 1fr);\n            gap: 20px;\n        }\n\n        .dsa_country-card {\n            height: 180px;\n        }\n\n        .dsa_line {\n            max-width: 60px;\n        }\n    }\n<\/style>\n<div class=\"dsa_countries-container\">\n    <div class=\"dsa_header\">\n        <div class=\"dsa_logo-container\">\n            <div class=\"dsa_line\"><\/div>\n            <img decoding=\"async\" src=\"https:\/\/dualstudyabroad.co.uk\/wp-content\/uploads\/2025\/03\/favicon.svg\" alt=\"Dual Study Abroad Logo\"\n                class=\"dsa_logo\">\n            <div class=\"dsa_line dsa_line-right\"><\/div>\n        <\/div>\n        <h1 class=\"dsa_title\">Hizmet Sa\u011flad\u0131\u011f\u0131m\u0131z \u00dclkeler<\/h1>\n        <p class=\"dsa_subtitle\">Yurtd\u0131\u015f\u0131nda e\u011fitim f\u0131rsatlar\u0131 i\u00e7in sizlere rehberlik ediyoruz. Kaliteli e\u011fitim ve\n            profesyonel destek i\u00e7in yan\u0131n\u0131zday\u0131z.<\/p>\n    <\/div>\n\n    <div class=\"dsa_countries-grid\">\n        <!-- \u0130ngiltere Dil Okulu -->\n        <a href=\"\/en\/ingiltere-dil-okulu\/\" class=\"dsa_country-card\">\n            <div class=\"dsa_country-bg\"\n                style=\"background-image: url('https:\/\/dualstudyabroad.co.uk\/wp-content\/uploads\/2025\/04\/INGILTERE.png')\">\n            <\/div>\n            <div class=\"dsa_country-overlay\">\n                <h3 class=\"dsa_country-name\">\u0130ngiltere Dil Okulu<\/h3>\n                <span class=\"dsa_explore\">Detayl\u0131 bilgi i\u00e7in t\u0131klay\u0131n<\/span>\n            <\/div>\n        <\/a>\n\n        <!-- Kanada Dil Okullar\u0131 -->\n        <a href=\"\/en\/kanada-dil-okullari\/\" class=\"dsa_country-card\">\n            <div class=\"dsa_country-bg\"\n                style=\"background-image: url('https:\/\/dualstudyabroad.co.uk\/wp-content\/uploads\/2025\/04\/KANADA.png')\">\n            <\/div>\n            <div class=\"dsa_country-overlay\">\n                <h3 class=\"dsa_country-name\">Kanada Dil Okullar\u0131<\/h3>\n                <span class=\"dsa_explore\">Detayl\u0131 bilgi i\u00e7in t\u0131klay\u0131n<\/span>\n            <\/div>\n        <\/a>\n\n        <!-- Malta Dil Okulu -->\n        <a href=\"\/en\/malta-dil-okulu\/\" class=\"dsa_country-card\">\n            <div class=\"dsa_country-bg\"\n                style=\"background-image: url('https:\/\/dualstudyabroad.co.uk\/wp-content\/uploads\/2025\/04\/MALTA.png')\">\n            <\/div>\n            <div class=\"dsa_country-overlay\">\n                <h3 class=\"dsa_country-name\">Malta Dil Okulu<\/h3>\n                <span class=\"dsa_explore\">Detayl\u0131 bilgi i\u00e7in t\u0131klay\u0131n<\/span>\n            <\/div>\n        <\/a>\n\n        <!-- \u0130rlanda Dil Okulu -->\n        <a href=\"\/en\/irlanda-dil-okullari\/\" class=\"dsa_country-card\">\n            <div class=\"dsa_country-bg\"\n                style=\"background-image: url('https:\/\/dualstudyabroad.co.uk\/wp-content\/uploads\/2025\/04\/IRLANDA.png')\">\n            <\/div>\n            <div class=\"dsa_country-overlay\">\n                <h3 class=\"dsa_country-name\">\u0130rlanda Dil Okulu<\/h3>\n                <span class=\"dsa_explore\">Detayl\u0131 bilgi i\u00e7in t\u0131klay\u0131n<\/span>\n            <\/div>\n        <\/a>\n\n        <!-- Amerika Dil Okullar\u0131 -->\n        <a href=\"\/en\/amerika-dil-okullari\/\" class=\"dsa_country-card\">\n            <div class=\"dsa_country-bg\"\n                style=\"background-image: url('https:\/\/dualstudyabroad.co.uk\/wp-content\/uploads\/2025\/04\/AMERIKA.png')\">\n            <\/div>\n            <div class=\"dsa_country-overlay\">\n                <h3 class=\"dsa_country-name\">Amerika Dil Okullar\u0131<\/h3>\n                <span class=\"dsa_explore\">Detayl\u0131 bilgi i\u00e7in t\u0131klay\u0131n<\/span>\n            <\/div>\n        <\/a>\n\n        <!-- Avustralya Dil Okullar\u0131 -->\n        <a href=\"\/en\/avustralya-dil-okullari\/\" class=\"dsa_country-card\">\n            <div class=\"dsa_country-bg\"\n                style=\"background-image: url('https:\/\/dualstudyabroad.co.uk\/wp-content\/uploads\/2025\/04\/AVUSTRALYA.png')\">\n            <\/div>\n            <div class=\"dsa_country-overlay\">\n                <h3 class=\"dsa_country-name\">Avustralya Dil Okullar\u0131<\/h3>\n                <span class=\"dsa_explore\">Detayl\u0131 bilgi i\u00e7in t\u0131klay\u0131n<\/span>\n            <\/div>\n        <\/a>\n\n        <!-- Almanya Dil Okulu -->\n        <a href=\"\/en\/almanya-dil-okulu\/\" class=\"dsa_country-card\">\n            <div class=\"dsa_country-bg\"\n                style=\"background-image: url('https:\/\/dualstudyabroad.co.uk\/wp-content\/uploads\/2025\/04\/ALMANYA.png')\">\n            <\/div>\n            <div class=\"dsa_country-overlay\">\n                <h3 class=\"dsa_country-name\">Almanya Dil Okulu<\/h3>\n                <span class=\"dsa_explore\">Detayl\u0131 bilgi i\u00e7in t\u0131klay\u0131n<\/span>\n            <\/div>\n        <\/a>\n\n        <!-- \u0130spanya Dil Okullar\u0131 -->\n        <a href=\"\/en\/ispanya-dil-okullari\/\" class=\"dsa_country-card\">\n            <div class=\"dsa_country-bg\"\n                style=\"background-image: url('https:\/\/dualstudyabroad.co.uk\/wp-content\/uploads\/2025\/04\/ISPANYA.png')\">\n            <\/div>\n            <div class=\"dsa_country-overlay\">\n                <h3 class=\"dsa_country-name\">\u0130spanya Dil Okullar\u0131<\/h3>\n                <span class=\"dsa_explore\">Detayl\u0131 bilgi i\u00e7in t\u0131klay\u0131n<\/span>\n            <\/div>\n        <\/a>\n\n        <!-- \u0130talya Dil Okullar\u0131 -->\n        <a href=\"\/en\/italya-dil-okullari\/\" class=\"dsa_country-card\">\n            <div class=\"dsa_country-bg\"\n                style=\"background-image: url('https:\/\/dualstudyabroad.co.uk\/wp-content\/uploads\/2025\/04\/ITALYA.png')\">\n            <\/div>\n            <div class=\"dsa_country-overlay\">\n                <h3 class=\"dsa_country-name\">\u0130talya Dil Okullar\u0131<\/h3>\n                <span class=\"dsa_explore\">Detayl\u0131 bilgi i\u00e7in t\u0131klay\u0131n<\/span>\n            <\/div>\n        <\/a>\n\n        <!-- Fransa Dil Okullar\u0131 -->\n        <a href=\"\/en\/fransa-dil-okullari\/\" class=\"dsa_country-card\">\n            <div class=\"dsa_country-bg\"\n                style=\"background-image: url('https:\/\/dualstudyabroad.co.uk\/wp-content\/uploads\/2025\/04\/FRANSA.png')\">\n            <\/div>\n            <div class=\"dsa_country-overlay\">\n                <h3 class=\"dsa_country-name\">Fransa Dil Okullar\u0131<\/h3>\n                <span class=\"dsa_explore\">Detayl\u0131 bilgi i\u00e7in t\u0131klay\u0131n<\/span>\n            <\/div>\n        <\/a>\n\n        <!-- Rusya Dil Okullar\u0131 -->\n        <a href=\"\/en\/rusya-dil-okullari\/\" class=\"dsa_country-card\">\n            <div class=\"dsa_country-bg\"\n                style=\"background-image: url('https:\/\/dualstudyabroad.co.uk\/wp-content\/uploads\/2025\/04\/RUSYA.png')\">\n            <\/div>\n            <div class=\"dsa_country-overlay\">\n                <h3 class=\"dsa_country-name\">Rusya Dil Okullar\u0131<\/h3>\n                <span class=\"dsa_explore\">Detayl\u0131 bilgi i\u00e7in t\u0131klay\u0131n<\/span>\n            <\/div>\n        <\/a>\n\n        <!-- Ukrayna Dil Okullar\u0131 -->\n        <a href=\"\/en\/ukrayna-dil-okullari\/\" class=\"dsa_country-card\">\n            <div class=\"dsa_country-bg\"\n                style=\"background-image: url('https:\/\/dualstudyabroad.co.uk\/wp-content\/uploads\/2025\/04\/UKRAYNA.png')\">\n            <\/div>\n            <div class=\"dsa_country-overlay\">\n                <h3 class=\"dsa_country-name\">Ukrayna Dil Okullar\u0131<\/h3>\n                <span class=\"dsa_explore\">Detayl\u0131 bilgi i\u00e7in t\u0131klay\u0131n<\/span>\n            <\/div>\n        <\/a>\n\n        <!-- Avusturya Dil Okulu -->\n        <a href=\"\/en\/avusturya-dil-okullari\/\" class=\"dsa_country-card\">\n            <div class=\"dsa_country-bg\"\n                style=\"background-image: url('https:\/\/dualstudyabroad.co.uk\/wp-content\/uploads\/2025\/04\/AVUSTURYA.png')\">\n            <\/div>\n            <div class=\"dsa_country-overlay\">\n                <h3 class=\"dsa_country-name\">Avusturya Dil Okulu<\/h3>\n                <span class=\"dsa_explore\">Detayl\u0131 bilgi i\u00e7in t\u0131klay\u0131n<\/span>\n            <\/div>\n        <\/a>\n\n        <!-- \u00c7in Dil Okullar\u0131 -->\n        <a href=\"\/en\/cin-dil-okullari\/\" class=\"dsa_country-card\">\n            <div class=\"dsa_country-bg\"\n                style=\"background-image: url('https:\/\/dualstudyabroad.co.uk\/wp-content\/uploads\/2025\/04\/CIN.png')\">\n            <\/div>\n            <div class=\"dsa_country-overlay\">\n                <h3 class=\"dsa_country-name\">\u00c7in Dil Okullar\u0131<\/h3>\n                <span class=\"dsa_explore\">Detayl\u0131 bilgi i\u00e7in t\u0131klay\u0131n<\/span>\n            <\/div>\n        <\/a>\n\n        <!-- G\u00fcney Afrika Dil Okullar\u0131 -->\n        <a href=\"\/en\/guney-afrika-dil-okullari\/\" class=\"dsa_country-card\">\n            <div class=\"dsa_country-bg\"\n                style=\"background-image: url('https:\/\/dualstudyabroad.co.uk\/wp-content\/uploads\/2025\/04\/GUNEY-AFRIKA.png')\">\n            <\/div>\n            <div class=\"dsa_country-overlay\">\n                <h3 class=\"dsa_country-name\">G\u00fcney Afrika Dil Okullar\u0131<\/h3>\n                <span class=\"dsa_explore\">Detayl\u0131 bilgi i\u00e7in t\u0131klay\u0131n<\/span>\n            <\/div>\n        <\/a>\n\n        <!-- \u0130sko\u00e7ya Dil Okullar\u0131 -->\n        <a href=\"\/en\/iskocya-dil-okullari\/\" class=\"dsa_country-card\">\n            <div class=\"dsa_country-bg\"\n                style=\"background-image: url('https:\/\/dualstudyabroad.co.uk\/wp-content\/uploads\/2025\/04\/ISKOCYA.png')\">\n            <\/div>\n            <div class=\"dsa_country-overlay\">\n                <h3 class=\"dsa_country-name\">\u0130sko\u00e7ya Dil Okullar\u0131<\/h3>\n                <span class=\"dsa_explore\">Detayl\u0131 bilgi i\u00e7in t\u0131klay\u0131n<\/span>\n            <\/div>\n        <\/a>\n\n        <!-- Japonya Dil Okullar\u0131 -->\n        <a href=\"\/en\/japonya-dil-okullari\/\" class=\"dsa_country-card\">\n            <div class=\"dsa_country-bg\"\n                style=\"background-image: url('https:\/\/dualstudyabroad.co.uk\/wp-content\/uploads\/2025\/04\/JAPONYA.png')\">\n            <\/div>\n            <div class=\"dsa_country-overlay\">\n                <h3 class=\"dsa_country-name\">Japonya Dil Okullar\u0131<\/h3>\n                <span class=\"dsa_explore\">Detayl\u0131 bilgi i\u00e7in t\u0131klay\u0131n<\/span>\n            <\/div>\n        <\/a>\n\n        <!-- Macaristan Dil Okullar\u0131 -->\n        <a href=\"\/en\/macaristan-dil-okullari\/\" class=\"dsa_country-card\">\n            <div class=\"dsa_country-bg\"\n                style=\"background-image: url('https:\/\/dualstudyabroad.co.uk\/wp-content\/uploads\/2025\/04\/MACARISTAN.png')\">\n            <\/div>\n            <div class=\"dsa_country-overlay\">\n                <h3 class=\"dsa_country-name\">Macaristan Dil Okullar\u0131<\/h3>\n                <span class=\"dsa_explore\">Detayl\u0131 bilgi i\u00e7in t\u0131klay\u0131n<\/span>\n            <\/div>\n        <\/a>\n\n        <!-- Yeni Zelanda Dil Okullar\u0131 -->\n        <a href=\"\/en\/yeni-zelanda-dil-okullari\/\" class=\"dsa_country-card\">\n            <div class=\"dsa_country-bg\"\n                style=\"background-image: url('https:\/\/dualstudyabroad.co.uk\/wp-content\/uploads\/2025\/04\/YENI-ZELANDA.png')\">\n            <\/div>\n            <div class=\"dsa_country-overlay\">\n                <h3 class=\"dsa_country-name\">Yeni Zelanda Dil Okullar\u0131<\/h3>\n                <span class=\"dsa_explore\">Detayl\u0131 bilgi i\u00e7in t\u0131klay\u0131n<\/span>\n            <\/div>\n        <\/a>\n\n        <!-- Dubai Dil Okullar\u0131 -->\n        <a href=\"\/en\/dubai-dil-okullari\/\" class=\"dsa_country-card\">\n            <div class=\"dsa_country-bg\"\n                style=\"background-image: url('https:\/\/dualstudyabroad.co.uk\/wp-content\/uploads\/2025\/04\/DUBAI.png')\">\n            <\/div>\n            <div class=\"dsa_country-overlay\">\n                <h3 class=\"dsa_country-name\">Dubai Dil Okullar\u0131<\/h3>\n                <span class=\"dsa_explore\">Detayl\u0131 bilgi i\u00e7in t\u0131klay\u0131n<\/span>\n            <\/div>\n        <\/a>\n    <\/div>\n<\/div>\t\t\t\t<\/div>\n\t\t\t\t<\/div>\n\t\t\t\t\t<\/div>\n\t\t\t\t<\/div>\n\t\t\t\t<\/div>","protected":false},"excerpt":{"rendered":"<p>Dual Study Abroad Yurtd\u0131\u015f\u0131nda Dil E\u011fitiminizde G\u00fcvenilir Yol Arkada\u015f\u0131n\u0131z G\u00fcn\u00fcm\u00fcz\u00fcn k\u00fcreselle\u015fen d\u00fcnyas\u0131nda, yabanc\u0131 dil bilgisi art\u0131k bir ayr\u0131cal\u0131ktan \u00f6te, kariyer ve ki\u015fisel geli\u015fim i\u00e7in vazge\u00e7ilmez bir gereklilik haline gelmi\u015ftir. Bu bilin\u00e7le hareket eden Dual Study Abroad olarak, d\u00fcnyan\u0131n \u00f6nde gelen \u00fclkelerinde alabilece\u011finiz dil e\u011fitimi programlar\u0131n\u0131 sizler i\u00e7in titizlikle se\u00e7iyor ve her a\u015famada yan\u0131n\u0131zda oluyoruz. \u0130ngiltere,&#8230;<\/p>","protected":false},"author":1,"featured_media":0,"parent":0,"menu_order":0,"comment_status":"closed","ping_status":"closed","template":"template-builder.php","meta":{"footnotes":""},"class_list":["post-6872","page","type-page","status-publish","hentry"],"_links":{"self":[{"href":"https:\/\/dualstudyabroad.co.uk\/en\/wp-json\/wp\/v2\/pages\/6872","targetHints":{"allow":["GET"]}}],"collection":[{"href":"https:\/\/dualstudyabroad.co.uk\/en\/wp-json\/wp\/v2\/pages"}],"about":[{"href":"https:\/\/dualstudyabroad.co.uk\/en\/wp-json\/wp\/v2\/types\/page"}],"author":[{"embeddable":true,"href":"https:\/\/dualstudyabroad.co.uk\/en\/wp-json\/wp\/v2\/users\/1"}],"replies":[{"embeddable":true,"href":"https:\/\/dualstudyabroad.co.uk\/en\/wp-json\/wp\/v2\/comments?post=6872"}],"version-history":[{"count":55,"href":"https:\/\/dualstudyabroad.co.uk\/en\/wp-json\/wp\/v2\/pages\/6872\/revisions"}],"predecessor-version":[{"id":11051,"href":"https:\/\/dualstudyabroad.co.uk\/en\/wp-json\/wp\/v2\/pages\/6872\/revisions\/11051"}],"wp:attachment":[{"href":"https:\/\/dualstudyabroad.co.uk\/en\/wp-json\/wp\/v2\/media?parent=6872"}],"curies":[{"name":"wp","href":"https:\/\/api.w.org\/{rel}","templated":true}]}}