{"id":6359,"date":"2025-03-23T23:12:01","date_gmt":"2025-03-23T20:12:01","guid":{"rendered":"https:\/\/dualstudyabroad.co.uk\/?page_id=6359"},"modified":"2025-03-23T23:48:14","modified_gmt":"2025-03-23T20:48:14","slug":"ogrenciler-icin-konaklama-hizmeti","status":"publish","type":"page","link":"https:\/\/dualstudyabroad.co.uk\/en\/ogrenciler-icin-konaklama-hizmeti\/","title":{"rendered":"\u00d6\u011frenciler i\u00e7in Konaklama Hizmeti"},"content":{"rendered":"<div data-elementor-type=\"wp-page\" data-elementor-id=\"6359\" class=\"elementor elementor-6359\" data-elementor-post-type=\"page\">\n\t\t\t\t\t\t<section class=\"elementor-section elementor-top-section elementor-element elementor-element-e934bfd elementor-section-full_width elementor-section-height-default elementor-section-height-default\" data-id=\"e934bfd\" data-element_type=\"section\" data-e-type=\"section\" data-settings=\"{&quot;background_background&quot;:&quot;classic&quot;}\">\n\t\t\t\t\t\t<div class=\"elementor-container elementor-column-gap-no\">\n\t\t\t\t\t<div class=\"elementor-column elementor-col-100 elementor-top-column elementor-element elementor-element-c780631\" data-id=\"c780631\" data-element_type=\"column\" data-e-type=\"column\">\n\t\t\t<div class=\"elementor-widget-wrap elementor-element-populated\">\n\t\t\t\t\t\t<section class=\"elementor-section elementor-inner-section elementor-element elementor-element-73987ab elementor-section-boxed elementor-section-height-default elementor-section-height-default\" data-id=\"73987ab\" data-element_type=\"section\" data-e-type=\"section\">\n\t\t\t\t\t\t<div class=\"elementor-container elementor-column-gap-no\">\n\t\t\t\t\t<div class=\"elementor-column elementor-col-50 elementor-inner-column elementor-element elementor-element-0b1df57\" data-id=\"0b1df57\" data-element_type=\"column\" data-e-type=\"column\">\n\t\t\t<div class=\"elementor-widget-wrap elementor-element-populated\">\n\t\t\t\t\r\n\r\n\t\t<div class=\"elementor-element elementor-element-8f072be elementor-widget elementor-widget-eduragroupimage\" data-id=\"8f072be\" data-element_type=\"widget\" data-e-type=\"widget\" data-widget_type=\"eduragroupimage.default\">\n\t\t\t\t<div class=\"elementor-widget-container\">\n\t\t\t\t\t<div class=\"img-box1 mb-40 mb-xl-0\"><div class=\"img1\"><img decoding=\"async\" class=\"tilt-active\" src=\"https:\/\/dualstudyabroad.co.uk\/wp-content\/uploads\/2025\/03\/Copy-of-Londonist-Dublin-1024x1024-1.jpg\" alt=\"About\"><\/div><div class=\"about-grid\" data-bg-src=\"https:\/\/dualstudyabroad.co.uk\/wp-content\/uploads\/2025\/03\/Londonist-London-1-1024x1024-1.jpg\"><\/div><\/div>\t\t\t\t<\/div>\n\t\t\t\t<\/div>\n\t\t\t\t\t<\/div>\n\t\t<\/div>\n\t\t\t\t<div class=\"elementor-column elementor-col-50 elementor-inner-column elementor-element elementor-element-c48c388\" data-id=\"c48c388\" data-element_type=\"column\" data-e-type=\"column\">\n\t\t\t<div class=\"elementor-widget-wrap elementor-element-populated\">\n\t\t\t\t\t\t<div class=\"elementor-element elementor-element-f6242b7 elementor-widget elementor-widget-edurasectiontitle\" data-id=\"f6242b7\" data-element_type=\"widget\" data-e-type=\"widget\" data-widget_type=\"edurasectiontitle.default\">\n\t\t\t\t<div class=\"elementor-widget-container\">\n\t\t\t\t\t<div class=\"title-area mb-25\" ><span class=\"sub-title subtitle-selector\"><i class=\"fal fa-book me-2\"><\/i>about our consultancy<\/span><h2 class=\"sec-title title-selector\">Welcome to Dual Study Abroad<\/h2><p class=\"desc-selector\">Building on our 20 years of experience in education in Turkey, we established Dual Study Abroad Overseas Education Consultancy in London in 2021. Through our international partnerships, we provide services primarily in the United Kingdom, but also in Ireland, Canada, the United States, Malta, Dubai, and many other countries around the world.\n\n<br><br>Leveraging our advantage as a London-based overseas education consultancy firm, we offer orientation and study abroad support to students considering education in the United Kingdom, Ireland, the USA, Canada, Italy, Germany, Hungary, Poland, Malta, and Dubai, UAE.<\/p><\/div>\t\t\t\t<\/div>\n\t\t\t\t<\/div>\n\t\t\t\t<div class=\"elementor-element elementor-element-5cb512d elementor-widget elementor-widget-edurafeature\" data-id=\"5cb512d\" data-element_type=\"widget\" data-e-type=\"widget\" data-widget_type=\"edurafeature.default\">\n\t\t\t\t<div class=\"elementor-widget-container\">\n\t\t\t\t\t<div class=\"row mb-35 gy-4\"><div class=\"col-lg-6\"><div class=\"about-grid3\"><div class=\"about-grid-icon\"><img decoding=\"async\" src=\"https:\/\/themeholy.com\/wordpress\/edura\/wp-content\/uploads\/2023\/07\/about-grid-icon2-1.svg\" alt=\"about grid icon2 1\"  \/><\/div><div class=\"details\"><h5 class=\"th-title\">Lisans E\u011fitimi<\/h5><p class=\"th-desc\">Esnek programlarla gelece\u011fini kur.<\/p><\/div><\/div><\/div><div class=\"col-lg-6\"><div class=\"about-grid3\"><div class=\"about-grid-icon\"><img decoding=\"async\" src=\"https:\/\/themeholy.com\/wordpress\/edura\/wp-content\/uploads\/2023\/07\/about-grid-icon2-2.svg\" alt=\"about grid icon2 2\"  \/><\/div><div class=\"details\"><h5 class=\"th-title\">Y\u00fcksek Lisans E\u011fitimi<\/h5><p class=\"th-desc\">Online e\u011fitimle kariyerine y\u00f6n ver.<\/p><\/div><\/div><\/div><\/div>\t\t\t\t<\/div>\n\t\t\t\t<\/div>\n\t\t\t\t<div class=\"elementor-element elementor-element-33ceb53 elementor-widget elementor-widget-text-editor\" data-id=\"33ceb53\" data-element_type=\"widget\" data-e-type=\"widget\" data-widget_type=\"text-editor.default\">\n\t\t\t\t<div class=\"elementor-widget-container\">\n\t\t\t\t\t\t\t\t\t<div class=\"row align-items-center\"><div class=\"col-md-auto\"><div class=\"about-grid_img mb-30 mb-md-0\"><img decoding=\"async\" src=\"https:\/\/themeholy.com\/wordpress\/edura\/wp-content\/uploads\/2023\/07\/about_1_4.png\" alt=\"img\" \/><\/div><\/div><div class=\"col-md-7\"><div class=\"checklist\"><ul><li>D\u00fcnyan\u0131n en iyi okullar\u0131nda e\u011fitim f\u0131rsat\u0131<\/li><li>Guidance on popular majors and schools.<\/li><li>Sana en uygun \u00fcniversiteyi birlikte se\u00e7elim<\/li><\/ul><\/div><\/div><\/div>\t\t\t\t\t\t\t\t<\/div>\n\t\t\t\t<\/div>\n\t\t\t\t<div class=\"elementor-element elementor-element-268d909 elementor-widget elementor-widget-edurabutton\" data-id=\"268d909\" data-element_type=\"widget\" data-e-type=\"widget\" data-widget_type=\"edurabutton.default\">\n\t\t\t\t<div class=\"elementor-widget-container\">\n\t\t\t\t\t<!-- Button --><div class=\"btn-wrapper left\"><a class=\"th-btn\" href=\"\/en\/hakkimizda\/\">Daha Fazlas\u0131<i class=\"fa-regular fa-arrow-right ms-2\"><\/i><\/a><\/div><!-- End Button -->\t\t\t\t<\/div>\n\t\t\t\t<\/div>\n\t\t\t\t\t<\/div>\n\t\t<\/div>\n\t\t\t\t\t<\/div>\n\t\t<\/section>\n\t\t\t\t\t<\/div>\n\t\t<\/div>\n\t\t\t\t\t<\/div>\n\t\t<\/section>\n\t\t\t\t<\/div>","protected":false},"excerpt":{"rendered":"<p>dan\u0131\u015fmanl\u0131\u011f\u0131m\u0131z hakk\u0131nda Dual Study Abroad&#8217;a Ho\u015f geldiniz T\u00fcrkiye\u2019deki 20 y\u0131ll\u0131k e\u011fitim tecr\u00fcbemizi, 2021 y\u0131l\u0131nda Londra\u2019da kurdu\u011fumuz Dual Study Abroad Yurtd\u0131\u015f\u0131 E\u011fitim Dan\u0131\u015fmanl\u0131k ile devam ettirerek, kurdu\u011fumuz uluslararas\u0131 i\u015fbirliklerimiz ile ba\u015fta Birle\u015fik Krall\u0131k olmak \u00fczere \u0130rlanda, Kanada, Amerika, Malta, Dubai ve d\u00fcnyan\u0131n bir\u00e7ok \u00fclkesinde hizmet vermekteyiz. Londra merkezli bir yurtd\u0131\u015f\u0131 e\u011fitim dan\u0131\u015fmanl\u0131k firmas\u0131 olman\u0131n avantaj\u0131 ile&#8230;<\/p>","protected":false},"author":1,"featured_media":0,"parent":0,"menu_order":0,"comment_status":"closed","ping_status":"closed","template":"template-builder.php","meta":{"footnotes":""},"class_list":["post-6359","page","type-page","status-publish","hentry"],"_links":{"self":[{"href":"https:\/\/dualstudyabroad.co.uk\/en\/wp-json\/wp\/v2\/pages\/6359","targetHints":{"allow":["GET"]}}],"collection":[{"href":"https:\/\/dualstudyabroad.co.uk\/en\/wp-json\/wp\/v2\/pages"}],"about":[{"href":"https:\/\/dualstudyabroad.co.uk\/en\/wp-json\/wp\/v2\/types\/page"}],"author":[{"embeddable":true,"href":"https:\/\/dualstudyabroad.co.uk\/en\/wp-json\/wp\/v2\/users\/1"}],"replies":[{"embeddable":true,"href":"https:\/\/dualstudyabroad.co.uk\/en\/wp-json\/wp\/v2\/comments?post=6359"}],"version-history":[{"count":5,"href":"https:\/\/dualstudyabroad.co.uk\/en\/wp-json\/wp\/v2\/pages\/6359\/revisions"}],"predecessor-version":[{"id":6424,"href":"https:\/\/dualstudyabroad.co.uk\/en\/wp-json\/wp\/v2\/pages\/6359\/revisions\/6424"}],"wp:attachment":[{"href":"https:\/\/dualstudyabroad.co.uk\/en\/wp-json\/wp\/v2\/media?parent=6359"}],"curies":[{"name":"wp","href":"https:\/\/api.w.org\/{rel}","templated":true}]}}