{"id":6357,"date":"2025-03-23T23:11:40","date_gmt":"2025-03-23T20:11:40","guid":{"rendered":"https:\/\/dualstudyabroad.co.uk\/?page_id=6357"},"modified":"2025-03-23T23:40:47","modified_gmt":"2025-03-23T20:40:47","slug":"yurtdisi-universite","status":"publish","type":"page","link":"https:\/\/dualstudyabroad.co.uk\/en\/yurtdisi-universite\/","title":{"rendered":"Yurtd\u0131\u015f\u0131 \u00dcniversite"},"content":{"rendered":"<div data-elementor-type=\"wp-page\" data-elementor-id=\"6357\" class=\"elementor elementor-6357\" data-elementor-post-type=\"page\">\n\t\t\t\t\t\t<section class=\"elementor-section elementor-top-section elementor-element elementor-element-befbeea elementor-section-full_width elementor-section-height-default elementor-section-height-default\" data-id=\"befbeea\" data-element_type=\"section\" data-e-type=\"section\" data-settings=\"{&quot;background_background&quot;:&quot;classic&quot;}\">\n\t\t\t\t\t\t<div class=\"elementor-container elementor-column-gap-no\">\n\t\t\t\t\t<div class=\"elementor-column elementor-col-100 elementor-top-column elementor-element elementor-element-75a122a\" data-id=\"75a122a\" data-element_type=\"column\" data-e-type=\"column\">\n\t\t\t<div class=\"elementor-widget-wrap elementor-element-populated\">\n\t\t\t\t\t\t<section class=\"elementor-section elementor-inner-section elementor-element elementor-element-ca31220 elementor-section-boxed elementor-section-height-default elementor-section-height-default\" data-id=\"ca31220\" data-element_type=\"section\" data-e-type=\"section\">\n\t\t\t\t\t\t<div class=\"elementor-container elementor-column-gap-no\">\n\t\t\t\t\t<div class=\"elementor-column elementor-col-100 elementor-inner-column elementor-element elementor-element-0e61216\" data-id=\"0e61216\" data-element_type=\"column\" data-e-type=\"column\">\n\t\t\t<div class=\"elementor-widget-wrap elementor-element-populated\">\n\t\t\t\t\r\n\r\n\t\t<div class=\"elementor-element elementor-element-e502e24 elementor-widget elementor-widget-edurasectiontitle\" data-id=\"e502e24\" data-element_type=\"widget\" data-e-type=\"widget\" data-widget_type=\"edurasectiontitle.default\">\n\t\t\t\t<div class=\"elementor-widget-container\">\n\t\t\t\t\t<div class=\"title-area mb-25\" ><span class=\"sub-title subtitle-selector\"><i class=\"fal fa-book me-2\"><\/i>Hizmetlerimiz<\/span><h2 class=\"sec-title title-selector\">Yurtd\u0131\u015f\u0131nda \u00dcniversite<\/h2><p class=\"desc-selector\">Yurtd\u0131\u015f\u0131nda \u00fcniversite e\u011fitimi almak, hem i\u015f d\u00fcnyas\u0131nda rekabet\u00e7i bir avantaj sa\u011flamak hem de yabanc\u0131 dil becerilerini geli\u015ftirmek isteyen \u00f6\u011frenciler i\u00e7in \u00e7ekici bir se\u00e7enektir. \n\nAyr\u0131ca, T\u00fcrkiye\u2019deki e\u011fitim maliyetleriyle k\u0131yasland\u0131\u011f\u0131nda, yurtd\u0131\u015f\u0131nda \u00fcniversite okumak benzer maliyetlerle m\u00fcmk\u00fcn olabilir.\n\n\n\nD\u00fcnya genelinde sayg\u0131n \u00fcniversiteleriyle tan\u0131nan \u00fclkeler aras\u0131nda en \u00e7ok tercih edilenler ba\u015fta Amerika ve \u0130ngiltere olmak \u00fczere;\n<br><br>\nKanada, \u0130rlanda, Almanya, \u0130talya, Macaristan, Polonya\u2019d\u0131r.<\/p><\/div>\t\t\t\t<\/div>\n\t\t\t\t<\/div>\n\t\t<div class=\"elementor-element elementor-element-3baf7da e-flex e-con-boxed e-con e-parent\" data-id=\"3baf7da\" data-element_type=\"container\" data-e-type=\"container\">\n\t\t\t\t\t<div class=\"e-con-inner\">\n\t\t\t\t<div class=\"elementor-element elementor-element-3cff79c elementor-widget__width-initial elementor-widget elementor-widget-text-editor\" data-id=\"3cff79c\" data-element_type=\"widget\" data-e-type=\"widget\" data-widget_type=\"text-editor.default\">\n\t\t\t\t<div class=\"elementor-widget-container\">\n\t\t\t\t\t\t\t\t\t<div class=\"row align-items-center\"><div class=\"col-md-7\"><div class=\"checklist\"><ul><li><strong>\u0130ngiltere:<\/strong>\u00a0\u0130ngiltere, uluslararas\u0131 \u00f6\u011frencilere y\u00fcksek kaliteli e\u011fitim imkanlar\u0131 sunan bir \u00fclkedir. \u0130ngiltere\u2019de \u00fcniversite okuman\u0131n bir ayr\u0131cal\u0131k oldu\u011fu kabul edilir ve bu \u00fclkeden al\u0131nan bir diploma, d\u00fcnya \u00e7ap\u0131nda tan\u0131n\u0131r.<\/li><li><strong>Amerika:<\/strong>\u00a0Amerika, d\u00fcnya genelinde kabul g\u00f6rm\u00fc\u015f \u00fcniversiteleriyle bilinir. \u0130stedi\u011finiz alanda e\u011fitim almak i\u00e7in geni\u015f bir yelpazeye sahiptir.<\/li><li><strong>Kanada:<\/strong>\u00a0Kanada, ya\u015fam kalitesi ve uluslararas\u0131 \u00f6\u011frencilere dost\u00e7a yakla\u015f\u0131mlar\u0131yla tan\u0131n\u0131r. Dil becerilerini geli\u015ftirmek isteyen \u00f6\u011frenciler i\u00e7in ideal bir se\u00e7enektir.<\/li><li><strong>Polonya:<\/strong>\u00a0Polonya, son y\u0131llarda yurtd\u0131\u015f\u0131nda e\u011fitim almak isteyenlerin g\u00f6zdesi olmu\u015ftur. Ekonomik \u015fartlar ve e\u011fitim masraflar\u0131 di\u011fer \u00fclkelere g\u00f6re daha cazip hale getirir.<\/li><\/ul><\/div><\/div><\/div>\t\t\t\t\t\t\t\t<\/div>\n\t\t\t\t<\/div>\n\t\t\t\t<div class=\"elementor-element elementor-element-b1fba66 elementor-widget__width-initial elementor-widget elementor-widget-text-editor\" data-id=\"b1fba66\" data-element_type=\"widget\" data-e-type=\"widget\" data-widget_type=\"text-editor.default\">\n\t\t\t\t<div class=\"elementor-widget-container\">\n\t\t\t\t\t\t\t\t\t<div class=\"row align-items-center\"><div class=\"col-md-7\"><div class=\"checklist\"><ul><li><strong>\u0130talya:<\/strong>\u00a0\u0130talya, \u00f6zellikle tasar\u0131m, moda ve sanat alanlar\u0131nda \u00fcniversite e\u011fitimi almak isteyen \u00f6\u011frenciler i\u00e7in pop\u00fcler bir destinasyondur.<\/li><li><strong>Macaristan:<\/strong>\u00a0Macaristan, T\u00fcrkiye\u2019de lise d\u00fczeyindeki e\u011fitimlerini tamamlayan \u00f6\u011frenciler i\u00e7in cazip bir se\u00e7enektir ve son y\u0131llarda Mimarlik alan\u0131nda en \u00e7ok tercih edilen \u00fclkeler aras\u0131nda yerini almaktad\u0131r.<\/li><li><strong>Almanya:<\/strong>\u00a0Avrupa\u2019n\u0131n merkezinde yer alan Almanya, \u00f6zellikle m\u00fchendislik alan\u0131nda en iyi \u00fcniversitelere sahip olmakla birlikte; ekonomik ko\u015fullar ve master programlar\u0131 i\u00e7in ideal bir \u00fclkedir.<\/li><li><strong>\u0130rlanda:<\/strong>\u00a0Son 15 y\u0131lda \u00f6zellikle bilgi teknoloji alan\u0131nda yapt\u0131\u011f\u0131 yat\u0131r\u0131mlarla Google, Ebay, Airbnb gibi Uluslararas\u0131 \u015firketlerin Avrupa Merkezi haline gelmi\u015f olmas\u0131 sebebi ile son y\u0131llarda trend g\u00f6steren \u00fclkeler aras\u0131nda yerini almas\u0131 itibari ile tercih edilmektedir.Avrupa\u2019da \u0130ngiltere ekol\u00fcn\u00fcn devam\u0131 olarak daha\u00a0ekonomik ko\u015fullar ve master programlar\u0131 i\u00e7in ideal bir \u00fclkedir.<\/li><\/ul><\/div><\/div><\/div>\t\t\t\t\t\t\t\t<\/div>\n\t\t\t\t<\/div>\n\t\t\t\t\t<\/div>\n\t\t\t\t<\/div>\n\t\t<div class=\"elementor-element elementor-element-44d7497 e-flex e-con-boxed e-con e-parent\" data-id=\"44d7497\" data-element_type=\"container\" data-e-type=\"container\">\n\t\t\t\t\t<div class=\"e-con-inner\">\n\t\t\t\t<div class=\"elementor-element elementor-element-c1251fd elementor-widget__width-initial elementor-widget elementor-widget-text-editor\" data-id=\"c1251fd\" data-element_type=\"widget\" data-e-type=\"widget\" data-widget_type=\"text-editor.default\">\n\t\t\t\t<div class=\"elementor-widget-container\">\n\t\t\t\t\t\t\t\t\t<div class=\"row align-items-center\"><div class=\"col-md-7\"><div class=\"checklist\"><p><strong><strong>\u00dclke ve \u00fcniversiteye g\u00f6re de\u011fi\u015fiklik g\u00f6stermekle birlikte Yurtd\u0131\u015f\u0131nda \u00fcniversite okumak i\u00e7in gereken \u015fartlar;<\/strong><br \/><br \/><\/strong><\/p><ul><li>Yeterli d\u00fczeyde \u0130ngilizce dil bilgisi<\/li><li>TOEFL veya IELTS s\u0131nav skorlar\u0131<\/li><li>Belirli bir not ortalamas\u0131<\/li><li>SAT (Scholastic Aptitude Test) skoru (baz\u0131 \u00fcniversiteler i\u00e7in)<\/li><li>Spor veya sanatsal faaliyetlere kat\u0131l\u0131m<\/li><li>Di\u011fer ba\u015far\u0131lar ve referanslar<\/li><\/ul><\/div><\/div><\/div>\t\t\t\t\t\t\t\t<\/div>\n\t\t\t\t<\/div>\n\t\t\t\t<div class=\"elementor-element elementor-element-451e26e elementor-widget__width-initial elementor-widget elementor-widget-text-editor\" data-id=\"451e26e\" data-element_type=\"widget\" data-e-type=\"widget\" data-widget_type=\"text-editor.default\">\n\t\t\t\t<div class=\"elementor-widget-container\">\n\t\t\t\t\t\t\t\t\t<div class=\"row align-items-center\"><div class=\"col-md-7\"><div class=\"checklist\"><p><strong><strong>Yurtd\u0131\u015f\u0131nda \u00fcniversite ba\u015fvurular\u0131 i\u00e7in gerekli evraklar ise;<\/strong><br \/><\/strong><\/p><ul><li>Lise veya \u00fcniversite diplomas\u0131<\/li><li>\u0130ngilizce transkript<\/li><li>\u0130ngilizce Yeterlilik S\u0131nav Sonucu (\u015fartl\u0131 kabullerde sonradan sa\u011flanabilir)<\/li><li>Ba\u015fvuru formlar\u0131<\/li><li>Motivasyon mektubu<\/li><li>Referans mektuplar\u0131<\/li><li>Finansal d\u00f6k\u00fcmanlar<\/li><\/ul><\/div><\/div><\/div>\t\t\t\t\t\t\t\t<\/div>\n\t\t\t\t<\/div>\n\t\t\t\t\t<\/div>\n\t\t\t\t<\/div>\n\t\t<div class=\"elementor-element elementor-element-8eba379 e-flex e-con-boxed e-con e-parent\" data-id=\"8eba379\" data-element_type=\"container\" data-e-type=\"container\">\n\t\t\t\t\t<div class=\"e-con-inner\">\n\t\t\t\t<div class=\"elementor-element elementor-element-71f3b92 elementor-widget elementor-widget-edurasectiontitle\" data-id=\"71f3b92\" data-element_type=\"widget\" data-e-type=\"widget\" data-widget_type=\"edurasectiontitle.default\">\n\t\t\t\t<div class=\"elementor-widget-container\">\n\t\t\t\t\t<div class=\"title-area mb-25\" ><p class=\"desc-selector\"><strong>E\u011fer \u00f6\u011frenci yukar\u0131daki \u015fartlar\u0131n hi\u00e7birini tam olarak sa\u011flam\u0131yorsa \u00f6\u011frenci bu durumda yurtd\u0131\u015f\u0131nda Foundat\u0131on\/ Pathway programlar\u0131 (Haz\u0131rl\u0131k Program\u0131)  ile yerle\u015fim yap\u0131labilir.<\/strong>\n<br><br>\n<strong>E\u011fer \u00f6\u011frencilerin not ortalamas\u0131 uygun ancak sadece \u0130ngilizce yeterlili\u011fi yok ise yurtd\u0131\u015f\u0131ndaki \u00fcniversitelere \u015fartl\u0131 kabul ile al\u0131n\u0131r. Bu s\u00fcre\u00e7te \u00f6\u011frencinin \u0130ngilizce seviyesi kabul alacak \u015fekilde geli\u015ftirilir.<\/strong>\n<br><br>\nYurtd\u0131\u015f\u0131nda \u00dcniversite ba\u015fvuru s\u00fcre\u00e7leri T\u00fcrkiye\u2019den farkl\u0131 olarak (\u00fcniversite ve b\u00f6l\u00fcm bazl\u0131 \u00f6zel s\u0131navlar d\u0131\u015f\u0131nda) SINAVSIZ olup daha \u00e7ok \u00f6\u011frenci bazl\u0131 bir ba\u015fvuru ajandas\u0131 ile ba\u015fvurular yap\u0131lmaktad\u0131r.\n<br><br>\nHer \u00f6\u011frencinin ihtiya\u00e7lar\u0131 farkl\u0131d\u0131r ve ba\u015fvuru s\u00fcreci \u00fclke ve \u00fcniversiteye ba\u011fl\u0131 olarak de\u011fi\u015fiklik g\u00f6sterebilir. \n<br><br>\nBu nedenle, yurtd\u0131\u015f\u0131nda \u00fcniversite e\u011fitimi almay\u0131 d\u00fc\u015f\u00fcn\u00fcyorsan\u0131z, uzman bir e\u011fitim dan\u0131\u015fman\u0131ndan destek alman\u0131z faydal\u0131 olacakt\u0131r.<\/p><\/div>\t\t\t\t<\/div>\n\t\t\t\t<\/div>\n\t\t\t\t\t<\/div>\n\t\t\t\t<\/div>\n\t\t\t\t\t<\/div>\n\t\t<\/div>\n\t\t\t\t\t<\/div>\n\t\t<\/section>\n\t\t\t\t\t<\/div>\n\t\t<\/div>\n\t\t\t\t\t<\/div>\n\t\t<\/section>\n\t\t\t\t<\/div>","protected":false},"excerpt":{"rendered":"<p>Hizmetlerimiz Yurtd\u0131\u015f\u0131nda \u00dcniversite Yurtd\u0131\u015f\u0131nda \u00fcniversite e\u011fitimi almak, hem i\u015f d\u00fcnyas\u0131nda rekabet\u00e7i bir avantaj sa\u011flamak hem de yabanc\u0131 dil becerilerini geli\u015ftirmek isteyen \u00f6\u011frenciler i\u00e7in \u00e7ekici bir se\u00e7enektir. Ayr\u0131ca, T\u00fcrkiye\u2019deki e\u011fitim maliyetleriyle k\u0131yasland\u0131\u011f\u0131nda, yurtd\u0131\u015f\u0131nda \u00fcniversite okumak benzer maliyetlerle m\u00fcmk\u00fcn olabilir. D\u00fcnya genelinde sayg\u0131n \u00fcniversiteleriyle tan\u0131nan \u00fclkeler aras\u0131nda en \u00e7ok tercih edilenler ba\u015fta Amerika ve \u0130ngiltere olmak \u00fczere;&#8230;<\/p>","protected":false},"author":1,"featured_media":0,"parent":0,"menu_order":0,"comment_status":"closed","ping_status":"closed","template":"template-builder.php","meta":{"footnotes":""},"class_list":["post-6357","page","type-page","status-publish","hentry"],"_links":{"self":[{"href":"https:\/\/dualstudyabroad.co.uk\/en\/wp-json\/wp\/v2\/pages\/6357","targetHints":{"allow":["GET"]}}],"collection":[{"href":"https:\/\/dualstudyabroad.co.uk\/en\/wp-json\/wp\/v2\/pages"}],"about":[{"href":"https:\/\/dualstudyabroad.co.uk\/en\/wp-json\/wp\/v2\/types\/page"}],"author":[{"embeddable":true,"href":"https:\/\/dualstudyabroad.co.uk\/en\/wp-json\/wp\/v2\/users\/1"}],"replies":[{"embeddable":true,"href":"https:\/\/dualstudyabroad.co.uk\/en\/wp-json\/wp\/v2\/comments?post=6357"}],"version-history":[{"count":28,"href":"https:\/\/dualstudyabroad.co.uk\/en\/wp-json\/wp\/v2\/pages\/6357\/revisions"}],"predecessor-version":[{"id":6419,"href":"https:\/\/dualstudyabroad.co.uk\/en\/wp-json\/wp\/v2\/pages\/6357\/revisions\/6419"}],"wp:attachment":[{"href":"https:\/\/dualstudyabroad.co.uk\/en\/wp-json\/wp\/v2\/media?parent=6357"}],"curies":[{"name":"wp","href":"https:\/\/api.w.org\/{rel}","templated":true}]}}