{"id":6355,"date":"2025-03-23T23:11:09","date_gmt":"2025-03-23T20:11:09","guid":{"rendered":"https:\/\/dualstudyabroad.co.uk\/?page_id=6355"},"modified":"2026-03-26T15:35:09","modified_gmt":"2026-03-26T12:35:09","slug":"yurtdisinda-dil-egitimi","status":"publish","type":"page","link":"https:\/\/dualstudyabroad.co.uk\/en\/yurtdisinda-dil-egitimi\/","title":{"rendered":"Yurtd\u0131\u015f\u0131nda Dil E\u011fitimi"},"content":{"rendered":"<div data-elementor-type=\"wp-page\" data-elementor-id=\"6355\" class=\"elementor elementor-6355\" data-elementor-post-type=\"page\">\n\t\t\t\t\t\t<section class=\"elementor-section elementor-top-section elementor-element elementor-element-d45d019 elementor-section-full_width elementor-section-height-default elementor-section-height-default\" data-id=\"d45d019\" data-element_type=\"section\" data-e-type=\"section\" data-settings=\"{&quot;background_background&quot;:&quot;classic&quot;}\">\n\t\t\t\t\t\t<div class=\"elementor-container elementor-column-gap-no\">\n\t\t\t\t\t<div class=\"elementor-column elementor-col-100 elementor-top-column elementor-element elementor-element-cd83f58\" data-id=\"cd83f58\" data-element_type=\"column\" data-e-type=\"column\">\n\t\t\t<div class=\"elementor-widget-wrap elementor-element-populated\">\n\t\t\t\t\t\t<section class=\"elementor-section elementor-inner-section elementor-element elementor-element-a7211f7 elementor-section-boxed elementor-section-height-default elementor-section-height-default\" data-id=\"a7211f7\" data-element_type=\"section\" data-e-type=\"section\">\n\t\t\t\t\t\t<div class=\"elementor-container elementor-column-gap-no\">\n\t\t\t\t\t<div class=\"elementor-column elementor-col-100 elementor-inner-column elementor-element elementor-element-8b2a07c\" data-id=\"8b2a07c\" data-element_type=\"column\" data-e-type=\"column\">\n\t\t\t<div class=\"elementor-widget-wrap elementor-element-populated\">\n\t\t\t\t\r\n\r\n\t\t<div class=\"elementor-element elementor-element-d46597f elementor-widget elementor-widget-edurasectiontitle\" data-id=\"d46597f\" data-element_type=\"widget\" data-e-type=\"widget\" data-widget_type=\"edurasectiontitle.default\">\n\t\t\t\t<div class=\"elementor-widget-container\">\n\t\t\t\t\t<div class=\"title-area mb-25\" ><span class=\"sub-title subtitle-selector\"><i class=\"fal fa-book me-2\"><\/i>Hizmetlerimiz<\/span><h2 class=\"sec-title title-selector\">Yurtd\u0131\u015f\u0131nda Dil E\u011fitimi<\/h2><p class=\"desc-selector\">\u00d6\u011frencilerimizin ihtiya\u00e7lar\u0131na uygun olarak her ya\u015f ve seviyeye hitap eden, istedikleri \u00fclke ve \u015fehirde farkl\u0131 b\u00fct\u00e7elere uygun \u00e7ok say\u0131da yurtd\u0131\u015f\u0131 dil okulu se\u00e7ene\u011fi portf\u00f6y\u00fcm\u00fczde bulunmaktad\u0131r\n<br>\nSize \u00d6zel ihtiya\u00e7lar\u0131n\u0131za en uygun se\u00e7enekleri sunmak ve kay\u0131t ve kay\u0131t sonras\u0131 t\u00fcm a\u015famalarda destek alabilece\u011finiz;\n<br><br>\nAmerika, \u0130ngiltere, \u0130rlanda, Kanada, Avustralya, BAE Dubai ve Avrupa\u2019da bir\u00e7ok \u00fclkede (Almanya -  Fransa- \u0130spanya - Malta...) bulunan dil okullar\u0131m\u0131zdaki programlar\u0131m\u0131zdan baz\u0131lar\u0131;<\/p><\/div>\t\t\t\t<\/div>\n\t\t\t\t<\/div>\n\t\t<div class=\"elementor-element elementor-element-40b3643 e-flex e-con-boxed e-con e-parent\" data-id=\"40b3643\" data-element_type=\"container\" data-e-type=\"container\">\n\t\t\t\t\t<div class=\"e-con-inner\">\n\t\t\t\t<div class=\"elementor-element elementor-element-fc553ad elementor-widget__width-initial elementor-widget elementor-widget-text-editor\" data-id=\"fc553ad\" data-element_type=\"widget\" data-e-type=\"widget\" data-widget_type=\"text-editor.default\">\n\t\t\t\t<div class=\"elementor-widget-container\">\n\t\t\t\t\t\t\t\t\t<div class=\"row align-items-center\"><div class=\"col-md-7\"><div class=\"checklist\"><ul><li>\u0130ngilizce, \u0130spanyolca, Almanca, Frans\u0131zca<\/li><li>Genel \u0130ngilizce<\/li><li>Work &amp; Study (\u0130ngilizce \u00d6\u011frenirken \u00c7al\u0131\u015fma \u0130mkan\u0131)<\/li><li>S\u0131navlara haz\u0131rl\u0131k kurslar\u0131 ( IELTS, TOEFL, CAMBRIDGE,\u00a0 \u0130ngiltere Aile Birle\u015fimi UKVI A1 \u2013 A2 -B1 Aile Birle\u015fim S\u0131navlar\u0131\u2026)<\/li><li>\u0130\u015f \u0130ngilizcesi<\/li><li>Mesleki \u0130ngilizce (Hukuk \u0130ngilizcesi, T\u0131p \u0130ngilizcesi\u2026)<\/li><li>\u0130ngilizce ve Staj programlar\u0131<\/li><li>Gen\u00e7 ve yeti\u015fkinlere y\u00f6nelik aktivite kurslar\u0131<\/li><li>\u00c7ocuk ve gen\u00e7ler i\u00e7in K\u0131\u015f ve Yaz Kamplar\u0131<\/li><li>\u00dcniversite Haz\u0131rl\u0131k (Foundation \/ Pathway)<\/li><li>Pre \u2013 Master Programlar\u0131<\/li><\/ul><\/div><\/div><\/div>\t\t\t\t\t\t\t\t<\/div>\n\t\t\t\t<\/div>\n\t\t\t\t\t<\/div>\n\t\t\t\t<\/div>\n\t\t\t\t\t<\/div>\n\t\t<\/div>\n\t\t\t\t\t<\/div>\n\t\t<\/section>\n\t\t\t\t\t<\/div>\n\t\t<\/div>\n\t\t\t\t\t<\/div>\n\t\t<\/section>\n\t\t\t\t<\/div>","protected":false},"excerpt":{"rendered":"<p>Hizmetlerimiz Yurtd\u0131\u015f\u0131nda Dil E\u011fitimi \u00d6\u011frencilerimizin ihtiya\u00e7lar\u0131na uygun olarak her ya\u015f ve seviyeye hitap eden, istedikleri \u00fclke ve \u015fehirde farkl\u0131 b\u00fct\u00e7elere uygun \u00e7ok say\u0131da yurtd\u0131\u015f\u0131 dil okulu se\u00e7ene\u011fi portf\u00f6y\u00fcm\u00fczde bulunmaktad\u0131r Size \u00d6zel ihtiya\u00e7lar\u0131n\u0131za en uygun se\u00e7enekleri sunmak ve kay\u0131t ve kay\u0131t sonras\u0131 t\u00fcm a\u015famalarda destek alabilece\u011finiz; Amerika, \u0130ngiltere, \u0130rlanda, Kanada, Avustralya, BAE Dubai ve Avrupa\u2019da bir\u00e7ok&#8230;<\/p>","protected":false},"author":1,"featured_media":0,"parent":0,"menu_order":0,"comment_status":"closed","ping_status":"closed","template":"template-builder.php","meta":{"footnotes":""},"class_list":["post-6355","page","type-page","status-publish","hentry"],"_links":{"self":[{"href":"https:\/\/dualstudyabroad.co.uk\/en\/wp-json\/wp\/v2\/pages\/6355","targetHints":{"allow":["GET"]}}],"collection":[{"href":"https:\/\/dualstudyabroad.co.uk\/en\/wp-json\/wp\/v2\/pages"}],"about":[{"href":"https:\/\/dualstudyabroad.co.uk\/en\/wp-json\/wp\/v2\/types\/page"}],"author":[{"embeddable":true,"href":"https:\/\/dualstudyabroad.co.uk\/en\/wp-json\/wp\/v2\/users\/1"}],"replies":[{"embeddable":true,"href":"https:\/\/dualstudyabroad.co.uk\/en\/wp-json\/wp\/v2\/comments?post=6355"}],"version-history":[{"count":19,"href":"https:\/\/dualstudyabroad.co.uk\/en\/wp-json\/wp\/v2\/pages\/6355\/revisions"}],"predecessor-version":[{"id":12278,"href":"https:\/\/dualstudyabroad.co.uk\/en\/wp-json\/wp\/v2\/pages\/6355\/revisions\/12278"}],"wp:attachment":[{"href":"https:\/\/dualstudyabroad.co.uk\/en\/wp-json\/wp\/v2\/media?parent=6355"}],"curies":[{"name":"wp","href":"https:\/\/api.w.org\/{rel}","templated":true}]}}