{"id":6034,"date":"2025-03-23T04:00:29","date_gmt":"2025-03-23T01:00:29","guid":{"rendered":"https:\/\/dualstudyabroad.co.uk\/?page_id=6034"},"modified":"2026-01-12T11:28:52","modified_gmt":"2026-01-12T08:28:52","slug":"hizmetlerimiz","status":"publish","type":"page","link":"https:\/\/dualstudyabroad.co.uk\/en\/hizmetlerimiz\/","title":{"rendered":"Hizmetlerimiz"},"content":{"rendered":"<div data-elementor-type=\"wp-page\" data-elementor-id=\"6034\" class=\"elementor elementor-6034\" data-elementor-post-type=\"page\">\n\t\t\t\t<div class=\"elementor-element elementor-element-2c4fc77 e-flex e-con-boxed e-con e-parent\" data-id=\"2c4fc77\" data-element_type=\"container\" data-e-type=\"container\">\n\t\t\t\t\t<div class=\"e-con-inner\">\n\t\t<div class=\"elementor-element elementor-element-b47a89c e-con-full e-flex e-con e-child\" data-id=\"b47a89c\" data-element_type=\"container\" data-e-type=\"container\">\n\t\t\r\n\r\n\t\t<div class=\"elementor-element elementor-element-6acce90 elementor-widget elementor-widget-edurasectiontitle\" data-id=\"6acce90\" data-element_type=\"widget\" data-e-type=\"widget\" data-widget_type=\"edurasectiontitle.default\">\n\t\t\t\t<div class=\"elementor-widget-container\">\n\t\t\t\t\t<div class=\"title-area mb-25\" ><span class=\"sub-title subtitle-selector\"><i class=\"fal fa-book me-2\"><\/i>Hizmetlerimiz<\/span><h2 class=\"sec-title title-selector\">Yurtd\u0131\u015f\u0131nda E\u011fitim ve Konaklama \u00c7\u00f6z\u00fcmleri<\/h2><p class=\"desc-selector\">K\u00fcreselle\u015fen d\u00fcnyada rekabet avantaj\u0131 sa\u011flamak ve akademik geli\u015fiminizi bir ad\u0131m \u00f6teye ta\u015f\u0131mak i\u00e7in yurtd\u0131\u015f\u0131nda e\u011fitim \u00f6nemli bir f\u0131rsatt\u0131r. \u00d6\u011frencilerimizin ihtiya\u00e7lar\u0131na uygun olarak sundu\u011fumuz yurtd\u0131\u015f\u0131 dil e\u011fitimi, \u00fcniversite programlar\u0131 ve g\u00fcvenli konaklama hizmetleri ile her ad\u0131mda yan\u0131n\u0131zday\u0131z. Amac\u0131m\u0131z, hem akademik hem de ki\u015fisel geli\u015fiminizi destekleyerek, e\u011fitim hayat\u0131n\u0131z\u0131 en verimli ve konforlu \u015fekilde s\u00fcrd\u00fcrebilece\u011finiz \u00e7\u00f6z\u00fcmler sunmakt\u0131r.<\/p><\/div>\t\t\t\t<\/div>\n\t\t\t\t<\/div>\n\t\t\t\t<\/div>\n\t\t<div class=\"elementor-element elementor-element-bd13052 e-con-full e-flex e-con e-child\" data-id=\"bd13052\" data-element_type=\"container\" data-e-type=\"container\">\n\t\t\t\t<div class=\"elementor-element elementor-element-8d671ff elementor-widget elementor-widget-edurafeature\" data-id=\"8d671ff\" data-element_type=\"widget\" data-e-type=\"widget\" data-widget_type=\"edurafeature.default\">\n\t\t\t\t<div class=\"elementor-widget-container\">\n\t\t\t\t\t<div class=\"row gy-4 justify-content-center\"><div class=\"col-md-6 col-lg-4\"><div class=\"service-card style2 service-card2\"><div class=\"service-content\"><h3 class=\"service-card-title th-title\"><a href=\"\/en\/yurtdisinda-dil-egitimi\/\"><span style=\"text-decoration: underline\">Yurtd\u0131\u015f\u0131nda Dil E\u011fitimi<\/span>\n<\/a><\/h3><p class=\"service-card-text th-desc\">\u00d6\u011frencilerimizin ihtiya\u00e7lar\u0131na uygun olarak her ya\u015f ve seviyeye hitap eden, istedikleri \u00fclke ve \u015fehirde farkl\u0131 b\u00fct\u00e7elere uygun \u00e7ok say\u0131da yurtd\u0131\u015f\u0131 dil okulu se\u00e7ene\u011fi portf\u00f6y\u00fcm\u00fczde bulunmaktad\u0131r<\/p><\/div><\/div><\/div><div class=\"col-md-6 col-lg-4\"><div class=\"service-card style2 service-card2 service-card2-active\"><div class=\"service-content\"><h3 class=\"service-card-title th-title\"><a href=\"\/en\/yurtdisi-universite\/\"><span style=\"text-decoration: underline\">Yurtd\u0131\u015f\u0131 \u00dcniversite<\/span><\/a><\/h3><p class=\"service-card-text th-desc\">Yurtd\u0131\u015f\u0131nda \u00fcniversite e\u011fitimi almak, hem i\u015f d\u00fcnyas\u0131nda rekabet\u00e7i bir avantaj sa\u011flamak hem de yabanc\u0131 dil becerilerini geli\u015ftirmek isteyen \u00f6\u011frenciler i\u00e7in \u00e7ekici bir se\u00e7enektir. <\/p><\/div><\/div><\/div><div class=\"col-md-6 col-lg-4\"><div class=\"service-card style2 service-card2\"><div class=\"service-content\"><h3 class=\"service-card-title th-title\"><a href=\"\/en\/ogrenciler-icin-konaklama-hizmeti\/\"><span style=\"text-decoration: underline\">\u00d6\u011frenciler i\u00e7in Konaklama Hizmeti<\/span><\/a><\/h3><p class=\"service-card-text th-desc\">Londra ve Dublin\u2019de G\u00fcvenli \u00d6\u011frenci Konaklamas\u0131!\n\nYeni bir \u015fehirde konaklama bulmak zor olabilir, ancak endi\u015felenmeyin! \u00d6\u011frenci konaklama hizmetimizle g\u00fcvenli ve konforlu bir ortamda kalabilirsiniz.<\/p><\/div><\/div><\/div><\/div>\t\t\t\t<\/div>\n\t\t\t\t<\/div>\n\t\t\t\t<\/div>\n\t\t\t\t\t<\/div>\n\t\t\t\t<\/div>\n\t\t\t\t<section class=\"elementor-section elementor-top-section elementor-element elementor-element-74042d3 elementor-section-full_width elementor-section-height-default elementor-section-height-default\" data-id=\"74042d3\" data-element_type=\"section\" data-e-type=\"section\" data-settings=\"{&quot;background_background&quot;:&quot;classic&quot;}\">\n\t\t\t\t\t\t<div class=\"elementor-container elementor-column-gap-no\">\n\t\t\t\t\t<div class=\"elementor-column elementor-col-100 elementor-top-column elementor-element elementor-element-be86823\" data-id=\"be86823\" data-element_type=\"column\" data-e-type=\"column\">\n\t\t\t<div class=\"elementor-widget-wrap elementor-element-populated\">\n\t\t\t\t\t\t<section class=\"elementor-section elementor-inner-section elementor-element elementor-element-0ff3ef8 elementor-section-boxed elementor-section-height-default elementor-section-height-default\" data-id=\"0ff3ef8\" data-element_type=\"section\" data-e-type=\"section\">\n\t\t\t\t\t\t<div class=\"elementor-container elementor-column-gap-no\">\n\t\t\t\t\t<div class=\"elementor-column elementor-col-100 elementor-inner-column elementor-element elementor-element-f4b9d91\" data-id=\"f4b9d91\" data-element_type=\"column\" data-e-type=\"column\">\n\t\t\t<div class=\"elementor-widget-wrap elementor-element-populated\">\n\t\t\t\t\t\t<div class=\"elementor-element elementor-element-237c96e elementor-widget elementor-widget-edurasectiontitle\" data-id=\"237c96e\" data-element_type=\"widget\" data-e-type=\"widget\" data-widget_type=\"edurasectiontitle.default\">\n\t\t\t\t<div class=\"elementor-widget-container\">\n\t\t\t\t\t<div class=\"title-area mb-25\" ><span class=\"sub-title subtitle-selector\"><i class=\"fal fa-book me-2\"><\/i>Hizmetlerimiz<\/span><h2 class=\"sec-title title-selector\">Dual Study Abroad ile K\u00fcresel E\u011fitim!<\/h2><p class=\"desc-selector\">T\u00fcrkiye\u2019deki 20 y\u0131ll\u0131k E\u011fitim tecr\u00fcbemizi Birle\u015fik Krall\u0131k\u2019da Londra\u2019da a\u00e7t\u0131\u011f\u0131m\u0131z Dual Study Abroad Yurtd\u0131\u015f\u0131 E\u011fitim Dan\u0131\u015fmanl\u0131k ile birle\u015ftirdik.\n\nBa\u015fta \u0130ngiltere olmak \u00fczere;\n<br><br>\n\u0130rlanda, Kanada, Amerika, Malta ve Dubai ve D\u00fcnya\u2019n\u0131n \u00e7e\u015fitli \u00fclke ve \u015fehirlerinde Dil Okulu, Sertifika Programlar\u0131, \u00dcniversite Lisans E\u011fitimi ve Master- Y\u00fcksek Lisans e\u011fitimleriniz i\u00e7in Londra ve T\u00fcrkiye Ofislerimizle Yan\u0131n\u0131zday\u0131z.<\/p><\/div>\t\t\t\t<\/div>\n\t\t\t\t<\/div>\n\t\t<div class=\"elementor-element elementor-element-4c5c309 e-flex e-con-boxed e-con e-parent\" data-id=\"4c5c309\" data-element_type=\"container\" data-e-type=\"container\">\n\t\t\t\t\t<div class=\"e-con-inner\">\n\t\t\t\t<div class=\"elementor-element elementor-element-680515d elementor-widget__width-initial elementor-widget elementor-widget-text-editor\" data-id=\"680515d\" data-element_type=\"widget\" data-e-type=\"widget\" data-widget_type=\"text-editor.default\">\n\t\t\t\t<div class=\"elementor-widget-container\">\n\t\t\t\t\t\t\t\t\t<div class=\"row align-items-center\"><div class=\"col-md-7\"><div class=\"checklist\"><p><strong>Yurtd\u0131\u015f\u0131 E\u011fitim Dan\u0131\u015fmanl\u0131\u011f\u0131:<br \/><\/strong><\/p><ul><li>Dil Okulu<\/li><li>Yaz Okulu<\/li><li>Work &amp; Study (\u00a0Hem \u00c7al\u0131\u015f Hem Dil \u00d6\u011fren) Program Dan\u0131\u015fmanl\u0131\u011f\u0131 (\u0130rlanda- Malta- Dubai)<\/li><li>Sertifika \u2013 Diploma Programlar\u0131<\/li><li>\u00dcniversite Lisans E\u011fitim Dan\u0131\u015fmanl\u0131\u011f\u0131<\/li><li>\u00dcniversite Y\u00fcksek Lisans E\u011fitim Dan\u0131\u015fmanl\u0131\u011f\u0131<\/li><li>Akademik \u0130ngilizce<\/li><li>Mesleki \u0130ngilizce<\/li><li>S\u0131nav \u0130ngilizcesi<\/li><li>Vize Dan\u0131\u015fmanl\u0131\u011f\u0131<\/li><\/ul><\/div><\/div><\/div>\t\t\t\t\t\t\t\t<\/div>\n\t\t\t\t<\/div>\n\t\t\t\t<div class=\"elementor-element elementor-element-da1238e elementor-widget__width-initial elementor-widget elementor-widget-text-editor\" data-id=\"da1238e\" data-element_type=\"widget\" data-e-type=\"widget\" data-widget_type=\"text-editor.default\">\n\t\t\t\t<div class=\"elementor-widget-container\">\n\t\t\t\t\t\t\t\t\t<div class=\"row align-items-center\"><div class=\"col-md-7\"><div class=\"checklist\"><p><strong>\u0130ngiltere\u2019de Ya\u015fayan T\u00fcrk Vatanda\u015flar\u0131na ve Aile Birle\u015fimine y\u00f6nelik \u0130ngilizce Dil Deste\u011fi:<\/strong><\/p><ul><li>Pratik \u0130ngilizce (G\u00fcnl\u00fck Konu\u015fma) Dil E\u011fitimi Deste\u011fi<\/li><li>Vize \u0130\u00e7in Gerekli A1 IELTS LIFE SKILLS S\u0131nav Deste\u011fi<\/li><li>Vize \u0130\u00e7in Gerekli A2 IELTS LIFE SKILLS S\u0131nav Deste\u011fi<\/li><li>Vize \u0130\u00e7in Gerekli B1 IELTS LIFE SKILLS S\u0131nav Deste\u011fi<\/li><\/ul><\/div><\/div><\/div>\t\t\t\t\t\t\t\t<\/div>\n\t\t\t\t<\/div>\n\t\t\t\t\t<\/div>\n\t\t\t\t<\/div>\n\t\t\t\t\t<\/div>\n\t\t<\/div>\n\t\t\t\t\t<\/div>\n\t\t<\/section>\n\t\t\t\t\t<\/div>\n\t\t<\/div>\n\t\t\t\t\t<\/div>\n\t\t<\/section>\n\t\t\t\t<\/div>","protected":false},"excerpt":{"rendered":"<p>Hizmetlerimiz Yurtd\u0131\u015f\u0131nda E\u011fitim ve Konaklama \u00c7\u00f6z\u00fcmleri K\u00fcreselle\u015fen d\u00fcnyada rekabet avantaj\u0131 sa\u011flamak ve akademik geli\u015fiminizi bir ad\u0131m \u00f6teye ta\u015f\u0131mak i\u00e7in yurtd\u0131\u015f\u0131nda e\u011fitim \u00f6nemli bir f\u0131rsatt\u0131r. \u00d6\u011frencilerimizin ihtiya\u00e7lar\u0131na uygun olarak sundu\u011fumuz yurtd\u0131\u015f\u0131 dil e\u011fitimi, \u00fcniversite programlar\u0131 ve g\u00fcvenli konaklama hizmetleri ile her ad\u0131mda yan\u0131n\u0131zday\u0131z. Amac\u0131m\u0131z, hem akademik hem de ki\u015fisel geli\u015fiminizi destekleyerek, e\u011fitim hayat\u0131n\u0131z\u0131 en verimli ve&#8230;<\/p>","protected":false},"author":1,"featured_media":0,"parent":0,"menu_order":0,"comment_status":"closed","ping_status":"closed","template":"template-builder.php","meta":{"footnotes":""},"class_list":["post-6034","page","type-page","status-publish","hentry"],"_links":{"self":[{"href":"https:\/\/dualstudyabroad.co.uk\/en\/wp-json\/wp\/v2\/pages\/6034","targetHints":{"allow":["GET"]}}],"collection":[{"href":"https:\/\/dualstudyabroad.co.uk\/en\/wp-json\/wp\/v2\/pages"}],"about":[{"href":"https:\/\/dualstudyabroad.co.uk\/en\/wp-json\/wp\/v2\/types\/page"}],"author":[{"embeddable":true,"href":"https:\/\/dualstudyabroad.co.uk\/en\/wp-json\/wp\/v2\/users\/1"}],"replies":[{"embeddable":true,"href":"https:\/\/dualstudyabroad.co.uk\/en\/wp-json\/wp\/v2\/comments?post=6034"}],"version-history":[{"count":38,"href":"https:\/\/dualstudyabroad.co.uk\/en\/wp-json\/wp\/v2\/pages\/6034\/revisions"}],"predecessor-version":[{"id":6380,"href":"https:\/\/dualstudyabroad.co.uk\/en\/wp-json\/wp\/v2\/pages\/6034\/revisions\/6380"}],"wp:attachment":[{"href":"https:\/\/dualstudyabroad.co.uk\/en\/wp-json\/wp\/v2\/media?parent=6034"}],"curies":[{"name":"wp","href":"https:\/\/api.w.org\/{rel}","templated":true}]}}