{"id":5988,"date":"2025-03-22T20:29:48","date_gmt":"2025-03-22T17:29:48","guid":{"rendered":"https:\/\/dualstudyabroad.co.uk\/ogrenci-kaydi\/"},"modified":"2025-03-22T20:29:48","modified_gmt":"2025-03-22T17:29:48","slug":"ogrenci-kaydi","status":"publish","type":"page","link":"https:\/\/dualstudyabroad.co.uk\/en\/ogrenci-kaydi\/","title":{"rendered":"\u00d6\u011frenci Kayd\u0131"},"content":{"rendered":"<form method=\"post\" enctype=\"multipart\/form-data\" id=\"tutor-registration-from\" action=\"\">\r\n        <input type=\"hidden\" name=\"tutor_course_enroll_attempt\" value=\"\">\r\n        \r\n        <input type=\"hidden\" id=\"_tutor_nonce\" name=\"_tutor_nonce\" value=\"f47b476137\" \/><input type=\"hidden\" name=\"_wp_http_referer\" value=\"\/en\/wp-json\/wp\/v2\/pages\/5988\" \/>        <input type=\"hidden\" value=\"tutor_register_student\" name=\"tutor_action\"\/>\r\n\r\n        \r\n        <div class=\"row\">\r\n            <div class=\"col-md-6\">\r\n                <div class=\"tutor-form-group\">\r\n                    <input type=\"text\" name=\"first_name\" value=\"\" placeholder=\"First Name\" required autocomplete=\"given-name\">\r\n                <\/div>\r\n            <\/div>\r\n\r\n            <div class=\"col-md-6\">\r\n                <div class=\"tutor-form-group\">\r\n                    <input type=\"text\" name=\"last_name\" value=\"\" placeholder=\"Last Name\" required autocomplete=\"family-name\">\r\n                <\/div>\r\n            <\/div>\r\n\r\n        <\/div>\r\n\r\n        <div class=\"row\">\r\n            <div class=\"col-md-6\">\r\n                <div class=\"tutor-form-group\">\r\n                    <input type=\"text\" name=\"user_login\" class=\"tutor_user_name\" value=\"\" placeholder=\"User Name\" required autocomplete=\"username\">\r\n                <\/div>\r\n            <\/div>\r\n\r\n            <div class=\"col-md-6\">\r\n                <div class=\"tutor-form-group\">\r\n                    <input type=\"text\" name=\"email\" value=\"\" placeholder=\"E-Mail\" required autocomplete=\"email\">\r\n                <\/div>\r\n            <\/div>\r\n\r\n        <\/div>\r\n\r\n        <div class=\"row\">\r\n            <div class=\"col-md-6\">\r\n                <div class=\"tutor-form-group\">\r\n                    <input type=\"password\" name=\"password\" value=\"\" placeholder=\"Password\" required autocomplete=\"new-password\">\r\n                <\/div>\r\n            <\/div>\r\n\r\n            <div class=\"col-md-6\">\r\n                <div class=\"tutor-form-group\">\r\n                    <input type=\"password\" name=\"password_confirmation\" value=\"\" placeholder=\"Password Confirmation\" required autocomplete=\"new-password\">\r\n                <\/div>\r\n            <\/div>\r\n        <\/div> \r\n        \r\n                \r\n        \r\n        <div>\r\n            <button type=\"submit\" name=\"tutor_register_student_btn\" value=\"register\" class=\"tutor-btn tutor-btn-primary\">Register<\/button>\r\n        <\/div>\r\n\r\n    <input type=\"hidden\" name=\"trp-form-language\" value=\"en\"\/><\/form>","protected":false},"excerpt":{"rendered":"<p>Register<\/p>","protected":false},"author":1,"featured_media":0,"parent":0,"menu_order":0,"comment_status":"closed","ping_status":"closed","template":"","meta":{"footnotes":""},"class_list":["post-5988","page","type-page","status-publish","hentry","page--item"],"_links":{"self":[{"href":"https:\/\/dualstudyabroad.co.uk\/en\/wp-json\/wp\/v2\/pages\/5988","targetHints":{"allow":["GET"]}}],"collection":[{"href":"https:\/\/dualstudyabroad.co.uk\/en\/wp-json\/wp\/v2\/pages"}],"about":[{"href":"https:\/\/dualstudyabroad.co.uk\/en\/wp-json\/wp\/v2\/types\/page"}],"author":[{"embeddable":true,"href":"https:\/\/dualstudyabroad.co.uk\/en\/wp-json\/wp\/v2\/users\/1"}],"replies":[{"embeddable":true,"href":"https:\/\/dualstudyabroad.co.uk\/en\/wp-json\/wp\/v2\/comments?post=5988"}],"version-history":[{"count":0,"href":"https:\/\/dualstudyabroad.co.uk\/en\/wp-json\/wp\/v2\/pages\/5988\/revisions"}],"wp:attachment":[{"href":"https:\/\/dualstudyabroad.co.uk\/en\/wp-json\/wp\/v2\/media?parent=5988"}],"curies":[{"name":"wp","href":"https:\/\/api.w.org\/{rel}","templated":true}]}}