{"id":389,"date":"2023-07-16T02:14:42","date_gmt":"2023-07-16T02:14:42","guid":{"rendered":"https:\/\/themeholy.com\/wordpress\/edura\/?page_id=389"},"modified":"2026-03-25T19:40:39","modified_gmt":"2026-03-25T16:40:39","slug":"iletisim","status":"publish","type":"page","link":"https:\/\/dualstudyabroad.co.uk\/en\/iletisim\/","title":{"rendered":"\u0130leti\u015fim"},"content":{"rendered":"<h2>Akl\u0131n\u0131za Tak\u0131lanlar M\u0131 Var?<\/h2>\n<p>Bize ula\u015fmak i\u00e7in a\u015fa\u011f\u0131da yer alan ileti\u015fim bilgilerimizi kullanabilirsiniz. Sorular\u0131n\u0131z ve talepleriniz i\u00e7in her zaman destek vermeye haz\u0131r\u0131z.<\/p>\n<p>Konumumuz<\/p>\n<p><a href=\"https:\/\/www.google.com\/maps\/place\/Hill+View+Studios,+160+Eltham+Hill,+London+SE9+5EA,+Birle%C5%9Fik+Krall%C4%B1k\/@51.4512863,0.0460613,17z\/data=!3m1!4b1!4m6!3m5!1s0x47d8a97530beb8a1:0x73fad3e640472e5f!8m2!3d51.451283!4d0.0486362!16s%2Fg%2F1tgs05rk?entry=ttu&amp;g_ep=EgoyMDI1MDMxOS4yIKXMDSoJLDEwMjExNDUzSAFQAw%3D%3D\">Unit 6 Hill View Studios 160 Eltham Hill,<\/a><\/p>\n<p>SE9 5EA London United Kingdom<\/p>\n<p>Telefon numaram\u0131z<\/p>\n<p><a href=\"tel:+447877146917\">+44 7877 146 917<\/a><\/p>\n<p>E-posta Adresimiz<\/p>\n<p><a href=\"https:\/\/www.google.com\/maps\/place\/Hill+View+Studios,+160+Eltham+Hill,+London+SE9+5EA,+Birle%C5%9Fik+Krall%C4%B1k\/@51.4512863,0.0460613,17z\/data=!3m1!4b1!4m6!3m5!1s0x47d8a97530beb8a1:0x73fad3e640472e5f!8m2!3d51.451283!4d0.0486362!16s%2Fg%2F1tgs05rk?entry=ttu&amp;g_ep=EgoyMDI1MDMxOS4yIKXMDSoJLDEwMjExNDUzSAFQAw%3D%3D\">info@dualstudyabroad.co.uk<\/a><\/p>\n<p>\u00c7al\u0131\u015fma Saatlerimiz<\/p>\n<p><a href=\"tel:Haftai\u00e7i:09:0019:00\">Haftai\u00e7i: 09:00 &#8211; 19:00<\/a><br \/>\n\u0130leti\u015fime Ge\u00e7in!<\/p>\n<h2>Size Yard\u0131mc\u0131 Olmam\u0131z\u0131 \u0130ster misiniz?<\/h2>\n<p>Herhangi bir sorunuz mu var? Bizimle ileti\u015fime ge\u00e7mekten \u00e7ekinmeyin. Size en k\u0131sa s\u00fcrede d\u00f6n\u00fc\u015f yapaca\u011f\u0131z.<\/p>\n<form action=\"\/wp-admin\/admin-ajax.php#wpcf7-f2426-o1\" method=\"post\" novalidate=\"novalidate\" aria-label=\"Contact form\" data-status=\"init\" data-trp-original-action=\"\/wp-admin\/admin-ajax.php#wpcf7-f2426-o1\"><input name=\"_wpcf7\" type=\"hidden\" value=\"2426\" \/><br \/>\n<input name=\"_wpcf7_version\" type=\"hidden\" value=\"6.0.6\" \/><br \/>\n<input name=\"_wpcf7_locale\" type=\"hidden\" value=\"en_US\" \/><br \/>\n<input name=\"_wpcf7_unit_tag\" type=\"hidden\" value=\"wpcf7-f2426-o1\" \/><br \/>\n<input name=\"_wpcf7_container_post\" type=\"hidden\" value=\"0\" \/><br \/>\n<input name=\"_wpcf7_posted_data_hash\" type=\"hidden\" value=\"\" \/><br \/>\n<input id=\"text-307\" maxlength=\"400\" name=\"text-307\" size=\"40\" type=\"text\" value=\"\" placeholder=\"Ad\u0131n\u0131z*\" aria-required=\"true\" aria-invalid=\"false\" \/><br \/>\n<input id=\"surname\" maxlength=\"400\" name=\"surname\" size=\"40\" type=\"text\" value=\"\" placeholder=\"Soyad\u0131n\u0131z*\" aria-required=\"true\" aria-invalid=\"false\" \/><br \/>\n<input id=\"email-174\" maxlength=\"400\" name=\"email-174\" size=\"40\" type=\"email\" value=\"\" placeholder=\"E-posta Adresiniz*\" aria-invalid=\"false\" \/><br \/>\n<input id=\"tel-799\" maxlength=\"400\" name=\"tel-799\" size=\"40\" type=\"tel\" value=\"\" placeholder=\"Telefon Numaran\u0131z*\" aria-invalid=\"false\" \/><br \/>\n<textarea id=\"textarea-226\" cols=\"40\" maxlength=\"2000\" name=\"textarea-226\" rows=\"10\" placeholder=\"Mesaj\u0131n\u0131z*\" aria-invalid=\"false\"><\/textarea><br \/>\n<button>G\u00f6nder<\/button><input type=\"hidden\" name=\"trp-form-language\" value=\"en\"\/><\/form>\n<p><img decoding=\"async\" src=\"https:\/\/themeholy.com\/wordpress\/edura\/wp-content\/uploads\/2023\/07\/category-arrow.svg\" alt=\"category arrow\" \/> \u00d6\u011frenci \u0130\u015fleri<\/p>\n<h2>Dual Study Abroad<br \/>\nBa\u015fvuru Formlar\u0131<\/h2>\n<p><a href=\"\/en\/ogrenci-isleri\/\">T\u00fcm Formlar\u0131m\u0131z\u0131 G\u00f6r\u00fcn<\/a><img decoding=\"async\" src=\"https:\/\/dualstudyabroad.co.uk\/wp-content\/uploads\/2025\/03\/exam2-2.svg\" alt=\"exam2 2\" \/><\/p>\n<h3><a href=\"\/en\/yurtdisi-universite-yuksek-lisans-on-gorusme-talep-formu\/\">Yurtd\u0131\u015f\u0131 Lisans\u00fcst\u00fc G\u00f6r\u00fc\u015fme Formu<\/a><\/h3>\n<p><a href=\"\/en\/yurtdisi-universite-yuksek-lisans-on-gorusme-talep-formu\/\">Ba\u015fvurun <\/a><img decoding=\"async\" src=\"https:\/\/dualstudyabroad.co.uk\/wp-content\/uploads\/2025\/03\/exam2-2.svg\" alt=\"exam2 2\" \/><\/p>\n<h3><a href=\"\/en\/yurt-disi-universite-on-gorusme-talep-formu\/\">Yurtd\u0131\u015f\u0131 \u00dcniversite G\u00f6r\u00fc\u015fme Formu<\/a><\/h3>\n<p><a href=\"\/en\/yurt-disi-universite-on-gorusme-talep-formu\/\">Ba\u015fvurun <\/a><img decoding=\"async\" src=\"https:\/\/dualstudyabroad.co.uk\/wp-content\/uploads\/2025\/03\/exam2-2.svg\" alt=\"exam2 2\" \/><\/p>\n<h3><a href=\"\/en\/yurtdisi-egitim-bilgilendirme-talep-formu-5-19-yas\/\">Yurtd\u0131\u015f\u0131 E\u011fitim Bilgi Formu (5-19 Ya\u015f)<\/a><\/h3>\n<p><a href=\"\/en\/yurtdisi-egitim-bilgilendirme-talep-formu-5-19-yas\/\">Ba\u015fvurun <\/a><img decoding=\"async\" src=\"https:\/\/dualstudyabroad.co.uk\/wp-content\/uploads\/2025\/03\/exam2-2.svg\" alt=\"exam2 2\" \/><\/p>\n<h3><a href=\"\/en\/on-bilgilendirme-formu\/\">Yurtd\u0131\u015f\u0131 E\u011fitim Bilgilendirme Formu<\/a><\/h3>\n<p><a href=\"\/en\/on-bilgilendirme-formu\/\">Ba\u015fvurun <\/a><img decoding=\"async\" src=\"https:\/\/dualstudyabroad.co.uk\/wp-content\/uploads\/2025\/03\/exam2-2.svg\" alt=\"exam2 2\" \/><\/p>\n<h3><a href=\"\/en\/on-kayit-formu-5-17-yas\/\">Yurtd\u0131\u015f\u0131 E\u011fitim Kay\u0131t Formu (5-17 Ya\u015f)<\/a><\/h3>\n<p><a href=\"\/en\/on-kayit-formu-5-17-yas\/\">Ba\u015fvurun <\/a><img decoding=\"async\" src=\"https:\/\/dualstudyabroad.co.uk\/wp-content\/uploads\/2025\/03\/exam2-2.svg\" alt=\"exam2 2\" \/><\/p>\n<h3><a href=\"\/en\/on-kayit-formu-yetiskin\/\">Yurtd\u0131\u015f\u0131 E\u011fitim Kay\u0131t Formu (Yeti\u015fkin)<\/a><\/h3>\n<p><a href=\"\/en\/on-kayit-formu-yetiskin\/\">Ba\u015fvurun <\/a><\/p>\n<h2>\u0130rtibat Noktalar\u0131m\u0131z<\/h2>\n<p>Amerikan K\u00fclt\u00fcr Dil Okullar\u0131 | Bodrum<\/p>\n<p><a href=\"https:\/\/maps.app.goo.gl\/LDXCR9pCKxoKHEGY6\">M\u00fcsgebi Mahallesi D\u00fczalan Caddesi 78\/1, Bodrum, Mu\u011fla<\/a><\/p>\n<p>Amerikan K\u00fclt\u00fcr Dil Okullar\u0131 | Beylikd\u00fcz\u00fc<\/p>\n<p><a href=\"https:\/\/maps.app.goo.gl\/TocYcie67EA1PLvL7\">Cumhuriyet Mahallesi G\u00fcrp\u0131nar Yolu Caddesi, Beykent \u0130\u015f Merkezi No:376 Kat:2, Beykent-Beylikd\u00fcz\u00fc, \u0130stanbul<br \/>\n<\/a><\/p>\n<p>Amerikan K\u00fclt\u00fcr Dil Okullar\u0131 | Mersin<\/p>\n<p><a href=\"https:\/\/maps.app.goo.gl\/DSqra5ArKrgsDhfd7\">Dumlup\u0131nar Cad Dogany\u0131ld\u0131z I\u015f Merkezi Sitesi E Blok Kat:3 Yeni\u015fehir, Mersin<br \/>\n<\/a><\/p>\n<p>BeAr Yurti\u00e7i ve Yurtd\u0131\u015f\u0131 E\u011fitim | Bodrum<\/p>\n<p><a href=\"https:\/\/maps.app.goo.gl\/ScZckgCV2CHEDgH96\">Ortakent Yah\u015fi Mahallesi D\u00fczalan Caddesi No:6\/A, Bodrum, Mu\u011fla 48480<\/a><br \/>\n<iframe title=\"Hill View Studios\" src=\"https:\/\/maps.google.com\/maps?q=Hill%20View%20Studios&amp;t=m&amp;z=14&amp;output=embed&amp;iwloc=near\" aria-label=\"Hill View Studios\"><\/iframe><\/p>\n<p><strong>D\u0130LEK VE \u00d6NER\u0130LER<\/strong><\/p>\n<p><strong>Yurtd\u0131\u015f\u0131 tecr\u00fcbelerinizi yeni \u00f6\u011frencilerimize aktarmak ister misiniz!<\/strong><br \/>\nYurtd\u0131\u015f\u0131\u2019nda ald\u0131\u011f\u0131n\u0131z e\u011fitim s\u0131ras\u0131nda ya\u015fad\u0131\u011f\u0131n\u0131z tecr\u00fcbeleri, gerek e\u011fitim i\u00e7eri\u011fi gerekse gidilen lokasyonun lokal ke\u015fiflerinizi ilk kez gidecek heyecanl\u0131 \u00f6\u011frencilerimiz ile payla\u015fmak isterseniz, formumuzu doldurabilirsiniz.<\/p>\n<blockquote class=\"wp-embedded-content\" data-secret=\"qsYx0rhjLK\"><p><a href=\"https:\/\/dualstudyabroad.co.uk\/en\/degerlendirme-formu\/\">De\u011ferlendirme Formu<\/a><\/p><\/blockquote>\n<p><iframe class=\"wp-embedded-content\" sandbox=\"allow-scripts\" security=\"restricted\" style=\"position: absolute; visibility: hidden;\" title=\"&#8220;De\u011ferlendirme Formu&#8221; &#8212; Dual Study Abroad\" src=\"https:\/\/dualstudyabroad.co.uk\/degerlendirme-formu\/embed\/#?secret=iBT6mdDCzm#?secret=qsYx0rhjLK\" data-secret=\"qsYx0rhjLK\" width=\"600\" height=\"338\" frameborder=\"0\" marginwidth=\"0\" marginheight=\"0\" scrolling=\"no\"><\/iframe><\/p>","protected":false},"excerpt":{"rendered":"<p>Akl\u0131n\u0131za Tak\u0131lanlar M\u0131 Var? Bize ula\u015fmak i\u00e7in a\u015fa\u011f\u0131da yer alan ileti\u015fim bilgilerimizi kullanabilirsiniz. Sorular\u0131n\u0131z ve talepleriniz i\u00e7in her zaman destek vermeye haz\u0131r\u0131z. Konumumuz Unit 6 Hill View Studios 160 Eltham Hill, SE9 5EA London United Kingdom Telefon numaram\u0131z +44 7877 146 917 E-posta Adresimiz info@dualstudyabroad.co.uk \u00c7al\u0131\u015fma Saatlerimiz Haftai\u00e7i: 09:00 &#8211; 19:00 \u0130leti\u015fime Ge\u00e7in! Size Yard\u0131mc\u0131&#8230;<\/p>","protected":false},"author":1,"featured_media":0,"parent":0,"menu_order":0,"comment_status":"closed","ping_status":"closed","template":"template-builder.php","meta":{"footnotes":""},"class_list":["post-389","page","type-page","status-publish","hentry","page--item"],"_links":{"self":[{"href":"https:\/\/dualstudyabroad.co.uk\/en\/wp-json\/wp\/v2\/pages\/389","targetHints":{"allow":["GET"]}}],"collection":[{"href":"https:\/\/dualstudyabroad.co.uk\/en\/wp-json\/wp\/v2\/pages"}],"about":[{"href":"https:\/\/dualstudyabroad.co.uk\/en\/wp-json\/wp\/v2\/types\/page"}],"author":[{"embeddable":true,"href":"https:\/\/dualstudyabroad.co.uk\/en\/wp-json\/wp\/v2\/users\/1"}],"replies":[{"embeddable":true,"href":"https:\/\/dualstudyabroad.co.uk\/en\/wp-json\/wp\/v2\/comments?post=389"}],"version-history":[{"count":132,"href":"https:\/\/dualstudyabroad.co.uk\/en\/wp-json\/wp\/v2\/pages\/389\/revisions"}],"predecessor-version":[{"id":12226,"href":"https:\/\/dualstudyabroad.co.uk\/en\/wp-json\/wp\/v2\/pages\/389\/revisions\/12226"}],"wp:attachment":[{"href":"https:\/\/dualstudyabroad.co.uk\/en\/wp-json\/wp\/v2\/media?parent=389"}],"curies":[{"name":"wp","href":"https:\/\/api.w.org\/{rel}","templated":true}]}}