{"id":388,"date":"2023-07-16T02:14:35","date_gmt":"2023-07-16T02:14:35","guid":{"rendered":"https:\/\/themeholy.com\/wordpress\/edura\/?page_id=388"},"modified":"2026-03-26T15:13:02","modified_gmt":"2026-03-26T12:13:02","slug":"hakkimizda","status":"publish","type":"page","link":"https:\/\/dualstudyabroad.co.uk\/en\/hakkimizda\/","title":{"rendered":"Hakk\u0131m\u0131zda"},"content":{"rendered":"<p>Faaliyet Alanlar\u0131m\u0131z<\/p>\n<h2>Dual Study Abroad<\/h2>\n<p>Dual Study Abroad, uluslararas\u0131 e\u011fitim alan\u0131nda uzmanla\u015fm\u0131\u015f, \u00f6\u011frenci merkezli ve kurumsal yap\u0131ya sahip bir dan\u0131\u015fmanl\u0131k firmas\u0131d\u0131r. Merkezi Londra\u2019da bulunan firmam\u0131z, T\u00fcrkiye\u2019deki 20 y\u0131l\u0131 a\u015fk\u0131n tecr\u00fcbesini, ba\u015fta Birle\u015fik Krall\u0131k olmak \u00fczere d\u00fcnyan\u0131n pek \u00e7ok \u00fclkesindeki g\u00fcvenilir \u00e7\u00f6z\u00fcm ortaklar\u0131yla bulu\u015fturarak, yurt d\u0131\u015f\u0131 e\u011fitim s\u00fcre\u00e7lerinde kapsaml\u0131 ve profesyonel destek sunmaktad\u0131r.<br \/>\nYurt d\u0131\u015f\u0131 e\u011fitimi yaln\u0131zca bir ba\u015fvuru s\u00fcreci olarak de\u011fil, bireyin t\u00fcm ya\u015fam\u0131n\u0131 \u015fekillendiren stratejik bir yat\u0131r\u0131m olarak g\u00f6r\u00fcyoruz. Bu do\u011frultuda, \u00f6\u011frencilerimizin akademik ge\u00e7mi\u015fi, ki\u015fisel hedefleri ve kariyer vizyonlar\u0131 do\u011frultusunda bireyselle\u015ftirilmi\u015f rehberlik hizmetleri sunuyoruz.<\/p>\n<p><img decoding=\"async\" src=\"https:\/\/dualstudyabroad.co.uk\/wp-content\/uploads\/2023\/07\/about_5_1-2-1-1.png\" alt=\"About\" \/><\/p>\n<p>Ba\u015far\u0131yla Yerle\u015ftirilen \u00d6\u011frenciler<\/p>\n<p><img decoding=\"async\" src=\"https:\/\/dualstudyabroad.co.uk\/wp-content\/uploads\/2023\/07\/about_5_2-2-1-1.png\" alt=\"About\" \/><br \/>\nabout our consultancy<\/p>\n<h3>Neden Dual Study Abroad?<\/h3>\n<ul>\n<li><strong>20+ Y\u0131ll\u0131k Deneyimle G\u00fcvenilir Rehberlik<\/strong><br \/>\nT\u00fcrkiye\u2019deki k\u00f6kl\u00fc e\u011fitim ge\u00e7mi\u015fimizi Londra\u2019daki merkez ofisimizle k\u00fcresel bir yap\u0131ya d\u00f6n\u00fc\u015ft\u00fcrd\u00fck.<\/li>\n<li><strong>\u0130ki Y\u00f6nl\u00fc Hizmet Modeli<\/strong><br \/>\nHem T\u00fcrkiye\u2019de hem de yurt d\u0131\u015f\u0131nda e\u015f zamanl\u0131 ve s\u00fcrekli destek sunarak s\u00fcreci ba\u015ftan sona y\u00f6netiyoruz.<\/li>\n<li><strong>Yerinde ve G\u00fcvenilir Ortakl\u0131klar<\/strong><br \/>\nHedef \u00fclkelerdeki g\u00fc\u00e7l\u00fc \u00e7\u00f6z\u00fcm ortaklar\u0131m\u0131zla her ad\u0131mda do\u011fru, h\u0131zl\u0131 ve etkili \u00e7\u00f6z\u00fcmler sa\u011fl\u0131yoruz.<\/li>\n<li><strong>Ki\u015fiye \u00d6zel Dan\u0131\u015fmanl\u0131k<\/strong><br \/>\nHer \u00f6\u011frencinin e\u011fitim yolculu\u011fu benzersizdir. Dan\u0131\u015fmanl\u0131k yakla\u015f\u0131m\u0131m\u0131z da bu benzersizlik do\u011frultusunda tamamen ki\u015fiye \u00f6zel olarak kurgulan\u0131r.<\/li>\n<\/ul>\n<p><!-- Button --><a href=\"\/en\/hakkimizda\/\">Daha Fazlas\u0131<\/a><!-- End Button --><\/p>\n<h3>\u00dcniversite Ba\u015fvuru Dan\u0131\u015fmanl\u0131\u011f\u0131<\/h3>\n<p>\u0130ngiltere, ABD, Kanada, Avrupa ve Okyanusya \u00fclkelerinde lisans, y\u00fcksek lisans ve Foundation\/Pathway programlar\u0131 i\u00e7in kapsaml\u0131 ba\u015fvuru deste\u011fi.<\/p>\n<h3>Lise ve Diploma Programlar\u0131<\/h3>\n<p>IB, A-Level, OSSD, AP gibi uluslararas\u0131 diploma programlar\u0131na profesyonel yerle\u015ftirme deste\u011fi.<\/p>\n<h3>Dil E\u011fitimi Programlar\u0131<\/h3>\n<p>\u0130ngilizce, Almanca, Frans\u0131zca ve \u0130spanyolca gibi dillerde, d\u00fcnya genelindeki prestijli dil okullar\u0131na yerle\u015ftirme hizmeti.<\/p>\n<h3>Work &amp; Study ve Sertifika Programlar\u0131<\/h3>\n<p>Yeti\u015fkinler i\u00e7in \u0130ngilizce destekli sertifika ve mesleki geli\u015fim programlar\u0131 ile \u00e7al\u0131\u015fma izni i\u00e7eren e\u011fitim se\u00e7enekleri.<\/p>\n<h3>\u00c7ocuklar ve Gen\u00e7ler \u0130\u00e7in Yaz\/K\u0131\u015f Kamplar\u0131<\/h3>\n<p>\u0130ngiltere, Amerika, Kanada, \u0130rlanda, Almanya, Malta, Fransa, \u0130svi\u00e7re ve BAE (Dubai) gibi \u00fclkelerde k\u00fclt\u00fcrel, sportif ve tematik yaz\/k\u0131\u015f kamp\u0131 organizasyonlar\u0131.<\/p>\n<h3>Akademik Yaz Okullar\u0131 ve Mesleki Sim\u00fclasyonlar<\/h3>\n<p>Oxford, Cambridge gibi d\u00fcnyan\u0131n en prestijli \u00fcniversite kamp\u00fcslerinde d\u00fczenlenen programlarla \u00f6\u011frencilerin kariyer odakl\u0131 e\u011fitim deneyimi kazanmalar\u0131 sa\u011flan\u0131r.<\/p>\n<h3>Akademik Ba\u015fvuru ve Haz\u0131rl\u0131k Mentorlu\u011fu<\/h3>\n<p>Ki\u015fisel beyan, referans mektubu, m\u00fclakat haz\u0131rl\u0131\u011f\u0131, ara\u015ft\u0131rma projeleri ve sanat portfolyosu gibi ba\u015fvuru bile\u015fenlerine y\u00f6nelik birebir dan\u0131\u015fmanl\u0131k hizmeti.<\/p>\n<h3>Profesyonel Sertifika ve Staj Programlar\u0131<\/h3>\n<p>Y\u00fcz y\u00fcze ve \u00e7evrim i\u00e7i se\u00e7eneklerle sunulan mesleki ve ki\u015fisel geli\u015fim odakl\u0131 sertifika ve staj programlar\u0131.<\/p>\n<h3>Vize, Konaklama ve Transfer Hizmetleri<\/h3>\n<p>Vize dan\u0131\u015fmanl\u0131\u011f\u0131, konaklama ve havaalan\u0131 transfer d\u00fczenlemeleri ile sa\u011fl\u0131k ve seyahat sigortalar\u0131n\u0131 kapsayan lojistik destek.<\/p>\n<p>Dual Study Abroad<\/p>\n<h2>Dual Study Abroad Fark\u0131<\/h2>\n<p>Dual Study Abroad olarak, her \u00f6\u011frencinin potansiyelinin farkl\u0131 oldu\u011funa inan\u0131yor; &#8220;tek tip dan\u0131\u015fmanl\u0131k&#8221; yerine her bireye \u00f6zg\u00fc, &#8216;haute couture&#8217; bir e\u011fitim yolculu\u011fu planl\u0131yoruz.<br \/>\nKurumsal yakla\u015f\u0131m\u0131m\u0131z \u015feffafl\u0131k, s\u00fcrd\u00fcr\u00fclebilir ba\u015far\u0131 ve g\u00fcven esas\u0131na dayan\u0131r. Son y\u0131llarda g\u00fcndeme gelen yapay sosyal medya pazarlamas\u0131ndan ziyade, ger\u00e7ek deneyimlere ve \u00f6l\u00e7\u00fclebilir ba\u015far\u0131lara dayanan dan\u0131\u015fmanl\u0131k anlay\u0131\u015f\u0131n\u0131 benimsiyoruz.<br \/>\nYurt D\u0131\u015f\u0131 E\u011fitimde Stratejik Yakla\u015f\u0131m Kazand\u0131r\u0131r.<\/p>\n<p>Dual Study Abroad, \u00f6\u011frencilerin yaln\u0131zca bir kuruma de\u011fil; kendi potansiyellerine, tutkular\u0131na ve vizyonlar\u0131na uygun bir gelece\u011fe ad\u0131m atmalar\u0131n\u0131 sa\u011flar.<br \/>\nE\u011fitim yolculu\u011funuzda do\u011fru ad\u0131mlar\u0131 birlikte atal\u0131m.<\/p>\n<h3 data-section-id=\"kw220k\" data-start=\"101\" data-end=\"166\">English UK \u00dcyeli\u011fi ve British Council Sertifikal\u0131 Dan\u0131\u015fmanl\u0131k<\/h3>\n<p data-start=\"168\" data-end=\"351\">Dual Study Abroad olarak, uluslararas\u0131 e\u011fitim dan\u0131\u015fmanl\u0131\u011f\u0131 hizmetlerimizi yaln\u0131zca deneyimle de\u011fil, ayn\u0131 zamanda resmi kurumlar taraf\u0131ndan tan\u0131nan \u00fcyelik ve e\u011fitimlerle destekliyoruz.<\/p>\n<p data-start=\"353\" data-end=\"630\"><span class=\"hover:entity-accent entity-underline inline cursor-pointer align-baseline\"><span class=\"whitespace-normal\">\u00a0<a href=\"https:\/\/www.englishuk.com\/en\/students\/your-study-options\/find-an-educational-agent\/english-uk-partner-agency-directory?id=643\" target=\"_blank\" rel=\"noopener\">EnglishUK<\/a><\/span><\/span> \u00fcyeli\u011fimiz sayesinde, Birle\u015fik Krall\u0131k\u2019taki akredite dil okullar\u0131 ve e\u011fitim kurumlar\u0131yla do\u011frudan ve g\u00fcvenilir i\u015f birlikleri kurmaktay\u0131z. Bu \u00fcyelik, sundu\u011fumuz programlar\u0131n kalite ve g\u00fcvenilirlik standartlar\u0131na uygun oldu\u011funu garanti eder.<\/p>\n<p data-start=\"632\" data-end=\"863\">Ayn\u0131 zamanda, <span class=\"hover:entity-accent entity-underline inline cursor-pointer align-baseline\"><span class=\"whitespace-normal\"><a href=\"https:\/\/agent-counsellor-ukhub.britishcouncil.org\/gal\" target=\"_blank\" rel=\"noopener\">British Council<\/a>\u00a0<\/span><\/span> taraf\u0131ndan sa\u011flanan acente e\u011fitimlerini tamamlam\u0131\u015f ve sertifikaland\u0131r\u0131lm\u0131\u015f dan\u0131\u015fmanlar olarak, \u00f6\u011frenci ve ailelere en g\u00fcncel, do\u011fru ve resmi kaynaklara dayal\u0131 rehberlik sunuyoruz.<\/p>\n<p data-start=\"865\" data-end=\"891\">Bu kapsamda hizmetlerimiz:<\/p>\n<ul data-start=\"892\" data-end=\"1157\">\n<li data-section-id=\"1xq6uek\" data-start=\"892\" data-end=\"939\">Resmi akreditasyona sahip kurumlar\u0131n se\u00e7imi<\/li>\n<li data-section-id=\"565jgw\" data-start=\"940\" data-end=\"1015\">G\u00fcncel ba\u015fvuru s\u00fcre\u00e7leri ve kabul kriterleri hakk\u0131nda do\u011fru y\u00f6nlendirme<\/li>\n<li data-section-id=\"btltow\" data-start=\"1016\" data-end=\"1090\">E\u011fitim, konaklama ve vize s\u00fcre\u00e7lerinde \u015feffaf ve g\u00fcvenilir dan\u0131\u015fmanl\u0131k<\/li>\n<li data-section-id=\"98lsj1\" data-start=\"1091\" data-end=\"1157\">\u00d6\u011frenci ve aile odakl\u0131, etik ve s\u00fcrd\u00fcr\u00fclebilir hizmet anlay\u0131\u015f\u0131<\/li>\n<\/ul>\n<p data-start=\"1159\" data-end=\"1291\">Dual Study Abroad olarak amac\u0131m\u0131z, \u00f6\u011frencilerimizin yurtd\u0131\u015f\u0131 e\u011fitim yolculu\u011funu g\u00fcvenli, do\u011fru ve ba\u015far\u0131l\u0131 bir \u015fekilde planlamakt\u0131r.<\/p>\n<p>Hizmetlerimiz<\/p>\n<h4>Yurtd\u0131\u015f\u0131 e\u011fitimde<br \/>\nsundu\u011fumuz f\u0131rsatlar\u0131<br \/>\nve hizmetleri ke\u015ffedin!<\/h4>\n<p><!-- Button --><a href=\"\/en\/hizmetlerimiz\/\">Hizmetlerimiz<\/a><!-- End Button --><br \/>\n\u00d6\u011frenci \u0130\u015fleri<\/p>\n<h4>Ba\u015fvuru s\u00fcre\u00e7leri ve<br \/>\n\u00f6\u011frenci destek hizmetleri<br \/>\ni\u00e7in hemen g\u00f6z at\u0131n!<\/h4>\n<p><!-- Button --><a href=\"\/en\/basvuru\/\">\u00d6\u011frenci \u0130\u015fleri<\/a><!-- End Button --><\/p>","protected":false},"excerpt":{"rendered":"<p>Faaliyet Alanlar\u0131m\u0131z Dual Study Abroad Dual Study Abroad, uluslararas\u0131 e\u011fitim alan\u0131nda uzmanla\u015fm\u0131\u015f, \u00f6\u011frenci merkezli ve kurumsal yap\u0131ya sahip bir dan\u0131\u015fmanl\u0131k firmas\u0131d\u0131r. Merkezi Londra\u2019da bulunan firmam\u0131z, T\u00fcrkiye\u2019deki 20 y\u0131l\u0131 a\u015fk\u0131n tecr\u00fcbesini, ba\u015fta Birle\u015fik Krall\u0131k olmak \u00fczere d\u00fcnyan\u0131n pek \u00e7ok \u00fclkesindeki g\u00fcvenilir \u00e7\u00f6z\u00fcm ortaklar\u0131yla bulu\u015fturarak, yurt d\u0131\u015f\u0131 e\u011fitim s\u00fcre\u00e7lerinde kapsaml\u0131 ve profesyonel destek sunmaktad\u0131r. Yurt d\u0131\u015f\u0131 e\u011fitimi&#8230;<\/p>","protected":false},"author":1,"featured_media":0,"parent":0,"menu_order":0,"comment_status":"closed","ping_status":"closed","template":"template-builder.php","meta":{"footnotes":""},"class_list":["post-388","page","type-page","status-publish","hentry","page--item"],"_links":{"self":[{"href":"https:\/\/dualstudyabroad.co.uk\/en\/wp-json\/wp\/v2\/pages\/388","targetHints":{"allow":["GET"]}}],"collection":[{"href":"https:\/\/dualstudyabroad.co.uk\/en\/wp-json\/wp\/v2\/pages"}],"about":[{"href":"https:\/\/dualstudyabroad.co.uk\/en\/wp-json\/wp\/v2\/types\/page"}],"author":[{"embeddable":true,"href":"https:\/\/dualstudyabroad.co.uk\/en\/wp-json\/wp\/v2\/users\/1"}],"replies":[{"embeddable":true,"href":"https:\/\/dualstudyabroad.co.uk\/en\/wp-json\/wp\/v2\/comments?post=388"}],"version-history":[{"count":98,"href":"https:\/\/dualstudyabroad.co.uk\/en\/wp-json\/wp\/v2\/pages\/388\/revisions"}],"predecessor-version":[{"id":12274,"href":"https:\/\/dualstudyabroad.co.uk\/en\/wp-json\/wp\/v2\/pages\/388\/revisions\/12274"}],"wp:attachment":[{"href":"https:\/\/dualstudyabroad.co.uk\/en\/wp-json\/wp\/v2\/media?parent=388"}],"curies":[{"name":"wp","href":"https:\/\/api.w.org\/{rel}","templated":true}]}}