{"id":2248,"date":"2023-07-30T04:01:57","date_gmt":"2023-07-30T04:01:57","guid":{"rendered":"https:\/\/themeholy.com\/wordpress\/edura\/?page_id=2248"},"modified":"2025-05-12T15:35:53","modified_gmt":"2025-05-12T12:35:53","slug":"duyurular","status":"publish","type":"page","link":"https:\/\/dualstudyabroad.co.uk\/en\/duyurular\/","title":{"rendered":"Duyurular"},"content":{"rendered":"<div data-elementor-type=\"wp-page\" data-elementor-id=\"2248\" class=\"elementor elementor-2248\" data-elementor-post-type=\"page\">\n\t\t\t\t<div class=\"elementor-element elementor-element-7cd9a11 e-flex e-con-boxed e-con e-parent\" data-id=\"7cd9a11\" data-element_type=\"container\" data-e-type=\"container\">\n\t\t\t\t\t<div class=\"e-con-inner\">\n\t\t\r\n\r\n\t\t<div class=\"elementor-element elementor-element-8578967 elementor-widget elementor-widget-edurasectiontitle\" data-id=\"8578967\" data-element_type=\"widget\" data-e-type=\"widget\" data-widget_type=\"edurasectiontitle.default\">\n\t\t\t\t<div class=\"elementor-widget-container\">\n\t\t\t\t\t<div class=\"title-area mb-25\" ><span class=\"sub-title subtitle-selector\"><i class=\"fal fa-book me-2\"><\/i>Dual Study Abroad<\/span><h2 class=\"sec-title title-selector\">G\u00fcncel Duyurular<\/h2><p class=\"desc-selector\">kurumumuz taraf\u0131ndan yay\u0131nlanan t\u00fcm g\u00fcncel duyurulara, etkinlik ve yar\u0131\u015fma bilgilendirmelerine, burs ve ba\u015fvuru f\u0131rsatlar\u0131na ula\u015fabilirsiniz. \u00d6\u011frenci ve kat\u0131l\u0131mc\u0131lar\u0131m\u0131z\u0131n hak ve f\u0131rsatlardan zaman\u0131nda haberdar olabilmesi ad\u0131na, t\u00fcm resmi a\u00e7\u0131klamalar d\u00fczenli olarak burada payla\u015f\u0131lmaktad\u0131r. Detayl\u0131 bilgi ve ba\u015fvuru \u015fartlar\u0131 her duyurunun i\u00e7eri\u011finde ayr\u0131ca belirtilmektedir.<\/p><\/div>\t\t\t\t<\/div>\n\t\t\t\t<\/div>\n\t\t\t\t\t<\/div>\n\t\t\t\t<\/div>\n\t\t\t\t<section class=\"elementor-section elementor-top-section elementor-element elementor-element-33a919a elementor-section-boxed elementor-section-height-default elementor-section-height-default\" data-id=\"33a919a\" data-element_type=\"section\" data-e-type=\"section\">\n\t\t\t\t\t\t<div class=\"elementor-container elementor-column-gap-no\">\n\t\t\t\t\t<div class=\"elementor-column elementor-col-100 elementor-top-column elementor-element elementor-element-afdda57\" data-id=\"afdda57\" data-element_type=\"column\" data-e-type=\"column\">\n\t\t\t<div class=\"elementor-widget-wrap elementor-element-populated\">\n\t\t\t\t\t\t<div class=\"elementor-element elementor-element-5f4eae4 elementor-widget elementor-widget-html\" data-id=\"5f4eae4\" data-element_type=\"widget\" data-e-type=\"widget\" data-widget_type=\"html.default\">\n\t\t\t\t<div class=\"elementor-widget-container\">\n\t\t\t\t\t\t<style>\n\t\t.box-container {\n\t\t\tdisplay: flex;\n\t\t\tflex-wrap: wrap;\n\t\t\tgap: 20px;\n\t\t}\n\n\t\t.box {\n\t\t\tbackground: #fff;\n\t\t\tborder-radius: 12px;\n\t\t\tpadding: 20px;\n\t\twidth: calc(33.333% - 20px);\n\t\t\tbox-shadow: 0 4px 8px rgba(0, 0, 0, 0.1);\n\t\t\tdisplay: flex;\n\t\t\tflex-direction: column;\n\t\t\ttransition: transform 0.3s;\n\t\t}\n\n\t\t.box:hover {\n\t\t\ttransform: translateY(-5px);\n\t\t}\n\n\t\t.box-title {\n\t\t\tfont-size: 20px;\n\t\t\tcolor: #0f2239;\n\t\t\tfont-weight: 600;\n\t\t\tmargin-bottom: 10px;\n\t\t}\n\n\t\t.box-content {\n\t\t\tfont-size: 16px;\n\t\t\tcolor: #333;\n\t\t}\n\n\t\t@media (max-width: 1024px) {\n\t\t\t.box {\n\t\t\t\twidth: calc(33.333% - 20px);\n\t\t\t}\n\t\t}\n\n\t\t@media (max-width: 768px) {\n\t\t\t.box {\n\t\t\t\twidth: calc(50% - 20px);\n\t\t\t}\n\t\t}\n\n\t\t@media (max-width: 480px) {\n\t\t\t.box {\n\t\t\t\twidth: 100%;\n\t\t\t}\n\t\t}\n\t<\/style>\n\t\n\t<div class=\"box-container\">\n\t\t<div class=\"box\">\n\t\t\t<div class=\"box-title\">Akademik Yaz Okullar\u0131<\/div>\n\t\t\t<div class=\"box-content\">\n\t\t\t\t\u00c7ocu\u011funuz, d\u00fcnyan\u0131n \u00f6nde gelen \u00fcniversite kamp\u00fcslerinde d\u00fczenlenen akademik yaz okullar\u0131 ile hem\n\t\t\t\t\u00fcniversite hayat\u0131n\u0131 deneyimlesin hem de gelecekteki meslek se\u00e7imi hakk\u0131nda fikir edinsin.<br>T\u0131p,\n\t\t\t\tm\u00fchendislik, mimarl\u0131k, hukuk, i\u015fletme, bilgisayar bilimi, uluslararas\u0131 ili\u015fkiler ve giri\u015fimcilik gibi\n\t\t\t\tbir\u00e7ok alanda tematik program se\u00e7enekleriyle \u00f6\u011frencileri erken ya\u015fta kariyer hedeflerine\n\t\t\t\ty\u00f6nlendiriyoruz.\n\t\t\t<\/div>\n\t\t<\/div>\n\n\t\t<div class=\"box\">\n\t\t\t<div class=\"box-title\">5\u201315 Ya\u015f Grubu: Ailecek Tatil ve \u0130ngilizce<\/div>\n\t\t\t<div class=\"box-content\">\n\t\t\t\tYaz tatilini \u0130ngilizce e\u011fitimi ile birle\u015ftiren programlar\u0131m\u0131zda ebeveynler tatilin tad\u0131n\u0131 \u00e7\u0131kar\u0131rken\n\t\t\t\t\u00e7ocuklar \u0130ngilizce derslere kat\u0131l\u0131r. K\u00fclt\u00fcrel geziler ve e\u011flenceli aktivitelerle birlikte unutulmaz\n\t\t\t\tan\u0131lar biriktirmek m\u00fcmk\u00fcn.<br>Londra, Brighton, Cambridge ve Paris\u2019te \u00e7e\u015fitli kamp\u00fcs ve \u015fehir\n\t\t\t\tdeneyimleri sunulmaktad\u0131r.\n\t\t\t<\/div>\n\t\t<\/div>\n\n\t\t<div class=\"box\">\n\t\t\t<div class=\"box-title\">\"D\u00fcnyay\u0131 Ke\u015ffet\" Temal\u0131 Yaz Okullar\u0131<\/div>\n\t\t\t<div class=\"box-content\">\n\t\t\t\t\u00c7ocuklar farkl\u0131 \u00fclke ve \u015fehirlerde d\u00fczenlenen k\u00fclt\u00fcrel programlar sayesinde yeni arkada\u015fl\u0131klar kurarken\n\t\t\t\tfarkl\u0131 k\u00fclt\u00fcrlerle tan\u0131\u015f\u0131yor. \u0130ngilizce, Frans\u0131zca ve Almanca dillerinde devam eden yaz okulu\n\t\t\t\tkay\u0131tlar\u0131m\u0131z, 2025 y\u0131l\u0131 i\u00e7in erken kay\u0131t avantajlar\u0131yla s\u00fcrmektedir.\n\t\t\t<\/div>\n\t\t<\/div>\n\n\t\t<div class=\"box\">\n\t\t\t<div class=\"box-title\">Hobi ve Temal\u0131 Kamplar<\/div>\n\t\t\t<div class=\"box-content\">\n\t\t\t\tSanat, at binicili\u011fi, tenis, futbol, basketbol ve golf gibi alanlarda d\u00fczenlenen tematik kamplar\n\t\t\t\tsayesinde \u00e7ocuklar hem ilgi alanlar\u0131n\u0131 ke\u015ffediyor hem de ki\u015fisel geli\u015fimlerine katk\u0131 sa\u011fl\u0131yor.\n\t\t\t<\/div>\n\t\t<\/div>\n\n\t\t<div class=\"box\">\n\t\t\t<div class=\"box-title\">12\u201317 Ya\u015f \u0130\u00e7in Londra\u2019da Global Deneyim<\/div>\n\t\t\t<div class=\"box-content\">\n\t\t\t\t\u0130ngiltere\u2019nin prestijli \u00fcniversite kamp\u00fcslerinde d\u00fczenlenen yaz kamplar\u0131nda akademik \u0130ngilizce e\u011fitimi,\n\t\t\t\t\u015fehir gezileri ve uluslararas\u0131 arkada\u015fl\u0131klar bir arada. 2025 yaz d\u00f6nemi i\u00e7in kay\u0131tlar\u0131m\u0131z ba\u015flad\u0131.\n\t\t\t<\/div>\n\t\t<\/div>\n\n\t\t<div class=\"box\">\n\t\t\t<div class=\"box-title\">Nisan 2025<\/div>\n\t\t\t<div class=\"box-content\">\n\t\t\t\t<strong>Yurtd\u0131\u015f\u0131nda Lise E\u011fitimi \u2013 \u0130ngiltere ve Kanada<\/strong><br>Akademik ba\u015far\u0131ya odakl\u0131,\n\t\t\t\t\u00fcniversiteye ge\u00e7i\u015fte avantaj sa\u011flayan lise programlar\u0131yla g\u00fc\u00e7l\u00fc bir ba\u015flang\u0131\u00e7\n\t\t\t\tyap\u0131labilir.<br>\u0130ngiltere'de A-Level ve GCSE; Kanada'da devlet lisesi programlar\u0131 \u00f6ne \u00e7\u0131k\u0131yor.\n\t\t\t<\/div>\n\t\t<\/div>\n\n\t\t<div class=\"box\">\n\t\t\t<div class=\"box-title\">Ocak 2025<\/div>\n\t\t\t<div class=\"box-content\">\n\t\t\t\t<strong>UCAS Ba\u015fvurular\u0131nda Son G\u00fcn<\/strong><br>\u0130ngiltere \u00fcniversiteleri i\u00e7in genel ba\u015fvuru son tarihi\n\t\t\t\t31 Ocak 2025.<br>Clearing d\u00f6nemi ise 5 Temmuz \u2013 21 Ekim 2025 tarihleri aras\u0131nda ger\u00e7ekle\u015fecek.\n\t\t\t<\/div>\n\t\t<\/div>\n\n\t\t<div class=\"box\">\n\t\t\t<div class=\"box-title\">\u015eubat 2025<\/div>\n\t\t\t<div class=\"box-content\">\n\t\t\t\t<strong>\u0130rlanda\u2019da Work and Study Program\u0131<\/strong><br>25 hafta ve \u00fczeri \u0130ngilizce dil kursuna kat\u0131lan\n\t\t\t\t\u00f6\u011frenciler i\u00e7in part-time \u00e7al\u0131\u015fma hakk\u0131 ile \u0130rlanda\u2019da e\u011fitim ve kazan\u00e7 bir arada. Kay\u0131tlar devam\n\t\t\t\tediyor.\n\t\t\t<\/div>\n\t\t<\/div>\n\n\t\t<div class=\"box\">\n\t\t\t<div class=\"box-title\">Aral\u0131k 2024<\/div>\n\t\t\t<div class=\"box-content\">\n\t\t\t\t<strong>Yurtd\u0131\u015f\u0131nda Dil Okulu 2024 \u0130ndirimleri<\/strong><br>2025 y\u0131l\u0131nda diledi\u011finiz tarihte kullan\u0131lmak\n\t\t\t\t\u00fczere y\u0131l sonuna kadar ge\u00e7erli avantajl\u0131 fiyatlardan yararlanmak i\u00e7in son g\u00fcn: 31 Aral\u0131k 2024.\n\t\t\t<\/div>\n\t\t<\/div>\n\n\t\t<div class=\"box\">\n\t\t\t<div class=\"box-title\">Kas\u0131m 2024<\/div>\n\t\t\t<div class=\"box-content\">\n\t\t\t\t<strong>Kanada \u00dcniversitelerine 2024 G\u00fcz D\u00f6nemi Ba\u015fvurular\u0131 A\u00e7\u0131ld\u0131<\/strong><br>Toronto, Vancouver ve\n\t\t\t\tMontreal\u2019deki lisans ve diploma programlar\u0131na ba\u015fvuru s\u00fcreci devam ediyor. Minimum dil seviyesi: IELTS\n\t\t\t\t6.0.\n\t\t\t<\/div>\n\t\t<\/div>\n\n\t\t<div class=\"box\">\n\t\t\t<div class=\"box-title\">Ekim 2024<\/div>\n\t\t\t<div class=\"box-content\">\n\t\t\t\t<strong>\u0130ngiltere ve Kanada\u2019da K\u0131\u015f D\u00f6nemi Y\u00fcksek Lisans Ba\u015fvurular\u0131<\/strong><br>\u0130\u015fletme, pazarlama,\n\t\t\t\treklamc\u0131l\u0131k ve konaklama alanlar\u0131nda k\u0131sa d\u00f6nem sertifika ve y\u00fcksek lisans programlar\u0131 i\u00e7in kay\u0131t\n\t\t\t\tf\u0131rsatlar\u0131 s\u00fcr\u00fcyor.\n\t\t\t<\/div>\n\t\t<\/div>\n\n\t\t<div class=\"box\">\n\t\t\t<div class=\"box-title\">Eyl\u00fcl 2024<\/div>\n\t\t\t<div class=\"box-content\">\n\t\t\t\t<strong>UCAS 2024 Ba\u015fvuru Takvimi<\/strong><br>Ba\u015flang\u0131\u00e7: 5 Eyl\u00fcl 2023<br>Erken Ba\u015fvuru Son G\u00fcn\u00fc: 15 Ekim\n\t\t\t\t2023<br>Genel Ba\u015fvuru Son G\u00fcn\u00fc: 31 Ocak 2024<br>Clearing D\u00f6nemi: 5 Temmuz \u2013 Ekim 2024\n\t\t\t<\/div>\n\t\t<\/div>\n\n\t\t<div class=\"box\">\n\t\t\t<div class=\"box-title\">A\u011fustos 2024<\/div>\n\t\t\t<div class=\"box-content\">\n\t\t\t\t<strong>Yaz Okullar\u0131 Tamamland\u0131 \u2013 2025 Kay\u0131tlar\u0131 Ba\u015fl\u0131yor!<\/strong><br>\u00d6\u011frencilerimiz yaz okullar\u0131n\u0131\n\t\t\t\tba\u015far\u0131yla tamamlad\u0131. Yeni d\u00f6nem kay\u0131tlar\u0131m\u0131z yak\u0131nda a\u00e7\u0131l\u0131yor.\n\t\t\t<\/div>\n\t\t<\/div>\n\n\t\t<div class=\"box\">\n\t\t\t<div class=\"box-title\">Temmuz 2024<\/div>\n\t\t\t<div class=\"box-content\">\n\t\t\t\t<strong>Yaz Okullar\u0131m\u0131z T\u00fcm H\u0131z\u0131yla Devam Ediyor<\/strong><br>\u00d6\u011frencilerimiz yeni arkada\u015fl\u0131klar kurarak\n\t\t\t\t\u0130ngilizce pratiklerini geli\u015ftiriyor ve yaz tatilini verimli ge\u00e7iriyorlar.\n\t\t\t<\/div>\n\t\t<\/div>\n\n\t\t<div class=\"box\">\n\t\t\t<div class=\"box-title\">Haziran 2024<\/div>\n\t\t\t<div class=\"box-content\">\n\t\t\t\t<strong>Son G\u00fcnler \u2013 Vizesiz Yaz Okulu F\u0131rsatlar\u0131<\/strong><br>Schengen vizesi olan \u00f6\u011frenciler i\u00e7in\n\t\t\t\tMalta, Almanya, \u0130svi\u00e7re ve Fransa\u2019daki yaz okullar\u0131na vizesiz kat\u0131l\u0131m f\u0131rsat\u0131.\n\t\t\t<\/div>\n\t\t<\/div>\n\n\t\t<div class=\"box\">\n\t\t\t<div class=\"box-title\">May\u0131s 2024<\/div>\n\t\t\t<div class=\"box-content\">\n\t\t\t\t<strong>\u0130ngiltere Aile Yaz Okullar\u0131 \u2013 8-12 Ya\u015f Grubu<\/strong><br>Oxford ve Cambridge kamp\u00fcslerinde,\n\t\t\t\t\u00e7ocuklar ve ebeveynler i\u00e7in e\u015f zamanl\u0131 \u0130ngilizce e\u011fitimleriyle unutulmaz bir yaz tatili.\n\t\t\t<\/div>\n\t\t<\/div>\n\t\t\n\t\t<div class=\"box\">\n\t\t\t<div class=\"box-title\">Y\u00fcksek Lisans D\u00fc\u015f\u00fcnenler \u0130\u00e7in Yurtd\u0131\u015f\u0131 Se\u00e7enekleri!<\/div>\n\t\t\t\n\t\t\t<div class=\"box-content\">\n\t\t\tT\u00fcm lokasyonlarda\nSonbahar \u2013 K\u0131\u015f ve Bahar Kay\u0131t imkanlar\u0131yla!\nPre-master ile haz\u0131rl\u0131k okuyarak ba\u015fvuru veya direkt\nba\u015fvuru.\nE\u011fitim s\u00fcresince part-time \u00e7al\u0131\u015fma imkan\u0131.\n<br> Mezuniyet akabinde oturum ve \u00e7al\u0131\u015fma izni.\n\t\t\t<\/div>\n\t\t<\/div>\n\t\t\n\t\t<div class=\"box\">\n\t\t\t<div class=\"box-title\">\u0130kinci \u00dcniversite D\u00fc\u015f\u00fcnenler \u0130\u00e7in Yurtd\u0131\u015f\u0131 Se\u00e7enekleri<\/div>\n\t\t\t\n\t\t\t<div class=\"box-content\">Mezuniyet sonras\u0131 farkl\u0131 bir alanda lisans e\u011fitimi\n\u00dcstelik 1.y\u0131ldan giri\u015f imkanlar\u0131 ile 2 Y\u0131lda mezuniyet! <br>\nMezuniyet sonras\u0131 \u00c7al\u0131\u015fmav e oturum izni imkanlar\u0131na\na\u00e7\u0131lan kap\u0131!\n\t    \t<\/div>\n\t\t<\/div>\n\t\t\n\t\t\t\t<div class=\"box\">\n\t\t\t<div class=\"box-title\">S\u0131n\u0131rl\u0131 Kontenjan ile Yurt D\u0131\u015f\u0131 \u00dcniversite Hedefi Olan 10. S\u0131n\u0131f \u00d6\u011frencilerine \u00d6zel Haz\u0131rl\u0131k Paketi!<\/div>\n\t\t\t\n\t\t\t<div class=\"box-content\">2 y\u0131ll\u0131k stratejik planlama. <br>\nAkademik destek, yaz kamp\u0131 kat\u0131l\u0131m\u0131, s\u0131nav haz\u0131rl\u0131\u011f\u0131. <br>\n Oxbridge & Top100 hedefli dan\u0131\u015fmanl\u0131k.\n<\/div>\n\t\t<\/div>\n\t\t\n\t\t<div class=\"box\">\n\t\t\t<div class=\"box-title\">Bu yaz \u0130rlanda\u2019da \u0130ngilizce \u00d6\u011frenirken Tatil Yap\u0131n!<\/div>\n\t\t\t\n\t\t\t<div class=\"box-content\">\u0130zmir\u2019den Cork \u015fehrine direkt u\u00e7u\u015flarla, <br>\n\u00d6zel ekonomik \u0130ngilizce kursu!\n <br>\nKonaklama dahil ekonomik paketler!\n<\/div>\n\t\t<\/div>\n\t\t\n\t\t<div class=\"box\">\n\t\t\t<div class=\"box-title\"> Work and Study \u2013 \u0130rlanda\u2019da \u0130ngilizce \u00d6\u011frenirken \u00c7al\u0131\u015f\u0131n!<\/div>\n\t\t\t\n\t\t\t<div class=\"box-content\">Haftada 20 saat yasal \u00e7al\u0131\u015fma izni! <br>\nDublin ve Cork \u015fehirlerinde dil okulu + i\u015f kombinasyonu. <br>\nKonaklama + i\u015f arama deste\u011fi dahil ekonomik paketler.\n    <\/div>\n\t\t<\/div>\n\t\t\n\t\t<div class=\"box\">\n\t\t\t<div class=\"box-title\">2025 Yaz\u0131 \u0130\u00e7in Velilere \u00d6zel \u2018Anne-\u00c7ocuk\u2019 E\u011fitim Paketleri!<\/div>\n\t\t\t\n\t\t\t<div class=\"box-content\">Kanada, Fransa ve \u0130ngiltere\u2019de yaz d\u00f6nemi aile programlar\u0131\nAnne \u2013 Genel \u0130ngilizce (Opsiyonel) <br>\n\u00c7ocuk \u2013 Yaz kamp\u0131 & sosyal etkinlikler.\n\n<\/div>\n\t\t<\/div>\n\t\t\n\t\t<div class=\"box\">\n\t\t\t<div class=\"box-title\">Vize Dan\u0131\u015fmanl\u0131\u011f\u0131m\u0131zla Hata Pay\u0131n\u0131 Azalt\u0131n!<\/div>\n\t\t\t\n\t\t\t<div class=\"box-content\">T\u00fcm y\u0131l boyunca <br>\n\u00d6\u011frenci Vizesi \u2013 UK | Canada | EU\nBelgelerinizin eksiksiz haz\u0131rland\u0131\u011f\u0131ndan emin olun.\nDual dan\u0131\u015fmanl\u0131k \u00d6\u011frenci Portal\u0131 fark\u0131yla ba\u015fvuru s\u00fcreci art\u0131k daha \u015feffaf!\n\n<\/div>\n\t\t<\/div>\n\t\t\n\t\t<div class=\"box\">\n\t\t\t<div class=\"box-title\">H\u0131zland\u0131r\u0131lm\u0131\u015f Dil E\u011fitim Program\u0131<\/div>\n\t\t\t\n\t\t\t<div class=\"box-content\">T\u00fcm lokasyonlar\u0131m\u0131zda yo\u011funla\u015ft\u0131r\u0131lm\u0131\u015f e\u011fitim programlar\u0131yla. <br>\n8 haftal\u0131k dil kamp\u0131 + k\u00fclt\u00fcrel program.\n<br>\nBa\u015fvuru i\u00e7in sadece pasaport yeterli\n<\/div>\n\t<\/div>\n\t\n\t<div class=\"box\">\n\t\t\t<div class=\"box-title\">Sonbahar D\u00f6nemi Dil Okulu Kay\u0131tlar\u0131 A\u00e7\u0131ld\u0131<\/div>\n\t\t\t\n\t\t\t<div class=\"box-content\">Eyl\u00fcl \u2013 Kas\u0131m aras\u0131 k\u0131sa d\u00f6nem \u0130ngilizce e\u011fitimi. <br>\nUygun fiyatl\u0131 programlar + konaklama dahil paket. <br>\nHavaliman\u0131 kar\u015f\u0131lama ve \u015fehir oryantasyonu bizden!\n<\/div>\n\t<\/div>\n\t\n\t<div class=\"box\">\n\t\t\t<div class=\"box-title\">Akademik Yaz Okullar\u0131 2025\n\t\t\t<br> \u00d6n Rezervasyonlar\u0131 A\u00e7\u0131ld\u0131!<\/div>\n\t\t\t\n\t\t\t<div class=\"box-content\">T\u0131p, m\u00fchendislik, i\u015fletme, hukuk gibi mesleki\n\t\t\talanlar\u0131nda yaz akademileri.\n\t\t\tUCL, Cambridge, Oxford, Toronto\n\t\t\t\u00dcniversitesi, Kolombiya \u00dcniversitesi\n\t\t\tgibi D\u00fcnya\u2019n\u0131n en prestijli kamp\u00fcslerinde\n\t\t\te\u011fitim f\u0131rsat\u0131 <br>\nErken ba\u015fvuru ile %5 indirim!\n<\/div>\n\t<\/div>\n\t\n\t<div class=\"box\">\n\t\t\t<div class=\"box-title\">Sadece 3 G\u00fcn: Kanada Dil Okulu F\u0131rsat Paketi!<\/div>\n\t\t\t\n\t\t\t<div class=\"box-content\">4 hafta dil okulu + konaklama + vize dan\u0131\u015fmanl\u0131\u011f\u0131 <br>\nT\u00fcm paket 2.200 CAD\u2019dan ba\u015flayan fiyatlarla. <br>\n\u00dcstelik \u00fccretsiz online seviye testi!\n<\/div>\n\t<\/div>\n\t\n\t<div class=\"box\">\n\t\t\t<div class=\"box-title\">Kas\u0131m Ay\u0131 \u0130ngilizce Kurslar\u0131 \u2013 Londra\u2019da Yo\u011fun Programlar<\/div>\n\t\t\t\n\t\t\t<div class=\"box-content\">Genel \u0130ngilizce | IELTS | \u0130\u015f \u0130ngilizcesi <br>\nHaftada 20-30 saatlik yo\u011fun kurslar <br>\nHedefine g\u00f6re mini gruplar \u2013 ki\u015fiselle\u015ftirilmi\u015f e\u011fitim.\n<\/div>\n\t<\/div>\n\t\n\t<div class=\"box\">\n\t\t\t<div class=\"box-title\">Lise \u00d6\u011frencilerine \u00d6zel Yar\u0131y\u0131l Tatili Yurt D\u0131\u015f\u0131 Deneyimi<\/div>\n\t\t\t\n\t\t\t<div class=\"box-content\">\u015eubat 2025 <br>\n\u0130ngiltere \u2013 2 haftal\u0131k k\u00fclt\u00fcr ve dil program. <br>\n\u0130ngilizce \u00f6\u011frenirken Londra, Oxford, Brighton\u2019\u0131 ke\u015ffet!\n<\/div>\n\t<\/div>\n\t\t\n\t<\/div>\n\n\t\t\t\t<\/div>\n\t\t\t\t<\/div>\n\t\t\t\t\t<\/div>\n\t\t<\/div>\n\t\t\t\t\t<\/div>\n\t\t<\/section>\n\t\t\t\t<\/div>","protected":false},"excerpt":{"rendered":"<p>Dual Study Abroad G\u00fcncel Duyurular kurumumuz taraf\u0131ndan yay\u0131nlanan t\u00fcm g\u00fcncel duyurulara, etkinlik ve yar\u0131\u015fma bilgilendirmelerine, burs ve ba\u015fvuru f\u0131rsatlar\u0131na ula\u015fabilirsiniz. \u00d6\u011frenci ve kat\u0131l\u0131mc\u0131lar\u0131m\u0131z\u0131n hak ve f\u0131rsatlardan zaman\u0131nda haberdar olabilmesi ad\u0131na, t\u00fcm resmi a\u00e7\u0131klamalar d\u00fczenli olarak burada payla\u015f\u0131lmaktad\u0131r. Detayl\u0131 bilgi ve ba\u015fvuru \u015fartlar\u0131 her duyurunun i\u00e7eri\u011finde ayr\u0131ca belirtilmektedir. Akademik Yaz Okullar\u0131 \u00c7ocu\u011funuz, d\u00fcnyan\u0131n \u00f6nde gelen \u00fcniversite&#8230;<\/p>","protected":false},"author":1,"featured_media":0,"parent":0,"menu_order":0,"comment_status":"closed","ping_status":"closed","template":"template-builder.php","meta":{"footnotes":""},"class_list":["post-2248","page","type-page","status-publish","hentry"],"_links":{"self":[{"href":"https:\/\/dualstudyabroad.co.uk\/en\/wp-json\/wp\/v2\/pages\/2248","targetHints":{"allow":["GET"]}}],"collection":[{"href":"https:\/\/dualstudyabroad.co.uk\/en\/wp-json\/wp\/v2\/pages"}],"about":[{"href":"https:\/\/dualstudyabroad.co.uk\/en\/wp-json\/wp\/v2\/types\/page"}],"author":[{"embeddable":true,"href":"https:\/\/dualstudyabroad.co.uk\/en\/wp-json\/wp\/v2\/users\/1"}],"replies":[{"embeddable":true,"href":"https:\/\/dualstudyabroad.co.uk\/en\/wp-json\/wp\/v2\/comments?post=2248"}],"version-history":[{"count":76,"href":"https:\/\/dualstudyabroad.co.uk\/en\/wp-json\/wp\/v2\/pages\/2248\/revisions"}],"predecessor-version":[{"id":11874,"href":"https:\/\/dualstudyabroad.co.uk\/en\/wp-json\/wp\/v2\/pages\/2248\/revisions\/11874"}],"wp:attachment":[{"href":"https:\/\/dualstudyabroad.co.uk\/en\/wp-json\/wp\/v2\/media?parent=2248"}],"curies":[{"name":"wp","href":"https:\/\/api.w.org\/{rel}","templated":true}]}}