{"id":12291,"date":"2026-03-26T16:03:50","date_gmt":"2026-03-26T13:03:50","guid":{"rendered":"https:\/\/dualstudyabroad.co.uk\/ogrenci-isleri-bilgilendirme-merkezi\/"},"modified":"2026-03-26T21:25:25","modified_gmt":"2026-03-26T18:25:25","slug":"ogrenci-isleri-bilgilendirme-merkezi","status":"publish","type":"page","link":"https:\/\/dualstudyabroad.co.uk\/en\/ogrenci-isleri-bilgilendirme-merkezi\/","title":{"rendered":"\u00d6\u011frenci \u0130\u015fleri Bilgilendirme Merkezi"},"content":{"rendered":"<div data-elementor-type=\"wp-page\" data-elementor-id=\"12291\" class=\"elementor elementor-12291\" data-elementor-post-type=\"page\">\n\t\t\t\t<div class=\"elementor-element elementor-element-57994b4 e-flex e-con-boxed e-con e-parent\" data-id=\"57994b4\" data-element_type=\"container\" data-e-type=\"container\">\n\t\t\t\t\t<div class=\"e-con-inner\">\n\t\t\r\n\r\n\t\t<div class=\"elementor-element elementor-element-9d99863 elementor-widget elementor-widget-text-editor\" data-id=\"9d99863\" data-element_type=\"widget\" data-e-type=\"widget\" data-widget_type=\"text-editor.default\">\n\t\t\t\t<div class=\"elementor-widget-container\">\n\t\t\t\t\t\t\t\t\t<h1>\u00d6\u011frenci \u0130\u015fleri ve Bilgilendirme Merkezi<\/h1>\n<p>Yurt d\u0131\u015f\u0131 e\u011fitim yolculu\u011funuzda ihtiyac\u0131n\u0131z olan t\u00fcm resmi formlar, rehberler ve g\u00fcncel duyurular tek bir noktada! Hedeflerinize giden yolda size rehberlik edecek d\u00f6k\u00fcmanlara a\u015fa\u011f\u0131dan h\u0131zl\u0131ca ula\u015fabilirsiniz.<\/p>\n<h2>1. Formlar ve Ba\u015fvurular<\/h2>\n<ul>\n<li><strong>\u00d6\u011frenci Bilgi Edinme Formlar\u0131:<\/strong>&nbsp;S\u00fcre\u00e7ler hakk\u0131nda detayl\u0131 bilgi almak i\u00e7in ilk ad\u0131m\u0131n\u0131z\u0131 at\u0131n.<\/li>\n<li><strong>Vize Ba\u015fvuru Formlar\u0131:<\/strong>&nbsp;G\u00fcncel konsolosluk standartlar\u0131na uygun ba\u015fvuru evraklar\u0131.<\/li>\n<li><strong>Yurt D\u0131\u015f\u0131 Deneyim De\u011ferlendirme Formu:<\/strong>&nbsp;Deneyimlerinizi payla\u015f\u0131n, gelecek nesillere \u0131\u015f\u0131k tutun.<\/li>\n<\/ul><div><br><\/div>\n<h2>2. E\u011fitim ve Tan\u0131t\u0131m Materyalleri<\/h2>\n<ul>\n<li><strong>Okul Tan\u0131t\u0131m Kataloglar\u0131:<\/strong>&nbsp;Anla\u015fmal\u0131 oldu\u011fumuz yurt d\u0131\u015f\u0131 okullar\u0131n\u0131n detayl\u0131 program ve konaklama bilgileri.<\/li>\n<li><strong>Yurt D\u0131\u015f\u0131 E\u011fitim &amp; Vize Ba\u015fvuru Rehberleri:<\/strong>&nbsp;Ad\u0131m ad\u0131m vize alma stratejileri ve \u00fclke bazl\u0131 ya\u015fam rehberleri.<\/li>\n<\/ul><div><br><\/div>\n<h2>3. G\u00fcncel \u0130\u00e7erikler ve Avantajlar<\/h2>\n<ul>\n<li><strong>Blog Yaz\u0131lar\u0131:<\/strong>&nbsp;Yurt d\u0131\u015f\u0131nda ya\u015fam, k\u00fclt\u00fcrel adaptasyon ve e\u011fitim trendleri \u00fczerine ipu\u00e7lar\u0131.<\/li>\n<li><strong>Kampanyalar:<\/strong>&nbsp;Erken kay\u0131t indirimleri ve \u00f6zel burs f\u0131rsatlar\u0131ndan haberdar olun.<\/li>\n<\/ul><div><br><\/div>\n<h2>4. DUAL K\u00fct\u00fcphanesi<\/h2>\n<ul>\n<li><strong>Katologlar:<\/strong>Yurtd\u0131\u015f\u0131 E\u011fitim Kurumlar\u0131 tan\u0131t\u0131m ve bilgilendirme katologlar\u0131 &#8211;<\/li>\n<li><strong>Rehberler:<\/strong> \u00dcniversite Ba\u015fvuru rehberleri &#8211; Vize Ba\u015fvuru rehberleri&nbsp;<\/li>\n<li><strong>\u00d6rnek Yurtd\u0131\u015f\u0131 E\u011fitim Paketleri:<\/strong> Her\u015fey dahil yaz okulu paketi &#8211; Aile \u0130ngilizce ve Tatil Paketi- Kar\u015f\u0131la\u015ft\u0131rmal\u0131 dil okulu paketleri..<\/li>\n<\/ul><div><br><\/div>\t\t\t\t\t\t\t\t<\/div>\n\t\t\t\t<\/div>\n\t\t\t\t\t<\/div>\n\t\t\t\t<\/div>\n\t\t\t\t<\/div>","protected":false},"excerpt":{"rendered":"<p>\u00d6\u011frenci \u0130\u015fleri ve Bilgilendirme Merkezi Yurt d\u0131\u015f\u0131 e\u011fitim yolculu\u011funuzda ihtiyac\u0131n\u0131z olan t\u00fcm resmi formlar, rehberler ve g\u00fcncel duyurular tek bir noktada! Hedeflerinize giden yolda size rehberlik edecek d\u00f6k\u00fcmanlara a\u015fa\u011f\u0131dan h\u0131zl\u0131ca ula\u015fabilirsiniz. 1. Formlar ve Ba\u015fvurular \u00d6\u011frenci Bilgi Edinme Formlar\u0131:&nbsp;S\u00fcre\u00e7ler hakk\u0131nda detayl\u0131 bilgi almak i\u00e7in ilk ad\u0131m\u0131n\u0131z\u0131 at\u0131n. Vize Ba\u015fvuru Formlar\u0131:&nbsp;G\u00fcncel konsolosluk standartlar\u0131na uygun ba\u015fvuru evraklar\u0131&#8230;.<\/p>","protected":false},"author":1,"featured_media":0,"parent":0,"menu_order":0,"comment_status":"closed","ping_status":"closed","template":"","meta":{"footnotes":""},"class_list":["post-12291","page","type-page","status-publish","hentry"],"_links":{"self":[{"href":"https:\/\/dualstudyabroad.co.uk\/en\/wp-json\/wp\/v2\/pages\/12291","targetHints":{"allow":["GET"]}}],"collection":[{"href":"https:\/\/dualstudyabroad.co.uk\/en\/wp-json\/wp\/v2\/pages"}],"about":[{"href":"https:\/\/dualstudyabroad.co.uk\/en\/wp-json\/wp\/v2\/types\/page"}],"author":[{"embeddable":true,"href":"https:\/\/dualstudyabroad.co.uk\/en\/wp-json\/wp\/v2\/users\/1"}],"replies":[{"embeddable":true,"href":"https:\/\/dualstudyabroad.co.uk\/en\/wp-json\/wp\/v2\/comments?post=12291"}],"version-history":[{"count":14,"href":"https:\/\/dualstudyabroad.co.uk\/en\/wp-json\/wp\/v2\/pages\/12291\/revisions"}],"predecessor-version":[{"id":12690,"href":"https:\/\/dualstudyabroad.co.uk\/en\/wp-json\/wp\/v2\/pages\/12291\/revisions\/12690"}],"wp:attachment":[{"href":"https:\/\/dualstudyabroad.co.uk\/en\/wp-json\/wp\/v2\/media?parent=12291"}],"curies":[{"name":"wp","href":"https:\/\/api.w.org\/{rel}","templated":true}]}}