{"id":11895,"date":"2025-05-18T16:06:50","date_gmt":"2025-05-18T13:06:50","guid":{"rendered":"https:\/\/dualstudyabroad.co.uk\/?page_id=11895"},"modified":"2025-05-18T16:07:10","modified_gmt":"2025-05-18T13:07:10","slug":"degerlendirme-formu","status":"publish","type":"page","link":"https:\/\/dualstudyabroad.co.uk\/en\/degerlendirme-formu\/","title":{"rendered":"De\u011ferlendirme Formu"},"content":{"rendered":"\t\t<div data-elementor-type=\"wp-page\" data-elementor-id=\"11895\" class=\"elementor elementor-11895\" data-elementor-post-type=\"page\">\n\t\t\t\t<div class=\"elementor-element elementor-element-417ac97b e-flex e-con-boxed e-con e-parent\" data-id=\"417ac97b\" data-element_type=\"container\" data-e-type=\"container\">\n\t\t\t\t\t<div class=\"e-con-inner\">\n\t\t\r\n\r\n\t\t<div class=\"elementor-element elementor-element-52606275 elementor-widget elementor-widget-text-editor\" data-id=\"52606275\" data-element_type=\"widget\" data-e-type=\"widget\" data-widget_type=\"text-editor.default\">\n\t\t\t\t<div class=\"elementor-widget-container\">\n\t\t\t\t\t\t\t\t\t<div class=\"forminator-ui forminator-custom-form forminator-custom-form-11894 forminator-design--basic  forminator_ajax\" data-forminator-render=\"0\" data-form=\"forminator-module-11894\" data-uid=\"6a071a5cce320\"><br\/><\/div><form\n\t\t\t\tid=\"forminator-module-11894\"\n\t\t\t\tclass=\"forminator-ui forminator-custom-form forminator-custom-form-11894 forminator-design--basic  forminator_ajax\"\n\t\t\t\tmethod=\"post\"\n\t\t\t\tdata-forminator-render=\"0\"\n\t\t\t\tdata-form-id=\"11894\"\n\t\t\t\t data-color-option=\"theme\" data-design=\"basic\" data-grid=\"open\" style=\"display: none;\"\n\t\t\t\tdata-uid=\"6a071a5cce320\"\n\t\t\t><div role=\"alert\" aria-live=\"polite\" class=\"forminator-response-message forminator-error\" aria-hidden=\"true\"><\/div><div class=\"forminator-row\"><div id=\"name-1\" class=\"forminator-field-name forminator-col forminator-col-12 \"><div class=\"forminator-row forminator-no-margin\" data-multiple=\"true\"><div class=\"forminator-col forminator-col-md-6\"><div class=\"forminator-field\"><label for=\"forminator-field-first-name-1_6a071a5cce320\" id=\"forminator-field-first-name-1_6a071a5cce320-label\" class=\"forminator-label\">Ad <span class=\"forminator-required\">*<\/span><\/label><input type=\"text\" name=\"name-1-first-name\" placeholder=\"\" id=\"forminator-field-first-name-1_6a071a5cce320\" class=\"forminator-input\" aria-required=\"true\" data-multi=\"1\" autocomplete=\"given-name\" value=\"\" \/><\/div><\/div><div class=\"forminator-col forminator-col-md-6\"><div class=\"forminator-field\"><label for=\"forminator-field-last-name-1_6a071a5cce320\" id=\"forminator-field-last-name-1_6a071a5cce320-label\" class=\"forminator-label\">Soyad<\/label><input type=\"text\" name=\"name-1-last-name\" placeholder=\"\" id=\"forminator-field-last-name-1_6a071a5cce320\" class=\"forminator-input\" aria-required=\"false\" data-multi=\"1\" autocomplete=\"family-name\" value=\"\" \/><\/div><\/div><\/div><\/div><\/div><div class=\"forminator-row\"><div id=\"email-1\" class=\"forminator-field-email forminator-col forminator-col-12 \"><div class=\"forminator-field\"><label for=\"forminator-field-email-1_6a071a5cce320\" id=\"forminator-field-email-1_6a071a5cce320-label\" class=\"forminator-label\">E-posta Adresi <span class=\"forminator-required\">*<\/span><\/label><input type=\"email\" name=\"email-1\" value=\"\" placeholder=\"\" id=\"forminator-field-email-1_6a071a5cce320\" class=\"forminator-input forminator-email--field\" data-required=\"1\" aria-required=\"true\" autocomplete=\"email\" \/><\/div><\/div><\/div><div class=\"forminator-row\"><div id=\"select-2\" class=\"forminator-field-select forminator-col forminator-col-12 \"><div class=\"forminator-field\"><label for=\"forminator-form-11894__field--select-2_6a071a5cce320\" id=\"forminator-form-11894__field--select-2_6a071a5cce320-label\" class=\"forminator-label\">L\u00fctfen programa kat\u0131ld\u0131\u011f\u0131n\u0131z \u00fclke bilgisini giriniz<\/label><select  id=\"forminator-form-11894__field--select-2_6a071a5cce320\" class=\"forminator-select--field forminator-select2 forminator-select2-multiple\" data-required=\"\" name=\"select-2\" data-default-value=\"\" data-hidden-behavior=\"zero\" data-placeholder=\"\" data-search=\"false\" data-search-placeholder=\"\" data-checkbox=\"false\" data-allow-clear=\"false\" aria-labelledby=\"forminator-form-11894__field--select-2_6a071a5cce320-label\"><option value=\"L\u00fctfen-L\u00fctfen se\u00e7iniz\"  data-calculation=\"0\">L\u00fctfen se\u00e7iniz<\/option><option value=\"\u0130ngiltere\"  data-calculation=\"0\">\u0130ngiltere (Birle\u015fik Krall\u0131k)<\/option><option value=\"Amerika\"  data-calculation=\"0\">Amerika<\/option><option value=\"Kanada\"  data-calculation=\"0\">Kanada<\/option><option value=\"\u0130rlanda\"  data-calculation=\"0\">\u0130rlanda<\/option><option value=\"Malta\"  data-calculation=\"0\">Malta<\/option><option value=\"Fransa\"  data-calculation=\"0\">Fransa<\/option><option value=\"Almanya\"  data-calculation=\"0\">Almanya<\/option><option value=\"\u0130svi\u00e7re\"  data-calculation=\"0\">\u0130svi\u00e7re<\/option><option value=\"\u0130spanya\"  data-calculation=\"0\">\u0130spanya<\/option><option value=\"Macaristan\"  data-calculation=\"0\">Macaristan<\/option><option value=\"Polonya\"  data-calculation=\"0\">Polonya<\/option><option value=\"\u0130talya\"  data-calculation=\"0\">\u0130talya<\/option><option value=\"BAE---Dubai\"  data-calculation=\"0\">BAE &#8211; Dubai<\/option><option value=\"Di\u011fer\"  data-calculation=\"0\">Di\u011fer<\/option><\/select><\/div><\/div><\/div><div class=\"forminator-row\"><div id=\"select-1\" class=\"forminator-field-select forminator-col forminator-col-12 \"><div class=\"forminator-field\"><label for=\"forminator-form-11894__field--select-1_6a071a5cce320\" id=\"forminator-form-11894__field--select-1_6a071a5cce320-label\" class=\"forminator-label\">L\u00fctfen kat\u0131ld\u0131\u011f\u0131n\u0131z program kategorisini se\u00e7iniz<\/label><select  id=\"forminator-form-11894__field--select-1_6a071a5cce320\" class=\"forminator-select--field forminator-select2 forminator-select2-multiple\" data-required=\"\" name=\"select-1\" data-default-value=\"\" data-hidden-behavior=\"zero\" data-placeholder=\"\" data-search=\"false\" data-search-placeholder=\"\" data-checkbox=\"false\" data-allow-clear=\"false\" aria-labelledby=\"forminator-form-11894__field--select-1_6a071a5cce320-label\"><option value=\"L\u00fctfen-Se\u00e7iniz...\"  data-calculation=\"0\">L\u00fctfen Se\u00e7iniz&#8230;<\/option><option value=\"one\"  data-calculation=\"0\">5-17 Ya\u015f Yaz Kamp\u0131<\/option><option value=\"two\"  data-calculation=\"0\">Dil Okulu &#8211; Yeti\u015fkin<\/option><option value=\"Work&amp;-Study\"  data-calculation=\"0\">Work&amp; Study<\/option><option value=\"Sertifika-Program\u0131\"  data-calculation=\"0\">Sertifika Program\u0131<\/option><option value=\"\u00dcniversite-Lisans---Y\u00fcksek-Lisans\"  data-calculation=\"0\">\u00dcniversite Lisans \/ Y\u00fcksek Lisans<\/option><\/select><\/div><\/div><\/div><div class=\"forminator-row\"><div id=\"text-1\" class=\"forminator-field-text forminator-col forminator-col-12 \"><div class=\"forminator-field\"><label for=\"forminator-field-text-1_6a071a5cce320\" id=\"forminator-field-text-1_6a071a5cce320-label\" class=\"forminator-label\">L\u00fctfen, Kay\u0131t oldugunuz program e\u011fitim kurumu ismini giriniz<\/label><span id=\"forminator-field-text-1_6a071a5cce320-description\" class=\"forminator-description\">L\u00fctfen, Kay\u0131t oldugunuz program e\u011fitim kurumu ismini giriniz<\/span><input type=\"text\" name=\"text-1\" value=\"\" placeholder=\"\" id=\"forminator-field-text-1_6a071a5cce320\" class=\"forminator-input forminator-name--field\" data-required=\"\" aria-describedby=\"forminator-field-text-1_6a071a5cce320-description\" \/><\/div><\/div><\/div><div class=\"forminator-row\"><div id=\"date-1\" class=\"forminator-field-date forminator-col forminator-col-12 \"><div class=\"forminator-field\"><label for=\"forminator-field-date-1-picker_6a071a5cce320\" id=\"forminator-field-date-1-picker_6a071a5cce320-label\" class=\"forminator-label\">Program Ba\u015flang\u0131\u00e7 Tarihi<\/label><div class=\"forminator-input-with-icon\"><span class=\"forminator-icon-calendar\" aria-hidden=\"true\"><\/span><input autocomplete=\"off\" type=\"text\" size=\"1\" name=\"date-1\" value=\"\" placeholder=\"Tarih Se\u00e7\" id=\"forminator-field-date-1-picker_6a071a5cce320\" class=\"forminator-input forminator-datepicker\" data-required=\"\" data-format=\"mm\/dd\/yy\" data-restrict-type=\"\" data-restrict=\"\" data-start-year=\"1926\" data-end-year=\"2126\" data-past-dates=\"enable\" data-start-of-week=\"1\" data-start-date=\"\" data-end-date=\"\" data-start-field=\"\" data-end-field=\"\" data-start-offset=\"\" data-end-offset=\"\" data-disable-date=\"\" data-disable-range=\"\" \/><\/div><\/div><\/div><\/div><div class=\"forminator-row\"><div id=\"textarea-1\" class=\"forminator-field-textarea forminator-col forminator-col-12 \"><div class=\"forminator-field\"><label for=\"forminator-field-textarea-1_6a071a5cce320\" id=\"forminator-field-textarea-1_6a071a5cce320-label\" class=\"forminator-label\">Yorumunuz <span class=\"forminator-required\">*<\/span><\/label><span id=\"forminator-field-textarea-1_6a071a5cce320-description\" class=\"forminator-description\">L\u00fctfen \u00fclke &#8211; \u015fehir ve program i\u00e7eri\u011fine dair demeyimlerinizi &#8211; dilek ve \u00f6nerilerinizi payla\u015f\u0131n\u0131z<\/span><textarea name=\"textarea-1\" placeholder=\"\" id=\"forminator-field-textarea-1_6a071a5cce320\" class=\"forminator-textarea\" rows=\"6\" style=\"--forminator-textarea-min-height:140px;\" aria-describedby=\"forminator-field-textarea-1_6a071a5cce320-description\" ><\/textarea><\/div><\/div><\/div><input type=\"hidden\" name=\"referer_url\" value=\"\" \/><div class=\"forminator-row forminator-row-last\"><div class=\"forminator-col\"><div class=\"forminator-field\"><button class=\"forminator-button forminator-button-submit\">Mesaj G&ouml;nder<\/button><\/div><\/div><\/div><input type=\"hidden\" id=\"forminator_nonce\" name=\"forminator_nonce\" value=\"df88a03f27\" \/><input type=\"hidden\" name=\"_wp_http_referer\" value=\"\/en\/wp-json\/wp\/v2\/pages\/11895\" \/><input type=\"hidden\" name=\"form_id\" value=\"11894\"><input type=\"hidden\" name=\"page_id\" value=\"3814\"><input type=\"hidden\" name=\"form_type\" value=\"default\"><input type=\"hidden\" name=\"current_url\" value=\"https:\/\/dualstudyabroad.co.uk\/en\/?edura_footer_build=footer-one\"><input type=\"hidden\" name=\"render_id\" value=\"0\"><input type=\"hidden\" name=\"action\" value=\"forminator_submit_form_custom-forms\"><\/form>\t\t\t\t\t\t\t\t<\/div>\n\t\t\t\t<\/div>\n\t\t\t\t<div class=\"elementor-element elementor-element-1fd131a elementor-widget elementor-widget-html\" data-id=\"1fd131a\" data-element_type=\"widget\" data-e-type=\"widget\" data-widget_type=\"html.default\">\n\t\t\t\t<div class=\"elementor-widget-container\">\n\t\t\t\t\t\r\n<style>\r\ninput[type=\"radio\"] {\r\n    visibility: visible !important;\r\n    opacity: 1 !important;\r\n    width: auto !important;\r\n    height: auto !important;\r\n    display: inline-block !important;\r\n}\r\ninput[type=\"checkbox\"] {\r\n    visibility: visible !important;\r\n    opacity: 1 !important;\r\n    width: auto !important;\r\n    height: auto !important;\r\n    display: inline-block !important;\r\n}\r\n\r\n    \r\n<\/style>\t\t\t\t<\/div>\n\t\t\t\t<\/div>\n\t\t\t\t<div class=\"elementor-element elementor-element-503b554 elementor-widget elementor-widget-html\" data-id=\"503b554\" data-element_type=\"widget\" data-e-type=\"widget\" data-widget_type=\"html.default\">\n\t\t\t\t<div class=\"elementor-widget-container\">\n\t\t\t\t\t<style>\r\n\r\n.forminator-select2 .select2-selection {\r\n    border-radius: 5px !important;\r\n}\r\n\r\n.select2-container .select2-selection--single {\r\n    border-radius: 5px !important;\r\n}\r\n\r\n\r\n\/* Geri ve \u0130leri Butonlar\u0131 *\/\r\n.forminator-button-back, \r\n.forminator-button-next {\r\n  background-color: #92251e !important; \r\n  color: white !important;\r\n  border: 2px solid #92251e !important;\r\n  padding: 8px 18px !important; \r\n  border-radius: 25px !important;\r\n  font-size: 14px !important; \r\n  font-weight: bold !important;\r\n  cursor: pointer !important;\r\n  transition: background-color 0.3s ease-in-out !important;\r\n  box-shadow: none !important;\r\n  outline: none !important;\r\n}\r\n\r\n.forminator-button-back:hover, \r\n.forminator-button-next:hover {\r\n  color: #92251e !important;\r\n  background-color: white !important;\r\n  border: 2px solid #92251e !important; \r\n}\r\n\r\n.forminator-button-back:focus, \r\n.forminator-button-back:active,\r\n.forminator-button-next:focus, \r\n.forminator-button-next:active {\r\n  box-shadow: none !important;\r\n  outline: none !important;\r\n  border: 2px solid #92251e !important;\r\n}\r\n\r\n\/* G\u00f6nder Butonu *\/\r\n.forminator-button-submit {\r\n  background-color: #92251e !important; \r\n  color: white !important;\r\n  border: 2px solid #92251e !important;\r\n  padding: 8px 18px !important; \r\n  border-radius: 25px !important;\r\n  font-size: 14px !important; \r\n  font-weight: bold !important;\r\n  cursor: pointer !important;\r\n  transition: background-color 0.3s ease-in-out !important;\r\n  box-shadow: none !important;\r\n  outline: none !important;\r\n}\r\n\r\n.forminator-button-submit:hover {\r\n  color: #92251e !important;\r\n  background-color: white !important;\r\n  border: 2px solid #92251e !important; \r\n}\r\n\r\n.forminator-button-submit:focus,\r\n.forminator-button-submit:active {\r\n  box-shadow: none !important;\r\n  outline: none !important;\r\n  border: 2px solid #92251e !important;\r\n}\r\n\r\n\r\n<\/style>\r\n\t\t\t\t<\/div>\n\t\t\t\t<\/div>\n\t\t\t\t\t<\/div>\n\t\t\t\t<\/div>\n\t\t\t\t<\/div>\n\t\t","protected":false},"excerpt":{"rendered":"","protected":false},"author":1,"featured_media":0,"parent":0,"menu_order":0,"comment_status":"closed","ping_status":"closed","template":"","meta":{"footnotes":""},"class_list":["post-11895","page","type-page","status-publish","hentry"],"_links":{"self":[{"href":"https:\/\/dualstudyabroad.co.uk\/en\/wp-json\/wp\/v2\/pages\/11895","targetHints":{"allow":["GET"]}}],"collection":[{"href":"https:\/\/dualstudyabroad.co.uk\/en\/wp-json\/wp\/v2\/pages"}],"about":[{"href":"https:\/\/dualstudyabroad.co.uk\/en\/wp-json\/wp\/v2\/types\/page"}],"author":[{"embeddable":true,"href":"https:\/\/dualstudyabroad.co.uk\/en\/wp-json\/wp\/v2\/users\/1"}],"replies":[{"embeddable":true,"href":"https:\/\/dualstudyabroad.co.uk\/en\/wp-json\/wp\/v2\/comments?post=11895"}],"version-history":[{"count":7,"href":"https:\/\/dualstudyabroad.co.uk\/en\/wp-json\/wp\/v2\/pages\/11895\/revisions"}],"predecessor-version":[{"id":11902,"href":"https:\/\/dualstudyabroad.co.uk\/en\/wp-json\/wp\/v2\/pages\/11895\/revisions\/11902"}],"wp:attachment":[{"href":"https:\/\/dualstudyabroad.co.uk\/en\/wp-json\/wp\/v2\/media?parent=11895"}],"curies":[{"name":"wp","href":"https:\/\/api.w.org\/{rel}","templated":true}]}}