{"id":11775,"date":"2025-05-12T12:56:02","date_gmt":"2025-05-12T09:56:02","guid":{"rendered":"https:\/\/dualstudyabroad.co.uk\/?page_id=11775"},"modified":"2025-05-12T14:58:44","modified_gmt":"2025-05-12T11:58:44","slug":"kampanyalar","status":"publish","type":"page","link":"https:\/\/dualstudyabroad.co.uk\/en\/kampanyalar\/","title":{"rendered":"Kampanyalar"},"content":{"rendered":"<div data-elementor-type=\"wp-page\" data-elementor-id=\"11775\" class=\"elementor elementor-11775\" data-elementor-post-type=\"page\">\n\t\t\t\t<div class=\"elementor-element elementor-element-7cd9a11 e-flex e-con-boxed e-con e-parent\" data-id=\"7cd9a11\" data-element_type=\"container\" data-e-type=\"container\">\n\t\t\t\t\t<div class=\"e-con-inner\">\n\t\t\r\n\r\n\t\t<div class=\"elementor-element elementor-element-8578967 elementor-widget elementor-widget-edurasectiontitle\" data-id=\"8578967\" data-element_type=\"widget\" data-e-type=\"widget\" data-widget_type=\"edurasectiontitle.default\">\n\t\t\t\t<div class=\"elementor-widget-container\">\n\t\t\t\t\t<div class=\"title-area mb-25\" ><span class=\"sub-title subtitle-selector\"><i class=\"fal fa-book me-2\"><\/i>Dual Study Abroad<\/span><h2 class=\"sec-title title-selector\">G\u00fcncel Kampanyalar<\/h2><p class=\"desc-selector\">Kurumumuz taraf\u0131ndan yay\u0131nlanan t\u00fcm g\u00fcncel duyurulara, etkinlik ve yar\u0131\u015fma bilgilendirmelerine, burs ve ba\u015fvuru f\u0131rsatlar\u0131na ula\u015fabilirsiniz. \u00d6\u011frenci ve kat\u0131l\u0131mc\u0131lar\u0131m\u0131z\u0131n hak ve f\u0131rsatlardan zaman\u0131nda haberdar olabilmesi ad\u0131na, t\u00fcm resmi a\u00e7\u0131klamalar d\u00fczenli olarak burada payla\u015f\u0131lmaktad\u0131r. Detayl\u0131 bilgi ve ba\u015fvuru \u015fartlar\u0131 her duyurunun i\u00e7eri\u011finde ayr\u0131ca belirtilmektedir.<\/p><\/div>\t\t\t\t<\/div>\n\t\t\t\t<\/div>\n\t\t\t\t\t<\/div>\n\t\t\t\t<\/div>\n\t\t\t\t<section class=\"elementor-section elementor-top-section elementor-element elementor-element-33a919a elementor-section-boxed elementor-section-height-default elementor-section-height-default\" data-id=\"33a919a\" data-element_type=\"section\" data-e-type=\"section\">\n\t\t\t\t\t\t<div class=\"elementor-container elementor-column-gap-no\">\n\t\t\t\t\t<div class=\"elementor-column elementor-col-100 elementor-top-column elementor-element elementor-element-afdda57\" data-id=\"afdda57\" data-element_type=\"column\" data-e-type=\"column\">\n\t\t\t<div class=\"elementor-widget-wrap elementor-element-populated\">\n\t\t\t\t\t\t<div class=\"elementor-element elementor-element-5f4eae4 elementor-widget elementor-widget-html\" data-id=\"5f4eae4\" data-element_type=\"widget\" data-e-type=\"widget\" data-widget_type=\"html.default\">\n\t\t\t\t<div class=\"elementor-widget-container\">\n\t\t\t\t\t\t<style>\n\t\t.box-container {\n\t\t\tdisplay: flex;\n\t\t\tflex-wrap: wrap;\n\t\t\tgap: 20px;\n\t\t}\n\n\t\t.box {\n\t\t\tbackground: #fff;\n\t\t\tborder-radius: 12px;\n\t\t\tpadding: 20px;\n\t\twidth: calc(33.333% - 20px);\n\t\t\tbox-shadow: 0 4px 8px rgba(0, 0, 0, 0.1);\n\t\t\tdisplay: flex;\n\t\t\tflex-direction: column;\n\t\t\ttransition: transform 0.3s;\n\t\t}\n\n\t\t.box:hover {\n\t\t\ttransform: translateY(-5px);\n\t\t}\n\n\t\t.box-title {\n\t\t\tfont-size: 20px;\n\t\t\tcolor: #0f2239;\n\t\t\tfont-weight: 600;\n\t\t\tmargin-bottom: 10px;\n\t\t}\n\n\t\t.box-content {\n\t\t\tfont-size: 16px;\n\t\t\tcolor: #333;\n\t\t}\n\n\t\t@media (max-width: 1024px) {\n\t\t\t.box {\n\t\t\t\twidth: calc(33.333% - 20px);\n\t\t\t}\n\t\t}\n\n\t\t@media (max-width: 768px) {\n\t\t\t.box {\n\t\t\t\twidth: calc(50% - 20px);\n\t\t\t}\n\t\t}\n\n\t\t@media (max-width: 480px) {\n\t\t\t.box {\n\t\t\t\twidth: 100%;\n\t\t\t}\n\t\t}\n\t<\/style>\n\t\n\t<div class=\"box-container\">\n\t\t<div class=\"box\">\n\t\t\t<div class=\"box-title\">Dil Okulu Programlar\u0131nda %50\u2018ye Varan \u0130ndirim Kampanyas\u0131!<\/div>\n\t\t\t<div class=\"box-content\">\n\t\t\t\t\u0130ngiltere - \u0130rlanda - Kanada - Amerika - Malta - Fransa - Almanya - Dubai - Avustralya - Yeni Zelanda. 14 ya\u015f ve \u00fczeri \u00f6\u011frenciler i\u00e7in t\u00fcm y\u0131l dil e\u011fitimlerinde ge\u00e7erlidir.\n\t\t\t<\/div>\n\t\t<\/div>\n\n\t\t<div class=\"box\">\n\t\t\t<div class=\"box-title\">Ye\u015fil Pasaportlulara \u00d6zel Dil Okulu Programlar\u0131nda \u00d6zel \u0130ndirim!<\/div>\n\t\t\t<div class=\"box-content\">\n\t\t\tFransa - Almanya - Malta - \u0130spanya - \u0130talya - \u0130svi\u00e7re.\n\t\t\t18 ya\u015f ve \u00fczeri \u00f6\u011frenciler i\u00e7in t\u00fcm y\u0131l\n\t\t\tdil e\u011fitimlerinde ge\u00e7erlidir.\n\t\t\t<\/div>\n\t\t<\/div>\n\n\t\t<div class=\"box\">\n\t\t\t<div class=\"box-title\">Akademik Yaz Okulu Programlar\u0131nda \u00d6zel Kontenjanla 2 Hafta \u00a36.495 yerine \u00a34.995!  Ve \u00d6zel Kontenjanla \u00a31.000 Burs F\u0131rsat\u0131! Motivasyon Mektubunuzu Hemen G\u00f6nderin!<\/div>\n\t\t\t<div class=\"box-content\">\n\t\t\tOxford, Cambridge\n\t\t\t2025 Yaz D\u00f6nemi *Kontenjanlarla\n\t\t\ts\u0131n\u0131rl\u0131d\u0131r. 13-24 ya\u015f aras\u0131\n\t\t\t\u00f6\u011frenciler i\u00e7in akademik + e\u011flenceli\n\t\t\tyaz okullar\u0131.\n\t\t\t<\/div>\n\t\t<\/div>\n\n\t\t<div class=\"box\">\n\t\t\t<div class=\"box-title\">May\u0131s ay\u0131na \u00f6zel Malta, Amerika , Almanya ve \u0130spanya\u2019da \u00d6zel \u00dcniversitelerde %35\u2019e Varan \u0130ndirim Kampanyas\u0131!<\/div>\n\t\t\t<div class=\"box-content\">\n\t\t\t\tMalta, Amerika, \u0130spanya, Almanya.\n\t\t\t\tMay\u0131s 2025 kay\u0131tlar\u0131nda ge\u00e7erlidir.\n\t\t\t    Kontenjanlarla s\u0131n\u0131rl\u0131d\u0131r.\n\t\t\t    \u0130\u015fletme ve IT b\u00f6l\u00fcmlerinde.\n<\/div>\n\t\t<\/div>\n\n\t\t<div class=\"box\">\n\t\t\t<div class=\"box-title\">\u00dccretsiz Dan\u0131\u015fmanl\u0131k! ile Yurtd\u0131\u015f\u0131 \u00dcniversite Ba\u015fvurular\u0131nda Son Ba\u015fvuru F\u0131rsatlar\u0131 \u2013 2025 Eyl\u00fcl Ba\u015flang\u0131\u00e7l\u0131!<\/div>\n\t\t\t<div class=\"box-content\">\n\t\t\t\tBu Eyl\u00fcl yurtd\u0131\u015f\u0131nda \u00fcniversite hayat\u0131n\u0131za ba\u015flamak i\u00e7in son tarihler! A2 seviyesinde \u0130ngilizce yeterli! Lise diplomas\u0131 ve not ortalamas\u0131yla ba\u015fvuru kolayl\u0131\u011f\u0131.\n\t\t\t<\/div>\n\t\t<\/div>\n\n\t\t<div class=\"box\">\n\t\t\t<div class=\"box-title\">Kanada Lise Programlar\u0131nda 2.000 CAD$ Burslu Son Kontenjan \u2013 Kanada<\/div>\n\t\t\t<div class=\"box-content\">\n\t\t\t\tIELTS + Akademik \u0130ngilizce + \u00dcniversite ba\u015fvuru deste\u011fi. Hedefinize g\u00f6re ki\u015fiselle\u015ftirilmi\u015f yol haritas\u0131, A\u011fustos ba\u015flang\u0131\u00e7l\u0131 s\u0131n\u0131rl\u0131 kontenjan.\n\t\t\t<\/div>\n\t\t<\/div>\n\t<\/div>\n\n\t\t\t\t<\/div>\n\t\t\t\t<\/div>\n\t\t\t\t\t<\/div>\n\t\t<\/div>\n\t\t\t\t\t<\/div>\n\t\t<\/section>\n\t\t\t\t<\/div>","protected":false},"excerpt":{"rendered":"<p>Dual Study Abroad G\u00fcncel Kampanyalar Kurumumuz taraf\u0131ndan yay\u0131nlanan t\u00fcm g\u00fcncel duyurulara, etkinlik ve yar\u0131\u015fma bilgilendirmelerine, burs ve ba\u015fvuru f\u0131rsatlar\u0131na ula\u015fabilirsiniz. \u00d6\u011frenci ve kat\u0131l\u0131mc\u0131lar\u0131m\u0131z\u0131n hak ve f\u0131rsatlardan zaman\u0131nda haberdar olabilmesi ad\u0131na, t\u00fcm resmi a\u00e7\u0131klamalar d\u00fczenli olarak burada payla\u015f\u0131lmaktad\u0131r. Detayl\u0131 bilgi ve ba\u015fvuru \u015fartlar\u0131 her duyurunun i\u00e7eri\u011finde ayr\u0131ca belirtilmektedir. Dil Okulu Programlar\u0131nda %50\u2018ye Varan \u0130ndirim Kampanyas\u0131! \u0130ngiltere&#8230;<\/p>","protected":false},"author":1,"featured_media":0,"parent":0,"menu_order":0,"comment_status":"closed","ping_status":"closed","template":"template-builder.php","meta":{"footnotes":""},"class_list":["post-11775","page","type-page","status-publish","hentry"],"_links":{"self":[{"href":"https:\/\/dualstudyabroad.co.uk\/en\/wp-json\/wp\/v2\/pages\/11775","targetHints":{"allow":["GET"]}}],"collection":[{"href":"https:\/\/dualstudyabroad.co.uk\/en\/wp-json\/wp\/v2\/pages"}],"about":[{"href":"https:\/\/dualstudyabroad.co.uk\/en\/wp-json\/wp\/v2\/types\/page"}],"author":[{"embeddable":true,"href":"https:\/\/dualstudyabroad.co.uk\/en\/wp-json\/wp\/v2\/users\/1"}],"replies":[{"embeddable":true,"href":"https:\/\/dualstudyabroad.co.uk\/en\/wp-json\/wp\/v2\/comments?post=11775"}],"version-history":[{"count":22,"href":"https:\/\/dualstudyabroad.co.uk\/en\/wp-json\/wp\/v2\/pages\/11775\/revisions"}],"predecessor-version":[{"id":11861,"href":"https:\/\/dualstudyabroad.co.uk\/en\/wp-json\/wp\/v2\/pages\/11775\/revisions\/11861"}],"wp:attachment":[{"href":"https:\/\/dualstudyabroad.co.uk\/en\/wp-json\/wp\/v2\/media?parent=11775"}],"curies":[{"name":"wp","href":"https:\/\/api.w.org\/{rel}","templated":true}]}}