{"id":11608,"date":"2025-05-08T23:58:25","date_gmt":"2025-05-08T20:58:25","guid":{"rendered":"https:\/\/dualstudyabroad.co.uk\/?page_id=11608"},"modified":"2025-05-09T00:00:10","modified_gmt":"2025-05-08T21:00:10","slug":"cerez-politikasi","status":"publish","type":"page","link":"https:\/\/dualstudyabroad.co.uk\/en\/cerez-politikasi\/","title":{"rendered":"\u00c7erez Politikas\u0131"},"content":{"rendered":"\t\t<div data-elementor-type=\"wp-page\" data-elementor-id=\"11608\" class=\"elementor elementor-11608\" data-elementor-post-type=\"page\">\n\t\t\t\t<div class=\"elementor-element elementor-element-d3e2aa8 e-flex e-con-boxed e-con e-parent\" data-id=\"d3e2aa8\" data-element_type=\"container\" data-e-type=\"container\">\n\t\t\t\t\t<div class=\"e-con-inner\">\n\t\t\r\n\r\n\t\t<div class=\"elementor-element elementor-element-219b116 elementor-widget elementor-widget-text-editor\" data-id=\"219b116\" data-element_type=\"widget\" data-e-type=\"widget\" data-widget_type=\"text-editor.default\">\n\t\t\t\t<div class=\"elementor-widget-container\">\n\t\t\t\t\t\t\t\t\t<h2 style=\"font-size: 30px;\">\u00c7erez Politikas\u0131 (Cookie Policy)<br \/>Y\u00fcr\u00fcrl\u00fck Tarihi: [01\/01\/2025]<\/h2><p>Bu \u00c7erez Politikas\u0131, Dual Study Abroad (\u201cbiz\u201d, \u201cbize\u201d, \u201cbizim\u201d) taraf\u0131ndan i\u015fletilen https:\/\/dualstudyabroad.co.uk web sitesi (\u201cSite\u201d) \u00fczerinde kullan\u0131lan \u00e7erezlerin (cookies) nas\u0131l ve neden kullan\u0131ld\u0131\u011f\u0131n\u0131 a\u00e7\u0131klamaktad\u0131r.<\/p><p>1.\u2060 \u2060\u00c7erez Nedir?<br \/>\u00c7erezler, web sitemizi ziyaret etti\u011finizde taray\u0131c\u0131n\u0131z taraf\u0131ndan bilgisayar\u0131n\u0131za veya mobil cihaz\u0131n\u0131za kaydedilen k\u00fc\u00e7\u00fck veri dosyalar\u0131d\u0131r. \u00c7erezler, sitemizi daha verimli hale getirmek ve kullan\u0131c\u0131 deneyiminizi geli\u015ftirmek i\u00e7in kullan\u0131l\u0131r.<\/p><p>2.\u2060 \u2060Hangi T\u00fcr \u00c7erezleri Kullan\u0131yoruz?<br \/>Sitemizde a\u015fa\u011f\u0131daki t\u00fcrde \u00e7erezler kullan\u0131lmaktad\u0131r:<\/p><p>Zorunlu (Gerekli) \u00c7erezler: Web sitesinin d\u00fczg\u00fcn \u015fekilde \u00e7al\u0131\u015fmas\u0131 i\u00e7in gereklidir. \u00d6rne\u011fin, oturum a\u00e7ma ve form doldurma gibi i\u015flemleri ger\u00e7ekle\u015ftirmenizi sa\u011flar.<\/p><p>\u0130\u015flevsel \u00c7erezler: Kullan\u0131c\u0131 tercihlerinizi hat\u0131rlamak ve daha ki\u015fiselle\u015ftirilmi\u015f bir deneyim sunmak i\u00e7in kullan\u0131l\u0131r.<\/p><p>Analitik\/Performans \u00c7erezleri: Web sitemizin nas\u0131l kullan\u0131ld\u0131\u011f\u0131n\u0131 analiz ederek performans\u0131n\u0131 \u00f6l\u00e7memize ve geli\u015ftirmemize yard\u0131mc\u0131 olur. (\u00d6rnek: Google Analytics)<\/p><p>Pazarlama \u00c7erezleri: \u0130lginizi \u00e7ekebilecek reklamlar sunmak ve reklam kampanyalar\u0131n\u0131n etkinli\u011fini \u00f6l\u00e7mek amac\u0131yla kullan\u0131l\u0131r.<\/p><p>3.\u2060 \u2060\u00c7erezleri Nas\u0131l Kullan\u0131yoruz?<br \/>\u00c7erezleri \u015fu ama\u00e7larla kullan\u0131yoruz:<\/p><p>Web sitemizin g\u00fcvenli ve h\u0131zl\u0131 \u00e7al\u0131\u015fmas\u0131n\u0131 sa\u011flamak<\/p><p>Site trafi\u011fini analiz etmek ve performans iyile\u015ftirmeleri yapmak<\/p><p>Kullan\u0131c\u0131 deneyimini geli\u015ftirmek<\/p><p>Pazarlama ve reklam faaliyetlerini optimize etmek<\/p><p>4.\u2060 \u2060\u00dc\u00e7\u00fcnc\u00fc Taraf \u00c7erezleri<br \/>Web sitemiz, hizmetlerimizi geli\u015ftirmek i\u00e7in \u00fc\u00e7\u00fcnc\u00fc taraf \u00e7erezlerinden yararlanabilir. \u00d6rne\u011fin, Google Analytics gibi analiz hizmetleri sa\u011flayan firmalar taraf\u0131ndan yerle\u015ftirilen \u00e7erezler.<\/p><p>Bu \u00fc\u00e7\u00fcnc\u00fc taraflar\u0131n \u00e7erez politikalar\u0131 hakk\u0131nda daha fazla bilgi i\u00e7in ilgili servis sa\u011flay\u0131c\u0131lar\u0131n web sitelerini ziyaret edebilirsiniz.<\/p><p>5.\u2060 \u2060\u00c7erezleri Nas\u0131l Kontrol Edebilirsiniz?<br \/>Web sitemizi ilk ziyaretinizde \u00e7erez tercihlerinizi belirleyebilir veya diledi\u011finiz zaman taray\u0131c\u0131 ayarlar\u0131n\u0131zdan \u00e7erezleri silebilir ya da engelleyebilirsiniz. Ancak \u00e7erezlerin devre d\u0131\u015f\u0131 b\u0131rak\u0131lmas\u0131, web sitemizin baz\u0131 i\u015flevlerinin d\u00fczg\u00fcn \u00e7al\u0131\u015fmamas\u0131na neden olabilir.<\/p><p>Taray\u0131c\u0131 ayarlar\u0131 hakk\u0131nda detayl\u0131 bilgiye a\u015fa\u011f\u0131daki ba\u011flant\u0131lardan ula\u015fabilirsiniz:<\/p><p>Google Chrome<\/p><p>Mozilla Firefox<\/p><p>Safari<\/p><p>Microsoft Edge<\/p><p>6.\u2060 \u2060De\u011fi\u015fiklikler<br \/>Bu \u00e7erez politikas\u0131 zaman zaman g\u00fcncellenebilir. Politikada yap\u0131lan de\u011fi\u015fiklikler sitemizde yay\u0131nland\u0131\u011f\u0131 anda y\u00fcr\u00fcrl\u00fc\u011fe girer. Bu sayfay\u0131 d\u00fczenli olarak kontrol etmenizi tavsiye ederiz.<\/p><p>7.\u2060 \u2060\u0130leti\u015fim<br \/>\u00c7erez politikam\u0131zla ilgili sorular\u0131n\u0131z i\u00e7in bizimle \u015fu adresten ileti\u015fime ge\u00e7ebilirsiniz:<br \/>\ud83d\udce7 info@dualstudyabroad.co.uk<\/p>\t\t\t\t\t\t\t\t<\/div>\n\t\t\t\t<\/div>\n\t\t\t\t\t<\/div>\n\t\t\t\t<\/div>\n\t\t\t\t<\/div>\n\t\t","protected":false},"excerpt":{"rendered":"<p>\u00c7erez Politikas\u0131 (Cookie Policy)Y\u00fcr\u00fcrl\u00fck Tarihi: [01\/01\/2025] Bu \u00c7erez Politikas\u0131, Dual Study Abroad (\u201cbiz\u201d, \u201cbize\u201d, \u201cbizim\u201d) taraf\u0131ndan i\u015fletilen https:\/\/dualstudyabroad.co.uk web sitesi (\u201cSite\u201d) \u00fczerinde kullan\u0131lan \u00e7erezlerin (cookies) nas\u0131l ve neden kullan\u0131ld\u0131\u011f\u0131n\u0131 a\u00e7\u0131klamaktad\u0131r. 1.\u2060 \u2060\u00c7erez Nedir?\u00c7erezler, web sitemizi ziyaret etti\u011finizde taray\u0131c\u0131n\u0131z taraf\u0131ndan bilgisayar\u0131n\u0131za veya mobil cihaz\u0131n\u0131za kaydedilen k\u00fc\u00e7\u00fck veri dosyalar\u0131d\u0131r. \u00c7erezler, sitemizi daha verimli hale getirmek ve kullan\u0131c\u0131&#8230;<\/p>\n","protected":false},"author":1,"featured_media":0,"parent":0,"menu_order":0,"comment_status":"closed","ping_status":"closed","template":"","meta":{"footnotes":""},"class_list":["post-11608","page","type-page","status-publish","hentry"],"_links":{"self":[{"href":"https:\/\/dualstudyabroad.co.uk\/en\/wp-json\/wp\/v2\/pages\/11608","targetHints":{"allow":["GET"]}}],"collection":[{"href":"https:\/\/dualstudyabroad.co.uk\/en\/wp-json\/wp\/v2\/pages"}],"about":[{"href":"https:\/\/dualstudyabroad.co.uk\/en\/wp-json\/wp\/v2\/types\/page"}],"author":[{"embeddable":true,"href":"https:\/\/dualstudyabroad.co.uk\/en\/wp-json\/wp\/v2\/users\/1"}],"replies":[{"embeddable":true,"href":"https:\/\/dualstudyabroad.co.uk\/en\/wp-json\/wp\/v2\/comments?post=11608"}],"version-history":[{"count":10,"href":"https:\/\/dualstudyabroad.co.uk\/en\/wp-json\/wp\/v2\/pages\/11608\/revisions"}],"predecessor-version":[{"id":11620,"href":"https:\/\/dualstudyabroad.co.uk\/en\/wp-json\/wp\/v2\/pages\/11608\/revisions\/11620"}],"wp:attachment":[{"href":"https:\/\/dualstudyabroad.co.uk\/en\/wp-json\/wp\/v2\/media?parent=11608"}],"curies":[{"name":"wp","href":"https:\/\/api.w.org\/{rel}","templated":true}]}}