{"id":11492,"date":"2025-05-07T21:31:04","date_gmt":"2025-05-07T18:31:04","guid":{"rendered":"https:\/\/dualstudyabroad.co.uk\/?page_id=11492"},"modified":"2025-05-07T21:37:02","modified_gmt":"2025-05-07T18:37:02","slug":"uluslararasi-universite-siralamalari","status":"publish","type":"page","link":"https:\/\/dualstudyabroad.co.uk\/en\/uluslararasi-universite-siralamalari\/","title":{"rendered":"Uluslararas\u0131 \u00dcniversite S\u0131ralamalar\u0131"},"content":{"rendered":"<div data-elementor-type=\"wp-page\" data-elementor-id=\"11492\" class=\"elementor elementor-11492\" data-elementor-post-type=\"page\">\n\t\t\t\t<div class=\"elementor-element elementor-element-003fe36 e-flex e-con-boxed e-con e-parent\" data-id=\"003fe36\" data-element_type=\"container\" data-e-type=\"container\">\n\t\t\t\t\t<div class=\"e-con-inner\">\n\t\t\r\n\r\n\t\t<div class=\"elementor-element elementor-element-1dd5263 elementor-widget elementor-widget-edurasectiontitle\" data-id=\"1dd5263\" data-element_type=\"widget\" data-e-type=\"widget\" data-widget_type=\"edurasectiontitle.default\">\n\t\t\t\t<div class=\"elementor-widget-container\">\n\t\t\t\t\t<div class=\"title-area mb-25\" ><span class=\"sub-title subtitle-selector\">Dual Study Abroad<\/span><h2 class=\"sec-title title-selector\">Uluslararas\u0131 \u00dcniversite S\u0131ralamalar\u0131\n<\/h2><p class=\"desc-selector\">K\u00fcresel d\u00fczeyde \u00fcniversite tercihinde bulunan \u00f6\u011frenciler i\u00e7in en g\u00fcvenilir kaynaklardan biri uluslararas\u0131 \u00fcniversite s\u0131ralamalar\u0131d\u0131r. Bu s\u0131ralamalar; e\u011fitim kalitesi, akademik ba\u015far\u0131lar, uluslararas\u0131 tan\u0131n\u0131rl\u0131k ve mezun ba\u015far\u0131s\u0131 gibi bir\u00e7ok fakt\u00f6r\u00fc temel alarak d\u00fcnya genelindeki \u00fcniversiteleri kar\u015f\u0131la\u015ft\u0131r\u0131r. \u00d6zellikle yurtd\u0131\u015f\u0131nda lisans, y\u00fcksek lisans veya doktora e\u011fitimi almay\u0131 planlayan adaylar i\u00e7in bu s\u0131ralamalar yol g\u00f6sterici bir rol \u00fcstlenir.\n\n<\/p><\/div>\t\t\t\t<\/div>\n\t\t\t\t<\/div>\n\t\t\t\t<div class=\"elementor-element elementor-element-7d0b7e8 elementor-widget elementor-widget-html\" data-id=\"7d0b7e8\" data-element_type=\"widget\" data-e-type=\"widget\" data-widget_type=\"html.default\">\n\t\t\t\t<div class=\"elementor-widget-container\">\n\t\t\t\t\t\n\t<style>\n\t\t.link-container {\n\t\t\tdisplay: flex;\n\t\t\tflex-wrap: wrap;\n\t\t\t\/* Kutular s\u0131\u011fmazsa alt sat\u0131ra ge\u00e7sin *\/\n\t\t\tjustify-content: center;\n\t\t\t\/* Kutular\u0131 yatayda ortala *\/\n\t\t\tgap: 30px;\n\t\t\t\/* Kutular aras\u0131 bo\u015fluk art\u0131r\u0131ld\u0131 *\/\n\t\t\tpadding: 20px;\n\t\t\tmax-width: 1000px;\n\t\t\t\/* Konteyner i\u00e7in maksimum geni\u015flik, 3 kutu i\u00e7in ayarland\u0131 *\/\n\t\t\twidth: 100%;\n\t\t}\n\n\t\t.link-box {\n\t\t\tbackground-color: #183041;\n\t\t\t\/* \u0130kincil renk - Kutu arka plan\u0131 *\/\n\t\t\tcolor: #f0f0f0;\n\t\t\t\/* Kutu yaz\u0131 rengi *\/\n\t\t\tpadding: 30px 35px;\n\t\t\t\/* \u0130\u00e7 bo\u015fluk biraz art\u0131r\u0131ld\u0131 *\/\n\t\t\tborder-radius: 12px;\n\t\t\t\/* K\u00f6\u015feleri biraz daha yuvarlat *\/\n\t\t\ttext-decoration: none;\n\t\t\t\/* Link alt \u00e7izgisini kald\u0131r *\/\n\t\t\tdisplay: flex;\n\t\t\tflex-direction: column;\n\t\t\talign-items: center;\n\t\t\tjustify-content: center;\n\t\t\ttext-align: center;\n\t\t\twidth: 260px;\n\t\t\t\/* Geni\u015flik 3 kutu i\u00e7in ayarland\u0131 *\/\n\t\t\tmin-height: 170px;\n\t\t\t\/* Minimum y\u00fckseklik ayarland\u0131 *\/\n\t\t\tbox-shadow: 0 6px 18px rgba(0, 0, 0, 0.22);\n\t\t\t\/* G\u00f6lge biraz daha belirgin *\/\n\t\t\ttransition: transform 0.3s ease, box-shadow 0.3s ease, border-color 0.3s ease;\n\t\t\tborder: 2px solid transparent;\n\t\t}\n\n\t\t.link-box:hover {\n\t\t\ttransform: translateY(-6px);\n\t\t\t\/* Hafif yukar\u0131 kalkma efekti *\/\n\t\t\tbox-shadow: 0 10px 25px rgba(0, 0, 0, 0.3);\n\t\t\tborder-color: #92251E;\n\t\t\t\/* Birincil renk ile hover'da border *\/\n\t\t}\n\n\t\t.link-box h3 {\n\t\t\tmargin-top: 0;\n\t\t\tmargin-bottom: 12px;\n\t\t\tfont-size: 1.5em;\n\t\t\t\/* Ba\u015fl\u0131k font boyutu *\/\n\t\t\tcolor: #FFFFFF;\n\t\t}\n\n\t\t.link-box p {\n\t\t\tmargin: 0;\n\t\t\tfont-size: 0.9em;\n\t\t\t\/* A\u00e7\u0131klama font boyutu *\/\n\t\t\tcolor: #bdc3c7;\n\t\t\tline-height: 1.4;\n\t\t\t\/* A\u00e7\u0131klama sat\u0131r y\u00fcksekli\u011fi *\/\n\t\t}\n\n\t\t\/* Mobil uyumluluk *\/\n\t\t@media (max-width: 900px) {\n\t\t\t.link-container {\n\t\t\t\tflex-direction: column;\n\t\t\t\t\/* Mobilde kutular\u0131 alt alta s\u0131rala *\/\n\t\t\t\talign-items: center;\n\t\t\t\t\/* Mobilde kutular\u0131 ortala *\/\n\t\t\t\tgap: 20px;\n\t\t\t}\n\n\t\t\t.link-box {\n\t\t\t\twidth: 80%;\n\t\t\t\t\/* Mobilde geni\u015flik ayar\u0131 *\/\n\t\t\t\tmax-width: 350px;\n\t\t\t\t\/* Mobilde maksimum geni\u015flik *\/\n\t\t\t\tmin-height: auto;\n\t\t\t\t\/* Y\u00fcksekli\u011fi i\u00e7eri\u011fe g\u00f6re ayarla *\/\n\t\t\t\tpadding: 25px;\n\t\t\t}\n\t\t}\n\n\t\t@media (max-width: 480px) {\n\t\t\t.link-box h3 {\n\t\t\t\tfont-size: 1.3em;\n\t\t\t}\n\n\t\t\t.link-box p {\n\t\t\t\tfont-size: 0.85em;\n\t\t\t}\n\t\t}\n\t<\/style>\n\n\t<div class=\"link-container\">\n\t\t<a href=\"https:\/\/www.timeshighereducation.com\/world-university-rankings\/latest\/world-ranking\" class=\"link-box\"\n\t\t\ttarget=\"_blank\" rel=\"noopener noreferrer\">\n\t\t\t<h3>Times Higher Education<\/h3>\n\t\t\t<p>En G\u00fcncel D\u00fcnya \u00dcniversite S\u0131ralamalar\u0131<\/p>\n\t\t<\/a>\n\n\t\t<a href=\"https:\/\/www.topuniversities.com\/qs-world-university-rankings\" class=\"link-box\" target=\"_blank\"\n\t\t\trel=\"noopener noreferrer\">\n\t\t\t<h3>QS World Ranking<\/h3>\n\t\t\t<p>QS D\u00fcnya \u00dcniversite S\u0131ralamalar\u0131 ve Kar\u015f\u0131la\u015ft\u0131rmalar\u0131<\/p>\n\t\t<\/a>\n\n\t\t<a href=\"https:\/\/edurank.org\/geo\/\" class=\"link-box\" target=\"_blank\" rel=\"noopener noreferrer\">\n\t\t\t<h3>EduRank<\/h3>\n\t\t\t<p>B\u00f6lgesel, \u00dclke ve D\u00fcnya Bazl\u0131 \u00dcniversite S\u0131ralamalar\u0131<\/p>\n\t\t<\/a>\n\t<\/div>\t\t\t\t<\/div>\n\t\t\t\t<\/div>\n\t\t\t\t\t<\/div>\n\t\t\t\t<\/div>\n\t\t\t\t<\/div>","protected":false},"excerpt":{"rendered":"<p>Dual Study Abroad Uluslararas\u0131 \u00dcniversite S\u0131ralamalar\u0131 K\u00fcresel d\u00fczeyde \u00fcniversite tercihinde bulunan \u00f6\u011frenciler i\u00e7in en g\u00fcvenilir kaynaklardan biri uluslararas\u0131 \u00fcniversite s\u0131ralamalar\u0131d\u0131r. Bu s\u0131ralamalar; e\u011fitim kalitesi, akademik ba\u015far\u0131lar, uluslararas\u0131 tan\u0131n\u0131rl\u0131k ve mezun ba\u015far\u0131s\u0131 gibi bir\u00e7ok fakt\u00f6r\u00fc temel alarak d\u00fcnya genelindeki \u00fcniversiteleri kar\u015f\u0131la\u015ft\u0131r\u0131r. \u00d6zellikle yurtd\u0131\u015f\u0131nda lisans, y\u00fcksek lisans veya doktora e\u011fitimi almay\u0131 planlayan adaylar i\u00e7in bu s\u0131ralamalar yol&#8230;<\/p>","protected":false},"author":1,"featured_media":0,"parent":0,"menu_order":0,"comment_status":"closed","ping_status":"closed","template":"template-builder.php","meta":{"footnotes":""},"class_list":["post-11492","page","type-page","status-publish","hentry"],"_links":{"self":[{"href":"https:\/\/dualstudyabroad.co.uk\/en\/wp-json\/wp\/v2\/pages\/11492","targetHints":{"allow":["GET"]}}],"collection":[{"href":"https:\/\/dualstudyabroad.co.uk\/en\/wp-json\/wp\/v2\/pages"}],"about":[{"href":"https:\/\/dualstudyabroad.co.uk\/en\/wp-json\/wp\/v2\/types\/page"}],"author":[{"embeddable":true,"href":"https:\/\/dualstudyabroad.co.uk\/en\/wp-json\/wp\/v2\/users\/1"}],"replies":[{"embeddable":true,"href":"https:\/\/dualstudyabroad.co.uk\/en\/wp-json\/wp\/v2\/comments?post=11492"}],"version-history":[{"count":13,"href":"https:\/\/dualstudyabroad.co.uk\/en\/wp-json\/wp\/v2\/pages\/11492\/revisions"}],"predecessor-version":[{"id":11505,"href":"https:\/\/dualstudyabroad.co.uk\/en\/wp-json\/wp\/v2\/pages\/11492\/revisions\/11505"}],"wp:attachment":[{"href":"https:\/\/dualstudyabroad.co.uk\/en\/wp-json\/wp\/v2\/media?parent=11492"}],"curies":[{"name":"wp","href":"https:\/\/api.w.org\/{rel}","templated":true}]}}